{"id":998,"date":"2016-08-17T11:51:18","date_gmt":"2016-08-17T11:51:18","guid":{"rendered":"http:\/\/new.wtfsales.com.ar\/productos\/?post_type=product&#038;p=998"},"modified":"2022-02-21T19:18:40","modified_gmt":"2022-02-21T19:18:40","slug":"magic-troll-retro-1980-original-bombero","status":"publish","type":"product","link":"https:\/\/www.wtfsales.com.ar\/productos\/index.php\/producto\/magic-troll-retro-1980-original-bombero\/","title":{"rendered":"Magic Troll &#8211; Retro 1980 Original &#8211; Bombero"},"content":{"rendered":"<div>Magic troll , originalmente conocidos como duendes y tambi\u00e9n conocido como Trolls , Gonks, Wishniks , los trolls del tesoro , y Norfins , se convirti\u00f3 en una de las modas de los Estados Unidos en juguetes a partir del oto\u00f1o de 1963 a 1965.<\/div>\n<div><\/div>\n<div>Los trolls se convirti\u00f3 en moda de nuevo a lo largo de los a\u00f1os 1970, 1980 y 1990, con hasta diez fabricantes diferentes (tales como Russ Berrie , del Pac\u00edfico Jakks , Aplausos , Hasbro , Mattel , Nyform, Trollkins y la novedad As) la creaci\u00f3n de ellos.<\/div>\n<div><\/div>\n<div>En 2003, Toy Industry Association lo voto entre los 100 juguetes m\u00e1s memorables y m\u00e1s creativos del siglo 20<\/div>\n","protected":false},"excerpt":{"rendered":"<p>Magic troll , originalmente conocidos como duendes y tambi\u00e9n conocido como Trolls , Gonks, Wishniks , los trolls del tesoro , y Norfins , se convirti\u00f3 en una de las<\/p>\n","protected":false},"featured_media":4012,"comment_status":"open","ping_status":"closed","template":"","meta":[],"product_cat":[417,410],"product_tag":[170,169,150],"_links":{"self":[{"href":"https:\/\/www.wtfsales.com.ar\/productos\/index.php\/wp-json\/wp\/v2\/product\/998"}],"collection":[{"href":"https:\/\/www.wtfsales.com.ar\/productos\/index.php\/wp-json\/wp\/v2\/product"}],"about":[{"href":"https:\/\/www.wtfsales.com.ar\/productos\/index.php\/wp-json\/wp\/v2\/types\/product"}],"replies":[{"embeddable":true,"href":"https:\/\/www.wtfsales.com.ar\/productos\/index.php\/wp-json\/wp\/v2\/comments?post=998"}],"wp:featuredmedia":[{"embeddable":true,"href":"https:\/\/www.wtfsales.com.ar\/productos\/index.php\/wp-json\/wp\/v2\/media\/4012"}],"wp:attachment":[{"href":"https:\/\/www.wtfsales.com.ar\/productos\/index.php\/wp-json\/wp\/v2\/media?parent=998"}],"wp:term":[{"taxonomy":"product_cat","embeddable":true,"href":"https:\/\/www.wtfsales.com.ar\/productos\/index.php\/wp-json\/wp\/v2\/product_cat?post=998"},{"taxonomy":"product_tag","embeddable":true,"href":"https:\/\/www.wtfsales.com.ar\/productos\/index.php\/wp-json\/wp\/v2\/product_tag?post=998"}],"curies":[{"name":"wp","href":"https:\/\/api.w.org\/{rel}","templated":true}]}}