{"id":908,"date":"2016-08-16T17:25:40","date_gmt":"2016-08-16T17:25:40","guid":{"rendered":"http:\/\/new.wtfsales.com.ar\/productos\/?post_type=product&#038;p=908"},"modified":"2022-02-21T19:14:42","modified_gmt":"2022-02-21T19:14:42","slug":"kaya-one-piece","status":"publish","type":"product","link":"https:\/\/www.wtfsales.com.ar\/productos\/index.php\/producto\/kaya-one-piece\/","title":{"rendered":"Kaya &#8211; One Piece"},"content":{"rendered":"<div>9 cm x 5 cm x 3 cm<\/div>\n<div><\/div>\n<div><\/div>\n<div>Kaya es bastante alta, delgada, de tez p\u00e1lida y es una muchacha de cabello rubio. Ella es bonita y sin embargo a pesar de su fortuna es rara vez visto en otra cosa que la ropa limpia sencilla, ya sea un sencillo vestido largo o la ropa \u00abcom\u00fan\u00bb como una falda y una chaqueta.<\/div>\n<div>Personalidad<\/div>\n<div>Kaya es una ni\u00f1a rica que lleva una vida (ahora) feliz y saludable con poco cuidado. Cuando se introdujo por primera vez era una ni\u00f1a enfermiza, pero luego resulta que no era m\u00e1s que preocupante en s\u00ed misma enfermedad. Ella es alegre conf\u00eda mucho con los dem\u00e1s.<\/div>\n<div>Relaciones<\/div>\n<div>Amigos<\/div>\n<div><\/div>\n<div>Kaya escuchando las \u00abAventuras\u00bb de Usopp<\/div>\n<div>Kaya est\u00e1 en deuda con su amigo Usopp y se ha encari\u00f1ado con \u00e9l mucho desde que empez\u00f3 a animarla por la muerte de su padre. Ella estaba dispuesta a escuchar los cuentos Usopp sabiendo que eran una mentira, pero es incapaz de creerle cuando Usopp le advierte que Kuro es un pirata. Desde el incidente de Kuro, ella entiende que \u00e9l quiere que ella s\u00f3lo este segura y feliz. Ella hizo una promesa de no contar a nadie sobre el ataque de los Piratas del Gato Negro.<\/div>\n<div><\/div>\n<div>Familia<\/div>\n<div>Su familia ya falleci\u00f3 hace tiempo eran el padre de Kaya y la madre de Kaya.<\/div>\n<div><\/div>\n<div>Fue cuidada por el ex-capit\u00e1n Kuro al que gracias a sus planes hizo creer que estaba muerto y apareci\u00f3 ante su casa muerto de hambre y all\u00ed le dieron trabajo como mayordomo.<\/div>\n<div><\/div>\n<div>Kaya preparada para escuchar las historias de Usopp.A\u00f1os mas tarde Calajadol (Kuro) que es el nombre que utilizo para que nadie sospechara de el, dio fiesta a todos los sirvientes de la casa y intento matar a Kaya despu\u00e9s de que ella le firmara el testamento para quedarse a vivir en el pueblo con la fortuna de Kaya con la excusa de que ella hab\u00eda muerto porque hab\u00edan atacado el pueblo unos piratas. Este plan fue descubierto y Luffy venci\u00f3 a Kuro.<\/div>\n<div><\/div>\n<div>Despedida Usopp<\/div>\n<div><\/div>\n<div>Su mayordomo Merry regal\u00f3 a Luffy y sus amigos su barco el Going Merry. Es una de las pocas personas que saben que Usopp dec\u00eda la verdad acerca de Kuro.<\/div>\n<div><\/div>\n<div>La recompensa de Sogeking<\/div>\n<div><\/div>\n<div>Su siguiente aparici\u00f3n es en el Episodio 324, donde se reparten las recompensas de los Sombrero de paja despu\u00e9s del asalto a Enies Lobby, cuando, los \u00abpiratas de usopp\u00bb reconocieron a Usopp (ya que en el cartel de \u00abse busca\u00bb aparece Usopp con la m\u00e1scara y el alias de \u00absogeking\u00bb que significa \u00abRey de los Tiradores \u00ab), se ve cuando kaya reconoce a Usopp, cuando los Piratas de usopp dicen que nadie les cree en el pueblo y que la m\u00e1scara rara est\u00e1 genial (aunque son comunes en Water 7), mientras Kaya decide seguir estudiando diciendo que Usopp vendr\u00e1 alg\u00fan d\u00eda, y si est\u00e1 herido ella lo va a curar.<\/div>\n<div><\/div>\n<div>2 a\u00f1os despues<\/div>\n<div><\/div>\n<div>Se le ve estudiando medicina con una gran cantidad de libros entre los que se encontraba el peri\u00f3dicos con las noticias, est\u00e1 ya convertida en toda una mujer y posee muchos pretendientes a los cuales Merry est\u00e1 echando.<\/div>\n","protected":false},"excerpt":{"rendered":"<p>9 cm x 5 cm x 3 cm Kaya es bastante alta, delgada, de tez p\u00e1lida y es una muchacha de cabello rubio. Ella es bonita y sin embargo a<\/p>\n","protected":false},"featured_media":3800,"comment_status":"open","ping_status":"closed","template":"","meta":[],"product_cat":[408],"product_tag":[158,157,156,159],"_links":{"self":[{"href":"https:\/\/www.wtfsales.com.ar\/productos\/index.php\/wp-json\/wp\/v2\/product\/908"}],"collection":[{"href":"https:\/\/www.wtfsales.com.ar\/productos\/index.php\/wp-json\/wp\/v2\/product"}],"about":[{"href":"https:\/\/www.wtfsales.com.ar\/productos\/index.php\/wp-json\/wp\/v2\/types\/product"}],"replies":[{"embeddable":true,"href":"https:\/\/www.wtfsales.com.ar\/productos\/index.php\/wp-json\/wp\/v2\/comments?post=908"}],"wp:featuredmedia":[{"embeddable":true,"href":"https:\/\/www.wtfsales.com.ar\/productos\/index.php\/wp-json\/wp\/v2\/media\/3800"}],"wp:attachment":[{"href":"https:\/\/www.wtfsales.com.ar\/productos\/index.php\/wp-json\/wp\/v2\/media?parent=908"}],"wp:term":[{"taxonomy":"product_cat","embeddable":true,"href":"https:\/\/www.wtfsales.com.ar\/productos\/index.php\/wp-json\/wp\/v2\/product_cat?post=908"},{"taxonomy":"product_tag","embeddable":true,"href":"https:\/\/www.wtfsales.com.ar\/productos\/index.php\/wp-json\/wp\/v2\/product_tag?post=908"}],"curies":[{"name":"wp","href":"https:\/\/api.w.org\/{rel}","templated":true}]}}