{"id":895,"date":"2016-08-16T17:10:01","date_gmt":"2016-08-16T17:10:01","guid":{"rendered":"http:\/\/new.wtfsales.com.ar\/productos\/?post_type=product&#038;p=895"},"modified":"2022-02-21T19:03:55","modified_gmt":"2022-02-21T19:03:55","slug":"usopp-one-piece","status":"publish","type":"product","link":"https:\/\/www.wtfsales.com.ar\/productos\/index.php\/producto\/usopp-one-piece\/","title":{"rendered":"Usopp &#8211; One Piece"},"content":{"rendered":"<p>Usopp (\u30a6\u30bd\u30c3\u30d7, Usoppu), Usuff en Espa\u00f1a, es un personaje del Manga One Piece. Naci\u00f3 en el mar llamado East Blue.<\/p>\n<p>&nbsp;<\/p>\n<div>9 Cm x 8 cm x 3 cm<\/div>\n<div><\/div>\n<div>Fue el cuarto miembro en unirse a la tripulaci\u00f3n de Luffy y el tercero de forma oficial tras la confrontaci\u00f3n que tuvieron con el capit\u00e1n Kuro. Es el tirador de la tripulaci\u00f3n. Su sue\u00f1o es llegar a ser un gran pirata como su padre Yasopp, tripulante de la banda de piratas de Shanks \u00abel Pelirrojo\u00bb. Tambi\u00e9n desea conocer alg\u00fan d\u00eda la tierra de los valerosos gigantes: Elbaf. Es el responsable de que la banda de Luffy obtuviera el barco Going Merry ya que fue un regalo de Kaya, amiga de Usopp. Su amor hacia el Going Merry hizo que \u00e9l se marchara de la tripulaci\u00f3n y peleara con Luffy; para luego volver despu\u00e9s al darse cuenta de que a ellos tambi\u00e9n les cost\u00f3 renunciar al Going Merry y que no pod\u00eda estar sin ellos.<\/div>\n<div>Adem\u00e1s de ser un gran mentiroso y cobarde (Antes de volverse m\u00e1s fuerte) era considerado el tripulante m\u00e1s d\u00e9bil de la banda. Cuando la banda se enfrenta a alguien poderoso, Usopp tiende a huir y esconderse, pero cuando el rival es derrotado se jacta de haber hecho \u00e9l todo el trabajo. Cuando se encuentran navegando se dedica a jugar con Luffy (quien es su mejor amigo) y Tony Tony Chopper, lo que irrita a los dem\u00e1s, especialmente a Nami. Usopp suele huir de las situaciones de peligro, pero no duda en arriesgar su vida por sus compa\u00f1eros y por personas m\u00e1s d\u00e9biles que \u00e9l (aunque s\u00f3lo si es totalmente necesario). Usopp es el tercer tripulante m\u00e1s joven (s\u00f3lo por un mes m\u00e1s que Luffy).<\/div>\n<div>Seg\u00fan Oda, su comida favorita es lucio (de una isla de oto\u00f1o) y pescado de temporada (raz\u00f3n por la que posiblemente se le ve pescando, aunque normalmente s\u00f3lo consigue peces peque\u00f1os, lo que ocasiona las risas de Luffy.<\/div>\n<div>Tambi\u00e9n, en muchos cap\u00edtulos de la serie hace referencia a componentes de la religi\u00f3n Isl\u00e1mica o Musulmana, de lo que podr\u00eda deducirse que posiblemente es Musulm\u00e1n.<\/div>\n<div>Debido a su participaci\u00f3n en el ataque a la isla Enies Lobby y por haber quemado la bandera del Gobierno Mundial; Usopp obtuvo una recompensa sobre su cabeza de 30 millones de berries (aunque, oficialmente, es alguien sin recompensa ya que a quien se busca es a Sogeking, su alter-ego).<\/div>\n","protected":false},"excerpt":{"rendered":"<p>Usopp (\u30a6\u30bd\u30c3\u30d7, Usoppu), Usuff en Espa\u00f1a, es un personaje del Manga One Piece. Naci\u00f3 en el mar llamado East Blue. &nbsp; 9 Cm x 8 cm x 3 cm Fue<\/p>\n","protected":false},"featured_media":3798,"comment_status":"open","ping_status":"closed","template":"","meta":[],"product_cat":[408],"product_tag":[158,154,157,156,159],"_links":{"self":[{"href":"https:\/\/www.wtfsales.com.ar\/productos\/index.php\/wp-json\/wp\/v2\/product\/895"}],"collection":[{"href":"https:\/\/www.wtfsales.com.ar\/productos\/index.php\/wp-json\/wp\/v2\/product"}],"about":[{"href":"https:\/\/www.wtfsales.com.ar\/productos\/index.php\/wp-json\/wp\/v2\/types\/product"}],"replies":[{"embeddable":true,"href":"https:\/\/www.wtfsales.com.ar\/productos\/index.php\/wp-json\/wp\/v2\/comments?post=895"}],"wp:featuredmedia":[{"embeddable":true,"href":"https:\/\/www.wtfsales.com.ar\/productos\/index.php\/wp-json\/wp\/v2\/media\/3798"}],"wp:attachment":[{"href":"https:\/\/www.wtfsales.com.ar\/productos\/index.php\/wp-json\/wp\/v2\/media?parent=895"}],"wp:term":[{"taxonomy":"product_cat","embeddable":true,"href":"https:\/\/www.wtfsales.com.ar\/productos\/index.php\/wp-json\/wp\/v2\/product_cat?post=895"},{"taxonomy":"product_tag","embeddable":true,"href":"https:\/\/www.wtfsales.com.ar\/productos\/index.php\/wp-json\/wp\/v2\/product_tag?post=895"}],"curies":[{"name":"wp","href":"https:\/\/api.w.org\/{rel}","templated":true}]}}