{"id":892,"date":"2016-08-16T17:06:14","date_gmt":"2016-08-16T17:06:14","guid":{"rendered":"http:\/\/new.wtfsales.com.ar\/productos\/?post_type=product&#038;p=892"},"modified":"2022-02-21T19:01:51","modified_gmt":"2022-02-21T19:01:51","slug":"viking-one-piece","status":"publish","type":"product","link":"https:\/\/www.wtfsales.com.ar\/productos\/index.php\/producto\/viking-one-piece\/","title":{"rendered":"Viking &#8211; One Piece"},"content":{"rendered":"<div>9 Cm x 8 cm x 3 cm<\/div>\n<div><\/div>\n<div>\u00bfSab\u00edas qu\u00e9&#8230;<\/div>\n<div><\/div>\n<div>El manga One Piece es el manga mas vendido de Japon y en la historia de la Semanal Shonen Jump, siendo el manga mas vendido en 2007, 2008, 2009, 2010 y 2011?<\/div>\n<div><\/div>\n<div>El Going Merry posee 5 ca\u00f1ones, 2 a los lados y uno al frente?<\/div>\n<div><\/div>\n<div>De acuerdo con Mr. 2 Bon Kure, la nariz de Usopp es la mas extra\u00f1a del mundo?<\/div>\n<div><\/div>\n<div>Fisher Tiger muri\u00f3 en pelea porque se neg\u00f3 a hacerse un transfusi\u00f3n de sangre?<\/div>\n<div><\/div>\n<div>La Isla Gyojin se encuentra a 10.000 metros bajo el mar y Mariejois el cual se encuentra en el Red Line esta a 10.000 metros sobre el nivel del mar, haciendo una distancia entre 20.000 metros entre la Isla Gyojin y Mariejois, y que ademas el Red Line es indestructible?<\/div>\n<div><\/div>\n<div>La Marine usa Kairouseki debajo del barco para atravesar el Calm Belt sin atraer a los Reyes marinos?<\/div>\n<div><\/div>\n<div>Los Planos del arma Plut\u00f3n que buscaba Crocodile fueron quemados por Franky?<\/div>\n<div><\/div>\n<div>Todos los marines con rango de Vicealmirante o superior de la Marine poseen haki?<\/div>\n<div><\/div>\n<div>Smoker est\u00e1 haciendo el papel de Garp que persegu\u00eda a Roger persigiendo a Luffy?<\/div>\n<div><\/div>\n<div>La piton gigante, Nola es el animal mas longevo de la historia de One Piece con 402 a\u00f1os?<\/div>\n<div><\/div>\n<div>Rob Lucci a sido el unico personaje en dejar al borde de la muerte a Luffy con solo la fuerza bruta y sin poseer un poder de la Logia?<\/div>\n<div><\/div>\n<div>Seg\u00fan el Cross Epoch, Luffy puede volar la nube Kinton, lo que significa que tiene un coraz\u00f3n puro?<\/div>\n<div><\/div>\n<div>La cicatriz de Luffy debajo de su ojo derecho se la hizo el mismo para demostrar su valentia a Shanks?<\/div>\n<div><\/div>\n<div>Que a todas las personas que fueron a ser juzgadas a la isla judicial Enies Lobby, a ninguna se le ha declarado inocente?<\/div>\n","protected":false},"excerpt":{"rendered":"<p>9 Cm x 8 cm x 3 cm \u00bfSab\u00edas qu\u00e9&#8230; El manga One Piece es el manga mas vendido de Japon y en la historia de la Semanal Shonen Jump,<\/p>\n","protected":false},"featured_media":3797,"comment_status":"open","ping_status":"closed","template":"","meta":[],"product_cat":[408],"product_tag":[158,157,156,159,149],"_links":{"self":[{"href":"https:\/\/www.wtfsales.com.ar\/productos\/index.php\/wp-json\/wp\/v2\/product\/892"}],"collection":[{"href":"https:\/\/www.wtfsales.com.ar\/productos\/index.php\/wp-json\/wp\/v2\/product"}],"about":[{"href":"https:\/\/www.wtfsales.com.ar\/productos\/index.php\/wp-json\/wp\/v2\/types\/product"}],"replies":[{"embeddable":true,"href":"https:\/\/www.wtfsales.com.ar\/productos\/index.php\/wp-json\/wp\/v2\/comments?post=892"}],"wp:featuredmedia":[{"embeddable":true,"href":"https:\/\/www.wtfsales.com.ar\/productos\/index.php\/wp-json\/wp\/v2\/media\/3797"}],"wp:attachment":[{"href":"https:\/\/www.wtfsales.com.ar\/productos\/index.php\/wp-json\/wp\/v2\/media?parent=892"}],"wp:term":[{"taxonomy":"product_cat","embeddable":true,"href":"https:\/\/www.wtfsales.com.ar\/productos\/index.php\/wp-json\/wp\/v2\/product_cat?post=892"},{"taxonomy":"product_tag","embeddable":true,"href":"https:\/\/www.wtfsales.com.ar\/productos\/index.php\/wp-json\/wp\/v2\/product_tag?post=892"}],"curies":[{"name":"wp","href":"https:\/\/api.w.org\/{rel}","templated":true}]}}