{"id":889,"date":"2016-08-16T17:01:59","date_gmt":"2016-08-16T17:01:59","guid":{"rendered":"http:\/\/new.wtfsales.com.ar\/productos\/?post_type=product&#038;p=889"},"modified":"2022-02-21T18:50:48","modified_gmt":"2022-02-21T18:50:48","slug":"zidane-final-fantasy-dissidia","status":"publish","type":"product","link":"https:\/\/www.wtfsales.com.ar\/productos\/index.php\/producto\/zidane-final-fantasy-dissidia\/","title":{"rendered":"Zidane Final &#8211; Fantasy Dissidia"},"content":{"rendered":"<div>14.5 cm (alto) x 10 cm x 5 cm<\/div>\n<div><\/div>\n<div>Zidane Tribal FFIX:<\/div>\n<div><\/div>\n<div>\u00abFinal Fantasy IX se sit\u00faa en un mundo llamado Gaia (al igual que en FF1), y que se encuentra en el tiempo medieval, dividido en 4 distintas y apacibles regiones. Zidane Tribal, el protagonista, proviene del Reino de Lindblum, una tierra de paz liderada por un hombre llamado Cid (otro aspecto de vuelta obligada en la saga). A la reina de una regi\u00f3n vecina, Alejandr\u00eda, le ha ocurrido alg\u00fan tipo de trastorno que le ha causado el dar \u00f3rdenes a determinados grupos que ha contratado, para que ataquen a los reinos vecinos.<\/div>\n<div><\/div>\n<div>Este suceso no le hace mucha gracia a Cid, por lo que decide contratar y enviar a un grupo de bandidos (los cuales viajan en el teatro-volador Prima Vista, (que en verdad es su cuartel general), para que secuestren a la princesa de Alejandr\u00eda: Garnet Tale Alexandros, la 17\u00aa. El caballero real de Alejandr\u00eda, Adelbert Steiner, encargado de la protecci\u00f3n de la princesa, y la propia, deciden unirse por su propio pie al grupo de bandidos al reconocer por ellos mismos que la reina no sigue en sus casillas. Entre el grupo de bandidos, destaca Zidane, el protagonista.<\/div>\n<div><\/div>\n<div>Pero esto no le hace ninguna gracia a la reina, que env\u00eda a una armada de Magos Negros (temidos y respetados en todo Gaia), para que acaben con Lindblum y regresen a la princesa.Aqu\u00ed entra Vivi, un mago negro de tan solo 9 a\u00f1os que se encuentra neutral y paralelo en esta \u00abguerra\u00bb, y que decide por \u00faltimo unirse al grupo formado por Zidane, Garnet y Steiner, y huir de las tierras.\u00bb<\/div>\n<div><\/div>\n<div>Zidane Tribal es el personaje principal del videojuego Final Fantasy IX. Zidane es una persona de clase baja que pertenece a la banda criminal Tantalus, una banda que planea secuestrar a Garnet Von Alexandros, la hija de Brahne. Zidane es extrovertido y muy activo, cosa que le molesta a Adalbert Steiner, el \u00abguardaespaldas\u00bb de Garnet. Zidane no sabe donde naci\u00f3, solo recuerda una luz azul grande y la banda Tantalus lo adopt\u00f3 cuando \u00e9l era solo un cr\u00edo. Una de sus peculiaridades es que tiene cola. Zidane tiene 16 a\u00f1os por lo que al igual que Vivi es solo un cri\u00f3, pero por su forma de ser, su actitud ante la vida y a pesar de que es un mujeriego demuestra mucha madurez del mismo modo que Vivi. Otra de sus cualidades es una extra\u00f1a obsesi\u00f3n por ayudar a los dem\u00e1s especialmente a sus amigos.<\/div>\n","protected":false},"excerpt":{"rendered":"<p>14.5 cm (alto) x 10 cm x 5 cm Zidane Tribal FFIX: \u00abFinal Fantasy IX se sit\u00faa en un mundo llamado Gaia (al igual que en FF1), y que se<\/p>\n","protected":false},"featured_media":3757,"comment_status":"open","ping_status":"closed","template":"","meta":[],"product_cat":[408],"product_tag":[155,154,149],"_links":{"self":[{"href":"https:\/\/www.wtfsales.com.ar\/productos\/index.php\/wp-json\/wp\/v2\/product\/889"}],"collection":[{"href":"https:\/\/www.wtfsales.com.ar\/productos\/index.php\/wp-json\/wp\/v2\/product"}],"about":[{"href":"https:\/\/www.wtfsales.com.ar\/productos\/index.php\/wp-json\/wp\/v2\/types\/product"}],"replies":[{"embeddable":true,"href":"https:\/\/www.wtfsales.com.ar\/productos\/index.php\/wp-json\/wp\/v2\/comments?post=889"}],"wp:featuredmedia":[{"embeddable":true,"href":"https:\/\/www.wtfsales.com.ar\/productos\/index.php\/wp-json\/wp\/v2\/media\/3757"}],"wp:attachment":[{"href":"https:\/\/www.wtfsales.com.ar\/productos\/index.php\/wp-json\/wp\/v2\/media?parent=889"}],"wp:term":[{"taxonomy":"product_cat","embeddable":true,"href":"https:\/\/www.wtfsales.com.ar\/productos\/index.php\/wp-json\/wp\/v2\/product_cat?post=889"},{"taxonomy":"product_tag","embeddable":true,"href":"https:\/\/www.wtfsales.com.ar\/productos\/index.php\/wp-json\/wp\/v2\/product_tag?post=889"}],"curies":[{"name":"wp","href":"https:\/\/api.w.org\/{rel}","templated":true}]}}