{"id":886,"date":"2016-08-16T16:58:57","date_gmt":"2016-08-16T16:58:57","guid":{"rendered":"http:\/\/new.wtfsales.com.ar\/productos\/?post_type=product&#038;p=886"},"modified":"2022-02-21T18:55:02","modified_gmt":"2022-02-21T18:55:02","slug":"tidus-final-fantasy-dissidia","status":"publish","type":"product","link":"https:\/\/www.wtfsales.com.ar\/productos\/index.php\/producto\/tidus-final-fantasy-dissidia\/","title":{"rendered":"Tidus &#8211; Final Fantasy Dissidia"},"content":{"rendered":"<p>14 cm (alto) x 9 cm x 5 cm<\/p>\n<div>Tidus (\u30c6\u30a3\u30fc\u30c0, T\u012bda) es un personaje ficticio del universo de Final Fantasy. Aparece como el personaje principal del videojuego Final Fantasy X, quien narrar\u00e1 la historia durante casi toda la aventura. Tambi\u00e9n aparece, ya como personaje secundario, en Final Fantasy X-2, donde se enamorar\u00e1 perdidamente de Yuna, en Kingdom Hearts como un amigo de Sora y en Dissidia: Final Fantasy como uno de los elegidos por Cosmos para salvar al mundo. Es uno de los personajes m\u00e1s representativos de la saga Final Fantasy.<\/div>\n<div>En su versi\u00f3n original japonesa, su voz pertence al actor de doblaje Masakazu Morita, mientras que en la versi\u00f3n para Occidente (Am\u00e9rica y Europa), es doblado por James Arnold Taylor.<\/div>\n","protected":false},"excerpt":{"rendered":"<p>14 cm (alto) x 9 cm x 5 cm Tidus (\u30c6\u30a3\u30fc\u30c0, T\u012bda) es un personaje ficticio del universo de Final Fantasy. Aparece como el personaje principal del videojuego Final Fantasy<\/p>\n","protected":false},"featured_media":3754,"comment_status":"open","ping_status":"closed","template":"","meta":[],"product_cat":[408],"product_tag":[155,154,149],"_links":{"self":[{"href":"https:\/\/www.wtfsales.com.ar\/productos\/index.php\/wp-json\/wp\/v2\/product\/886"}],"collection":[{"href":"https:\/\/www.wtfsales.com.ar\/productos\/index.php\/wp-json\/wp\/v2\/product"}],"about":[{"href":"https:\/\/www.wtfsales.com.ar\/productos\/index.php\/wp-json\/wp\/v2\/types\/product"}],"replies":[{"embeddable":true,"href":"https:\/\/www.wtfsales.com.ar\/productos\/index.php\/wp-json\/wp\/v2\/comments?post=886"}],"wp:featuredmedia":[{"embeddable":true,"href":"https:\/\/www.wtfsales.com.ar\/productos\/index.php\/wp-json\/wp\/v2\/media\/3754"}],"wp:attachment":[{"href":"https:\/\/www.wtfsales.com.ar\/productos\/index.php\/wp-json\/wp\/v2\/media?parent=886"}],"wp:term":[{"taxonomy":"product_cat","embeddable":true,"href":"https:\/\/www.wtfsales.com.ar\/productos\/index.php\/wp-json\/wp\/v2\/product_cat?post=886"},{"taxonomy":"product_tag","embeddable":true,"href":"https:\/\/www.wtfsales.com.ar\/productos\/index.php\/wp-json\/wp\/v2\/product_tag?post=886"}],"curies":[{"name":"wp","href":"https:\/\/api.w.org\/{rel}","templated":true}]}}