{"id":840,"date":"2016-08-16T16:11:24","date_gmt":"2016-08-16T16:11:24","guid":{"rendered":"http:\/\/new.wtfsales.com.ar\/productos\/?post_type=product&#038;p=840"},"modified":"2022-02-21T18:29:11","modified_gmt":"2022-02-21T18:29:11","slug":"koopa-troopa-super-mario-bros-box","status":"publish","type":"product","link":"https:\/\/www.wtfsales.com.ar\/productos\/index.php\/producto\/koopa-troopa-super-mario-bros-box\/","title":{"rendered":"Koopa Troopa &#8211; Super Mario Bros &#8211; Box"},"content":{"rendered":"<p>En dos colores de caparaz\u00f3n rojo y caparaz\u00f3n verde.<\/p>\n<div><span class=\"Apple-style-span\" style=\"font-family: sans-serif; font-size: small;\">4.5 cm x 4 cm x 2 cm\u00a0<\/span><\/div>\n<div><\/div>\n<div><span class=\"Apple-style-span\" style=\"font-family: sans-serif; font-size: small;\">&#8211; Base R\u00edgida desmontable.\u00a0<\/span><\/div>\n<div><\/div>\n<div><span class=\"Apple-style-span\" style=\"font-family: sans-serif; font-size: small;\">-Producto sin movilidad.<\/span><\/div>\n<div><\/div>\n<div><span class=\"Apple-style-span\" style=\"font-family: sans-serif; font-size: small;\">&#8211; En Caja original de la foto.\u00a0<\/span><\/div>\n<div><\/div>\n<div><span class=\"Apple-style-span\" style=\"font-family: sans-serif; font-size: small;\">&#8211; Producto Nuevo<\/span><\/div>\n<div><\/div>\n<div>Koopa Troopa , o simplemente Koopas , conocido en Jap\u00f3n como Nokonoko , son tortugas de la serie de video Mario Bros.<\/div>\n<div><\/div>\n<div>Aunque \u00abKoopa\u00bb el t\u00e9rmino es un t\u00e9rmino general para toda la especie de tortugas antropom\u00f3rficas de la serie, a la que criaturas como Lakitu , Hammer Bros , e incluso Bowser pertenecen, el t\u00e9rmino se utiliza a menudo para referirse espec\u00edficamente a este enemigo en particular. Ellos se basan en el \u00edndice kappa , una criatura m\u00edtica del folklore japon\u00e9s .<\/div>\n<div><\/div>\n<div>En primer lugar aparece en el 1983 juego de arcade , Mario Bros , en el que se conoce como Shellcreepers , se encuentran entre los m\u00e1s antiguos enemigos recurrentes de la serie, y tienen apareci\u00f3 en alguna forma en todos los juegos principales, y la mayor\u00eda de las spin-off de juegos. Cuando son derrotados, Koopas puede huir de o retroceder dentro de sus conchas , que luego pueden generalmente ser utilizados como armas. Las conchas Koopa son un arma recurrente en la serie, en particular, popularizado en el Mario Kart serie, en la que pueden ser despedidos como proyectiles contra otros corredores.<\/div>\n<div><\/div>\n<div>A pesar de que constituyen la mayor parte de Bowser s &#8216;(conocido como \u00abKing Koopa\u00bb en Jap\u00f3n) del ej\u00e9rcito, conocida como la \u00abTropa Koopa\u00bb, Koopas como especie son generalmente conocidos por ser pac\u00edficos, algunos incluso haciendo equipo con Mario como Kooper de Paper Mario .<\/div>\n","protected":false},"excerpt":{"rendered":"<p>En dos colores de caparaz\u00f3n rojo y caparaz\u00f3n verde. 4.5 cm x 4 cm x 2 cm\u00a0 &#8211; Base R\u00edgida desmontable.\u00a0 -Producto sin movilidad. &#8211; En Caja original de la<\/p>\n","protected":false},"featured_media":3605,"comment_status":"open","ping_status":"closed","template":"","meta":[],"product_cat":[408],"product_tag":[148,151,150,149],"_links":{"self":[{"href":"https:\/\/www.wtfsales.com.ar\/productos\/index.php\/wp-json\/wp\/v2\/product\/840"}],"collection":[{"href":"https:\/\/www.wtfsales.com.ar\/productos\/index.php\/wp-json\/wp\/v2\/product"}],"about":[{"href":"https:\/\/www.wtfsales.com.ar\/productos\/index.php\/wp-json\/wp\/v2\/types\/product"}],"replies":[{"embeddable":true,"href":"https:\/\/www.wtfsales.com.ar\/productos\/index.php\/wp-json\/wp\/v2\/comments?post=840"}],"wp:featuredmedia":[{"embeddable":true,"href":"https:\/\/www.wtfsales.com.ar\/productos\/index.php\/wp-json\/wp\/v2\/media\/3605"}],"wp:attachment":[{"href":"https:\/\/www.wtfsales.com.ar\/productos\/index.php\/wp-json\/wp\/v2\/media?parent=840"}],"wp:term":[{"taxonomy":"product_cat","embeddable":true,"href":"https:\/\/www.wtfsales.com.ar\/productos\/index.php\/wp-json\/wp\/v2\/product_cat?post=840"},{"taxonomy":"product_tag","embeddable":true,"href":"https:\/\/www.wtfsales.com.ar\/productos\/index.php\/wp-json\/wp\/v2\/product_tag?post=840"}],"curies":[{"name":"wp","href":"https:\/\/api.w.org\/{rel}","templated":true}]}}