{"id":822,"date":"2016-08-16T15:46:23","date_gmt":"2016-08-16T15:46:23","guid":{"rendered":"http:\/\/new.wtfsales.com.ar\/productos\/?post_type=product&#038;p=822"},"modified":"2022-02-21T18:21:35","modified_gmt":"2022-02-21T18:21:35","slug":"bowser-koopa-super-mario-bros-box","status":"publish","type":"product","link":"https:\/\/www.wtfsales.com.ar\/productos\/index.php\/producto\/bowser-koopa-super-mario-bros-box\/","title":{"rendered":"Bowser Koopa &#8211; Super Mario Bros &#8211; Box"},"content":{"rendered":"<div>4.5 cm x 4 cm x 2 cm<\/div>\n<div><\/div>\n<div>&#8211; Base R\u00edgida desmontable.<\/div>\n<div><\/div>\n<div>-Producto sin movilidad.<\/div>\n<div><\/div>\n<div>&#8211; En Caja original de la foto.<\/div>\n<div><\/div>\n<div>&#8211; Producto Nuevo<\/div>\n<div><\/div>\n<div>\n<div>Bowser Koopa , tambi\u00e9n conocido como el Rey Koopa , es personaje del video juego mario Bros. En Jap\u00f3n , el personaje que se conoce como Koopa.<\/div>\n<div><\/div>\n<div>Bowser es el l\u00edder y el m\u00e1s poderoso de laa Tortugas. Es el archienemigo codiciosos de los Hermanos Mario comenzando con su primera aparici\u00f3n, en el juego Super Mario Bros. Sus objetivos finales son para casarse con la princesa Peach , Mario derrota, y conquistar el Reino Champi\u00f1\u00f3n . Desde su debut, ha aparecido en casi todos los de Mario juego de la serie. En la actualidad, Bowser es la voz de tanto Scott Burns y James Kenny.<\/div>\n<\/div>\n","protected":false},"excerpt":{"rendered":"<p>4.5 cm x 4 cm x 2 cm &#8211; Base R\u00edgida desmontable. -Producto sin movilidad. &#8211; En Caja original de la foto. &#8211; Producto Nuevo Bowser Koopa , tambi\u00e9n conocido<\/p>\n","protected":false},"featured_media":3603,"comment_status":"open","ping_status":"closed","template":"","meta":[],"product_cat":[408],"product_tag":[148,151,150,149],"_links":{"self":[{"href":"https:\/\/www.wtfsales.com.ar\/productos\/index.php\/wp-json\/wp\/v2\/product\/822"}],"collection":[{"href":"https:\/\/www.wtfsales.com.ar\/productos\/index.php\/wp-json\/wp\/v2\/product"}],"about":[{"href":"https:\/\/www.wtfsales.com.ar\/productos\/index.php\/wp-json\/wp\/v2\/types\/product"}],"replies":[{"embeddable":true,"href":"https:\/\/www.wtfsales.com.ar\/productos\/index.php\/wp-json\/wp\/v2\/comments?post=822"}],"wp:featuredmedia":[{"embeddable":true,"href":"https:\/\/www.wtfsales.com.ar\/productos\/index.php\/wp-json\/wp\/v2\/media\/3603"}],"wp:attachment":[{"href":"https:\/\/www.wtfsales.com.ar\/productos\/index.php\/wp-json\/wp\/v2\/media?parent=822"}],"wp:term":[{"taxonomy":"product_cat","embeddable":true,"href":"https:\/\/www.wtfsales.com.ar\/productos\/index.php\/wp-json\/wp\/v2\/product_cat?post=822"},{"taxonomy":"product_tag","embeddable":true,"href":"https:\/\/www.wtfsales.com.ar\/productos\/index.php\/wp-json\/wp\/v2\/product_tag?post=822"}],"curies":[{"name":"wp","href":"https:\/\/api.w.org\/{rel}","templated":true}]}}