{"id":2297,"date":"2017-09-25T02:40:24","date_gmt":"2017-09-25T02:40:24","guid":{"rendered":"http:\/\/www.wtfsales.com.ar\/productos\/index.php\/producto\/taza-memes-world\/"},"modified":"2021-12-13T19:42:13","modified_gmt":"2021-12-13T19:42:13","slug":"taza-memes-world","status":"publish","type":"product","link":"https:\/\/www.wtfsales.com.ar\/productos\/index.php\/producto\/taza-memes-world\/","title":{"rendered":"Taza Memes World"},"content":{"rendered":"<p>Dise\u00f1ada \u00edntegramente con materiales de primera l\u00ednea, las tazas de WTF SALES poseen gran calidad y terminaci\u00f3n.<br \/>\nEn WTF SALES usamos tazas de alta calidad, tintas importadas de nivel superior y papel especialmente dise\u00f1ado para que los colores sean vividos.<\/p>\n<p>En esta nueva l\u00ednea que lanzamos llamada \u00abMemes World\u00bb incluye varios motivos de la tematica con un meme representando a cada pa\u00eds.<\/p>\n<p><img loading=\"lazy\" class=\"size-full wp-image-2299\" src=\"http:\/\/www.wtfsales.com.ar\/productos\/wp-content\/uploads\/2017\/09\/DSC_1320.jpg\" alt=\"????????????????????????????????????\" width=\"768\" height=\"923\" srcset=\"https:\/\/www.wtfsales.com.ar\/productos\/wp-content\/uploads\/2017\/09\/DSC_1320.jpg 768w, https:\/\/www.wtfsales.com.ar\/productos\/wp-content\/uploads\/2017\/09\/DSC_1320-600x721.jpg 600w, https:\/\/www.wtfsales.com.ar\/productos\/wp-content\/uploads\/2017\/09\/DSC_1320-250x300.jpg 250w\" sizes=\"(max-width: 768px) 100vw, 768px\" \/><\/p>\n<p><img loading=\"lazy\" class=\"alignnone size-full wp-image-2298\" src=\"http:\/\/www.wtfsales.com.ar\/productos\/wp-content\/uploads\/2017\/09\/DSC_1319.jpg\" alt=\"DSC_1319\" width=\"768\" height=\"896\" srcset=\"https:\/\/www.wtfsales.com.ar\/productos\/wp-content\/uploads\/2017\/09\/DSC_1319.jpg 768w, https:\/\/www.wtfsales.com.ar\/productos\/wp-content\/uploads\/2017\/09\/DSC_1319-600x700.jpg 600w, https:\/\/www.wtfsales.com.ar\/productos\/wp-content\/uploads\/2017\/09\/DSC_1319-257x300.jpg 257w\" sizes=\"(max-width: 768px) 100vw, 768px\" \/><\/p>\n","protected":false},"excerpt":{"rendered":"<p>Dise\u00f1ada \u00edntegramente con materiales de primera l\u00ednea, las tazas de WTF SALES poseen gran calidad y terminaci\u00f3n. En WTF SALES usamos tazas de alta calidad, tintas importadas de nivel superior<\/p>\n","protected":false},"featured_media":2298,"comment_status":"open","ping_status":"closed","template":"","meta":[],"product_cat":[413],"product_tag":[290],"_links":{"self":[{"href":"https:\/\/www.wtfsales.com.ar\/productos\/index.php\/wp-json\/wp\/v2\/product\/2297"}],"collection":[{"href":"https:\/\/www.wtfsales.com.ar\/productos\/index.php\/wp-json\/wp\/v2\/product"}],"about":[{"href":"https:\/\/www.wtfsales.com.ar\/productos\/index.php\/wp-json\/wp\/v2\/types\/product"}],"replies":[{"embeddable":true,"href":"https:\/\/www.wtfsales.com.ar\/productos\/index.php\/wp-json\/wp\/v2\/comments?post=2297"}],"wp:featuredmedia":[{"embeddable":true,"href":"https:\/\/www.wtfsales.com.ar\/productos\/index.php\/wp-json\/wp\/v2\/media\/2298"}],"wp:attachment":[{"href":"https:\/\/www.wtfsales.com.ar\/productos\/index.php\/wp-json\/wp\/v2\/media?parent=2297"}],"wp:term":[{"taxonomy":"product_cat","embeddable":true,"href":"https:\/\/www.wtfsales.com.ar\/productos\/index.php\/wp-json\/wp\/v2\/product_cat?post=2297"},{"taxonomy":"product_tag","embeddable":true,"href":"https:\/\/www.wtfsales.com.ar\/productos\/index.php\/wp-json\/wp\/v2\/product_tag?post=2297"}],"curies":[{"name":"wp","href":"https:\/\/api.w.org\/{rel}","templated":true}]}}