{"id":2293,"date":"2017-09-25T02:29:04","date_gmt":"2017-09-25T02:29:04","guid":{"rendered":"http:\/\/www.wtfsales.com.ar\/productos\/index.php\/producto\/taza-ufo-alien\/"},"modified":"2021-12-14T01:44:40","modified_gmt":"2021-12-14T01:44:40","slug":"taza-ufo-alien","status":"publish","type":"product","link":"https:\/\/www.wtfsales.com.ar\/productos\/index.php\/producto\/taza-ufo-alien\/","title":{"rendered":"Taza UFO &#8211; Alien"},"content":{"rendered":"<p>Dise\u00f1ada \u00edntegramente con materiales de primera l\u00ednea, las tazas de WTF SALES poseen gran calidad y terminaci\u00f3n.<br \/>\nEn WTF SALES usamos tazas de alta calidad, tintas importadas de nivel superior y papel especialmente dise\u00f1ado para que los colores sean vividos.<\/p>\n<p>En esta nueva l\u00ednea que lanzamos llamada \u00abUFO Aliens\u00bb incluye varios motivos de la tematica, incluidas las de X-Files y programas afines.<\/p>\n<p><img loading=\"lazy\" class=\"alignnone size-full wp-image-2294\" src=\"http:\/\/www.wtfsales.com.ar\/productos\/wp-content\/uploads\/2017\/09\/DSC_1314.jpg\" alt=\"DSC_1314\" width=\"779\" height=\"768\" srcset=\"https:\/\/www.wtfsales.com.ar\/productos\/wp-content\/uploads\/2017\/09\/DSC_1314.jpg 779w, https:\/\/www.wtfsales.com.ar\/productos\/wp-content\/uploads\/2017\/09\/DSC_1314-100x100.jpg 100w, https:\/\/www.wtfsales.com.ar\/productos\/wp-content\/uploads\/2017\/09\/DSC_1314-600x592.jpg 600w, https:\/\/www.wtfsales.com.ar\/productos\/wp-content\/uploads\/2017\/09\/DSC_1314-300x296.jpg 300w, https:\/\/www.wtfsales.com.ar\/productos\/wp-content\/uploads\/2017\/09\/DSC_1314-768x757.jpg 768w\" sizes=\"(max-width: 779px) 100vw, 779px\" \/><\/p>\n<p><img loading=\"lazy\" class=\"size-full wp-image-2295\" src=\"http:\/\/www.wtfsales.com.ar\/productos\/wp-content\/uploads\/2017\/09\/DSC_1315.jpg\" alt=\"????????????????????????????????????\" width=\"768\" height=\"867\" srcset=\"https:\/\/www.wtfsales.com.ar\/productos\/wp-content\/uploads\/2017\/09\/DSC_1315.jpg 768w, https:\/\/www.wtfsales.com.ar\/productos\/wp-content\/uploads\/2017\/09\/DSC_1315-600x677.jpg 600w, https:\/\/www.wtfsales.com.ar\/productos\/wp-content\/uploads\/2017\/09\/DSC_1315-266x300.jpg 266w\" sizes=\"(max-width: 768px) 100vw, 768px\" \/><\/p>\n<p><img loading=\"lazy\" class=\"alignnone size-full wp-image-2270\" src=\"http:\/\/www.wtfsales.com.ar\/productos\/wp-content\/uploads\/2016\/09\/Catalogo-Tazas-029.jpg\" alt=\"Catalogo-Tazas-029\" width=\"2096\" height=\"3301\" \/><\/p>\n<p>&nbsp;<\/p>\n","protected":false},"excerpt":{"rendered":"<p>Dise\u00f1ada \u00edntegramente con materiales de primera l\u00ednea, las tazas de WTF SALES poseen gran calidad y terminaci\u00f3n. En WTF SALES usamos tazas de alta calidad, tintas importadas de nivel superior<\/p>\n","protected":false},"featured_media":2294,"comment_status":"open","ping_status":"closed","template":"","meta":[],"product_cat":[413],"product_tag":[290],"_links":{"self":[{"href":"https:\/\/www.wtfsales.com.ar\/productos\/index.php\/wp-json\/wp\/v2\/product\/2293"}],"collection":[{"href":"https:\/\/www.wtfsales.com.ar\/productos\/index.php\/wp-json\/wp\/v2\/product"}],"about":[{"href":"https:\/\/www.wtfsales.com.ar\/productos\/index.php\/wp-json\/wp\/v2\/types\/product"}],"replies":[{"embeddable":true,"href":"https:\/\/www.wtfsales.com.ar\/productos\/index.php\/wp-json\/wp\/v2\/comments?post=2293"}],"wp:featuredmedia":[{"embeddable":true,"href":"https:\/\/www.wtfsales.com.ar\/productos\/index.php\/wp-json\/wp\/v2\/media\/2294"}],"wp:attachment":[{"href":"https:\/\/www.wtfsales.com.ar\/productos\/index.php\/wp-json\/wp\/v2\/media?parent=2293"}],"wp:term":[{"taxonomy":"product_cat","embeddable":true,"href":"https:\/\/www.wtfsales.com.ar\/productos\/index.php\/wp-json\/wp\/v2\/product_cat?post=2293"},{"taxonomy":"product_tag","embeddable":true,"href":"https:\/\/www.wtfsales.com.ar\/productos\/index.php\/wp-json\/wp\/v2\/product_tag?post=2293"}],"curies":[{"name":"wp","href":"https:\/\/api.w.org\/{rel}","templated":true}]}}