{"id":2288,"date":"2017-09-25T02:09:52","date_gmt":"2017-09-25T02:09:52","guid":{"rendered":"http:\/\/www.wtfsales.com.ar\/productos\/index.php\/producto\/taza-sociedad-de-la-justicia-de-america\/"},"modified":"2021-12-14T01:44:49","modified_gmt":"2021-12-14T01:44:49","slug":"taza-sociedad-de-la-justicia-de-america","status":"publish","type":"product","link":"https:\/\/www.wtfsales.com.ar\/productos\/index.php\/producto\/taza-sociedad-de-la-justicia-de-america\/","title":{"rendered":"Taza JSA DC Comics"},"content":{"rendered":"<p>Dise\u00f1ada \u00edntegramente con materiales de primera l\u00ednea, las tazas de WTF SALES poseen gran calidad y terminaci\u00f3n.<br \/>\nEn WTF SALES usamos tazas de alta calidad, tintas importadas de nivel superior y papel especialmente dise\u00f1ado para que los colores sean vividos.<\/p>\n<p>En esta nueva l\u00ednea que lanzamos llamada \u00abJSA\u00bb Sociedad de la Justicia de America, revivimos los personajes Clasicos de All Star Comics.<\/p>\n<p>La Sociedad de la Justicia de Am\u00e9rica, o SJA (JSA en su denominaci\u00f3n estadounidense), es un grupo de superh\u00e9roes de DC Comics y primer c\u00f3mic de un equipo de superh\u00e9roes en la historia. La SJA fue creada por el editor Sheldon Mayer y el escritor Gardner Fox. La primera aparici\u00f3n de la SJA fue en la revista All Star Comics N\u00ba 3 (invierno de 1940).<\/p>\n<p>Al contrario de los equipos subsecuentes, la SJA no se limitaba solo a h\u00e9roes publicados en sus propios t\u00edtulos ya que el editor quer\u00eda exponer personajes menos conocidos.<\/p>\n<p>&nbsp;<\/p>\n<figure id=\"attachment_2289\" aria-describedby=\"caption-attachment-2289\" style=\"width: 768px\" class=\"wp-caption alignnone\"><img loading=\"lazy\" class=\"size-full wp-image-2289\" src=\"http:\/\/www.wtfsales.com.ar\/productos\/wp-content\/uploads\/2017\/09\/DSC_1321.jpg\" alt=\"????????????????????????????????????\" width=\"768\" height=\"844\" srcset=\"https:\/\/www.wtfsales.com.ar\/productos\/wp-content\/uploads\/2017\/09\/DSC_1321.jpg 768w, https:\/\/www.wtfsales.com.ar\/productos\/wp-content\/uploads\/2017\/09\/DSC_1321-600x659.jpg 600w, https:\/\/www.wtfsales.com.ar\/productos\/wp-content\/uploads\/2017\/09\/DSC_1321-273x300.jpg 273w\" sizes=\"(max-width: 768px) 100vw, 768px\" \/><figcaption id=\"caption-attachment-2289\" class=\"wp-caption-text\"><img loading=\"lazy\" class=\"alignnone size-full wp-image-2291\" src=\"http:\/\/www.wtfsales.com.ar\/productos\/wp-content\/uploads\/2017\/09\/DSC_1323.jpg\" alt=\"DSC_1323\" width=\"748\" height=\"1024\" \/><\/figcaption><\/figure>\n<p><img loading=\"lazy\" class=\"alignnone size-full wp-image-2278\" src=\"http:\/\/www.wtfsales.com.ar\/productos\/wp-content\/uploads\/2016\/09\/Catalogo-Tazas-037.jpg\" alt=\"Catalogo-Tazas-037\" width=\"2096\" height=\"3301\" \/> <img loading=\"lazy\" class=\"alignnone size-full wp-image-2277\" src=\"http:\/\/www.wtfsales.com.ar\/productos\/wp-content\/uploads\/2016\/09\/Catalogo-Tazas-036.jpg\" alt=\"Catalogo-Tazas-036\" width=\"2096\" height=\"3301\" \/> <img loading=\"lazy\" class=\"alignnone size-full wp-image-2276\" src=\"http:\/\/www.wtfsales.com.ar\/productos\/wp-content\/uploads\/2016\/09\/Catalogo-Tazas-035.jpg\" alt=\"Catalogo-Tazas-035\" width=\"2096\" height=\"3301\" \/> <img loading=\"lazy\" class=\"alignnone size-full wp-image-2275\" src=\"http:\/\/www.wtfsales.com.ar\/productos\/wp-content\/uploads\/2016\/09\/Catalogo-Tazas-034.jpg\" alt=\"Catalogo-Tazas-034\" width=\"2096\" height=\"3301\" \/> <img loading=\"lazy\" class=\"alignnone size-full wp-image-2274\" src=\"http:\/\/www.wtfsales.com.ar\/productos\/wp-content\/uploads\/2016\/09\/Catalogo-Tazas-033.jpg\" alt=\"Catalogo-Tazas-033\" width=\"2096\" height=\"3301\" \/> <img loading=\"lazy\" class=\"alignnone size-full wp-image-2273\" src=\"http:\/\/www.wtfsales.com.ar\/productos\/wp-content\/uploads\/2016\/09\/Catalogo-Tazas-032.jpg\" alt=\"Catalogo-Tazas-032\" width=\"2096\" height=\"3301\" \/> <img loading=\"lazy\" class=\"alignnone size-full wp-image-2272\" src=\"http:\/\/www.wtfsales.com.ar\/productos\/wp-content\/uploads\/2016\/09\/Catalogo-Tazas-031.jpg\" alt=\"Catalogo-Tazas-031\" width=\"2096\" height=\"3301\" \/> <img loading=\"lazy\" class=\"alignnone size-full wp-image-2271\" src=\"http:\/\/www.wtfsales.com.ar\/productos\/wp-content\/uploads\/2016\/09\/Catalogo-Tazas-030.jpg\" alt=\"Catalogo-Tazas-030\" width=\"2096\" height=\"3301\" \/> <img loading=\"lazy\" class=\"alignnone size-full wp-image-2270\" src=\"http:\/\/www.wtfsales.com.ar\/productos\/wp-content\/uploads\/2016\/09\/Catalogo-Tazas-029.jpg\" alt=\"Catalogo-Tazas-029\" width=\"2096\" height=\"3301\" \/> <img loading=\"lazy\" class=\"alignnone size-full wp-image-2269\" src=\"http:\/\/www.wtfsales.com.ar\/productos\/wp-content\/uploads\/2016\/09\/Catalogo-Tazas-028.jpg\" alt=\"Catalogo-Tazas-028\" width=\"2096\" height=\"3301\" \/> <img loading=\"lazy\" class=\"alignnone size-full wp-image-2268\" src=\"http:\/\/www.wtfsales.com.ar\/productos\/wp-content\/uploads\/2016\/09\/Catalogo-Tazas-027.jpg\" alt=\"Catalogo-Tazas-027\" width=\"2096\" height=\"3301\" \/> <img loading=\"lazy\" class=\"alignnone size-full wp-image-2267\" src=\"http:\/\/www.wtfsales.com.ar\/productos\/wp-content\/uploads\/2016\/09\/Catalogo-Tazas-026.jpg\" alt=\"Catalogo-Tazas-026\" width=\"2096\" height=\"3301\" \/><\/p>\n<p>&nbsp;<\/p>\n","protected":false},"excerpt":{"rendered":"<p>Dise\u00f1ada \u00edntegramente con materiales de primera l\u00ednea, las tazas de WTF SALES poseen gran calidad y terminaci\u00f3n. En WTF SALES usamos tazas de alta calidad, tintas importadas de nivel superior<\/p>\n","protected":false},"featured_media":2289,"comment_status":"open","ping_status":"closed","template":"","meta":[],"product_cat":[413],"product_tag":[290],"_links":{"self":[{"href":"https:\/\/www.wtfsales.com.ar\/productos\/index.php\/wp-json\/wp\/v2\/product\/2288"}],"collection":[{"href":"https:\/\/www.wtfsales.com.ar\/productos\/index.php\/wp-json\/wp\/v2\/product"}],"about":[{"href":"https:\/\/www.wtfsales.com.ar\/productos\/index.php\/wp-json\/wp\/v2\/types\/product"}],"replies":[{"embeddable":true,"href":"https:\/\/www.wtfsales.com.ar\/productos\/index.php\/wp-json\/wp\/v2\/comments?post=2288"}],"wp:featuredmedia":[{"embeddable":true,"href":"https:\/\/www.wtfsales.com.ar\/productos\/index.php\/wp-json\/wp\/v2\/media\/2289"}],"wp:attachment":[{"href":"https:\/\/www.wtfsales.com.ar\/productos\/index.php\/wp-json\/wp\/v2\/media?parent=2288"}],"wp:term":[{"taxonomy":"product_cat","embeddable":true,"href":"https:\/\/www.wtfsales.com.ar\/productos\/index.php\/wp-json\/wp\/v2\/product_cat?post=2288"},{"taxonomy":"product_tag","embeddable":true,"href":"https:\/\/www.wtfsales.com.ar\/productos\/index.php\/wp-json\/wp\/v2\/product_tag?post=2288"}],"curies":[{"name":"wp","href":"https:\/\/api.w.org\/{rel}","templated":true}]}}