{"id":2225,"date":"2016-09-23T13:22:52","date_gmt":"2016-09-23T13:22:52","guid":{"rendered":"http:\/\/new.wtfsales.com.ar\/productos\/?post_type=product&#038;p=2225"},"modified":"2021-12-14T01:44:57","modified_gmt":"2021-12-14T01:44:57","slug":"tazas-signos-del-zodiaco","status":"publish","type":"product","link":"https:\/\/www.wtfsales.com.ar\/productos\/index.php\/producto\/tazas-signos-del-zodiaco\/","title":{"rendered":"Tazas Signos del Zodiaco"},"content":{"rendered":"<p>Dise\u00f1ada \u00edntegramente con materiales de primera l\u00ednea, las tazas de WTF SALES poseen gran calidad y terminaci\u00f3n.<br \/>\nEn WTF SALES usamos tazas de alta calidad, tintas importadas de nivel superior y papel especialmente dise\u00f1ado para que los colores sean vividos.<\/p>\n<p>En esta nueva l\u00ednea que lanzamos llamada \u00abAstrolog\u00eda\u00bb podr\u00e1n disfrutar de toda la informaci\u00f3n sobre los 12 signos del Zodiaco incluyendo fechas, regentes, elementos, direcci\u00f3n y varios gr\u00e1ficos que contienen todo lo que quiere saber a cerca de su signo!<\/p>\n<p>\u00bfQue esperas para conseguir la tuya?<\/p>\n<figure id=\"attachment_2285\" aria-describedby=\"caption-attachment-2285\" style=\"width: 825px\" class=\"wp-caption alignnone\"><img loading=\"lazy\" class=\"size-full wp-image-2285\" src=\"http:\/\/www.wtfsales.com.ar\/productos\/wp-content\/uploads\/2016\/09\/DSC_1316.jpg\" alt=\"????????????????????????????????????\" width=\"825\" height=\"768\" srcset=\"https:\/\/www.wtfsales.com.ar\/productos\/wp-content\/uploads\/2016\/09\/DSC_1316.jpg 825w, https:\/\/www.wtfsales.com.ar\/productos\/wp-content\/uploads\/2016\/09\/DSC_1316-600x559.jpg 600w, https:\/\/www.wtfsales.com.ar\/productos\/wp-content\/uploads\/2016\/09\/DSC_1316-300x279.jpg 300w, https:\/\/www.wtfsales.com.ar\/productos\/wp-content\/uploads\/2016\/09\/DSC_1316-768x715.jpg 768w\" sizes=\"(max-width: 825px) 100vw, 825px\" \/><figcaption id=\"caption-attachment-2285\" class=\"wp-caption-text\">????????????????????????????????????<\/figcaption><\/figure>\n<figure id=\"attachment_2286\" aria-describedby=\"caption-attachment-2286\" style=\"width: 823px\" class=\"wp-caption alignnone\"><img loading=\"lazy\" class=\"size-full wp-image-2286\" src=\"http:\/\/www.wtfsales.com.ar\/productos\/wp-content\/uploads\/2016\/09\/DSC_1317.jpg\" alt=\"????????????????????????????????????\" width=\"823\" height=\"768\" srcset=\"https:\/\/www.wtfsales.com.ar\/productos\/wp-content\/uploads\/2016\/09\/DSC_1317.jpg 823w, https:\/\/www.wtfsales.com.ar\/productos\/wp-content\/uploads\/2016\/09\/DSC_1317-600x560.jpg 600w, https:\/\/www.wtfsales.com.ar\/productos\/wp-content\/uploads\/2016\/09\/DSC_1317-300x280.jpg 300w, https:\/\/www.wtfsales.com.ar\/productos\/wp-content\/uploads\/2016\/09\/DSC_1317-768x717.jpg 768w\" sizes=\"(max-width: 823px) 100vw, 823px\" \/><figcaption id=\"caption-attachment-2286\" class=\"wp-caption-text\">????????????????????????????????????<\/figcaption><\/figure>\n<p><img loading=\"lazy\" class=\"size-full wp-image-2287\" src=\"http:\/\/www.wtfsales.com.ar\/productos\/wp-content\/uploads\/2016\/09\/DSC_1318.jpg\" alt=\"????????????????????????????????????\" width=\"857\" height=\"768\" srcset=\"https:\/\/www.wtfsales.com.ar\/productos\/wp-content\/uploads\/2016\/09\/DSC_1318.jpg 857w, https:\/\/www.wtfsales.com.ar\/productos\/wp-content\/uploads\/2016\/09\/DSC_1318-600x538.jpg 600w, https:\/\/www.wtfsales.com.ar\/productos\/wp-content\/uploads\/2016\/09\/DSC_1318-300x269.jpg 300w, https:\/\/www.wtfsales.com.ar\/productos\/wp-content\/uploads\/2016\/09\/DSC_1318-768x688.jpg 768w\" sizes=\"(max-width: 857px) 100vw, 857px\" \/><\/p>\n","protected":false},"excerpt":{"rendered":"<p>Dise\u00f1ada \u00edntegramente con materiales de primera l\u00ednea, las tazas de WTF SALES poseen gran calidad y terminaci\u00f3n. En WTF SALES usamos tazas de alta calidad, tintas importadas de nivel superior<\/p>\n","protected":false},"featured_media":2228,"comment_status":"open","ping_status":"closed","template":"","meta":[],"product_cat":[413],"product_tag":[290],"_links":{"self":[{"href":"https:\/\/www.wtfsales.com.ar\/productos\/index.php\/wp-json\/wp\/v2\/product\/2225"}],"collection":[{"href":"https:\/\/www.wtfsales.com.ar\/productos\/index.php\/wp-json\/wp\/v2\/product"}],"about":[{"href":"https:\/\/www.wtfsales.com.ar\/productos\/index.php\/wp-json\/wp\/v2\/types\/product"}],"replies":[{"embeddable":true,"href":"https:\/\/www.wtfsales.com.ar\/productos\/index.php\/wp-json\/wp\/v2\/comments?post=2225"}],"wp:featuredmedia":[{"embeddable":true,"href":"https:\/\/www.wtfsales.com.ar\/productos\/index.php\/wp-json\/wp\/v2\/media\/2228"}],"wp:attachment":[{"href":"https:\/\/www.wtfsales.com.ar\/productos\/index.php\/wp-json\/wp\/v2\/media?parent=2225"}],"wp:term":[{"taxonomy":"product_cat","embeddable":true,"href":"https:\/\/www.wtfsales.com.ar\/productos\/index.php\/wp-json\/wp\/v2\/product_cat?post=2225"},{"taxonomy":"product_tag","embeddable":true,"href":"https:\/\/www.wtfsales.com.ar\/productos\/index.php\/wp-json\/wp\/v2\/product_tag?post=2225"}],"curies":[{"name":"wp","href":"https:\/\/api.w.org\/{rel}","templated":true}]}}