{"id":2152,"date":"2016-09-19T14:11:30","date_gmt":"2016-09-19T14:11:30","guid":{"rendered":"http:\/\/new.wtfsales.com.ar\/productos\/?post_type=product&#038;p=2152"},"modified":"2021-12-14T00:46:18","modified_gmt":"2021-12-14T00:46:18","slug":"ace-pirata-de-morhia-one-piece-2","status":"publish","type":"product","link":"https:\/\/www.wtfsales.com.ar\/productos\/index.php\/producto\/ace-pirata-de-morhia-one-piece-2\/","title":{"rendered":"Ace &#8211; Pirata de Morhia &#8211; One Piece"},"content":{"rendered":"<p>Excelente figura de Ace de 25 cm de alto x 9 x 6 cm<\/p>\n<p>&nbsp;<\/p>\n<div><img loading=\"lazy\" class=\"aligncenter size-full wp-image-3538\" src=\"http:\/\/www.wtfsales.com.ar\/productos\/wp-content\/uploads\/2016\/09\/Foto023.jpg\" alt=\"\" width=\"960\" height=\"900\" srcset=\"https:\/\/www.wtfsales.com.ar\/productos\/wp-content\/uploads\/2016\/09\/Foto023.jpg 960w, https:\/\/www.wtfsales.com.ar\/productos\/wp-content\/uploads\/2016\/09\/Foto023-300x281.jpg 300w, https:\/\/www.wtfsales.com.ar\/productos\/wp-content\/uploads\/2016\/09\/Foto023-768x720.jpg 768w, https:\/\/www.wtfsales.com.ar\/productos\/wp-content\/uploads\/2016\/09\/Foto023-600x563.jpg 600w\" sizes=\"(max-width: 960px) 100vw, 960px\" \/><\/div>\n<div>Los Piratas de Moriah son la banda dirigida en el pasado por Gekko Moriah, parte de ella fue aniquilada por Kaido y sus posteriores miembros (zombis) muertos en Thiller Bark<\/div>\n<div>Contenido<\/div>\n<div><\/div>\n<div><\/div>\n<div>Cuando ejecutaron a Gol D. Roger en su ciudad natal, Loguetown, en el East Blue, Gekko Moriah estuvo presente y luego zarp\u00f3, junto a su banda original hacia Grand Line para convertirse en el Rey de los Piratas.<\/div>\n<div>La banda super\u00f3 todos los peligros de Para\u00edso hasta que consigui\u00f3 adentrarse en el Nuevo Mundo.<\/div>\n<div><img loading=\"lazy\" class=\"aligncenter size-full wp-image-3539\" src=\"http:\/\/www.wtfsales.com.ar\/productos\/wp-content\/uploads\/2016\/09\/Foto024.jpg\" alt=\"\" width=\"960\" height=\"900\" srcset=\"https:\/\/www.wtfsales.com.ar\/productos\/wp-content\/uploads\/2016\/09\/Foto024.jpg 960w, https:\/\/www.wtfsales.com.ar\/productos\/wp-content\/uploads\/2016\/09\/Foto024-300x281.jpg 300w, https:\/\/www.wtfsales.com.ar\/productos\/wp-content\/uploads\/2016\/09\/Foto024-768x720.jpg 768w, https:\/\/www.wtfsales.com.ar\/productos\/wp-content\/uploads\/2016\/09\/Foto024-600x563.jpg 600w\" sizes=\"(max-width: 960px) 100vw, 960px\" \/><\/div>\n<div><\/div>\n<div>Entrada al Nuevo Mundo<\/div>\n<div>En el pasado esta banda combati\u00f3 contra los Piratas de Kaido, uno de los Yonko, y fue masacrada por \u00e9ste haciendo que su capit\u00e1n tuviera un trauma y decidiera crear una banda \u00abinmortal\u00bb de Zombis.<\/div>\n<div>El Comienzo de la Banda de Inmortales<\/div>\n<div>Moriah reclut\u00f3 a Hogback ofreci\u00e9ndole una forma de llevar su amor fallecido Victoria Cindry a la vida. Mediante el uso de sus poderes de la Fruta del Diablo, Moriah implantado una sombra robada en el cad\u00e1ver y ha ganado la lealtad del m\u00e9dico a cambio.<\/div>\n<div>Despu\u00e9s junto Hogback y sus asociados, construy\u00f3 el barco \u00abThriller Bark\u00bb y viaj\u00f3 por el Florian Triangle emboscando a los piratas que pasaban por el tenebroso mar, esto incluye a los Piratas Rolling y a un solitario Brook, para poder crear as\u00ed m\u00e1s Zombis.<\/div>\n<div><\/div>\n<div>Su poder debi\u00f3 ser bastante grande porque super\u00f3 todos los peligros de la primera mitad de Grand Line e incluso lleg\u00f3 al Nuevo Mundo y combatieron contra Kaido, uno de los Yonko, aunque fueron derrotados y masacrados. Su capit\u00e1n obtuvo el t\u00edtulo de Shichibukai y posee el poder de la Kage Kage no Mi.<\/div>\n<div><\/div>\n<div>Despu\u00e9s de que la banda fuera masacrada por Kaido, Moriah cre\u00f3, con ayuda de Hogback, una banda de Zombis para volver a entrar en el Nuevo Mundo y convertirse en el Rey de los Piratas. El poder de esta banda es tan grande como para secuestrar y robarles las sombras a varios de los Piratas del Sombrero de Paja, entre ellos su capit\u00e1n. Tambi\u00e9n es lo suficientemente grande como para robar la sombra a los Piratas Rolling y a Brook.<\/div>\n<div>Adem\u00e1s de contar con un ej\u00e9rcito de aproximadamente 900 Zombis, cuenta con tres personas con poderes de la Fruta del Diablo: Gekko Moriah, el capit\u00e1n, posee el poder de la Kage Kage no Mi, Absalom posee el poder de la Suke Suke no Mi y Perona el poder de la Horo Horo no Mi.<\/div>\n<div><\/div>\n<div>Tras la Derrota en Thriller Bark<\/div>\n<div><\/div>\n<div>El n\u00famero de miembros tras la derrota de Moriah en Thriller Bark fue reducido a 3, el capit\u00e1n, el doctor Hogback y Absalom. Por lo cual el poder de la banda decay\u00f3 much\u00edsimo.<\/div>\n","protected":false},"excerpt":{"rendered":"<p>Excelente figura de Ace de 25 cm de alto x 9 x 6 cm &nbsp; Los Piratas de Moriah son la banda dirigida en el pasado por Gekko Moriah, parte<\/p>\n","protected":false},"featured_media":3538,"comment_status":"open","ping_status":"closed","template":"","meta":[],"product_cat":[408],"product_tag":[],"_links":{"self":[{"href":"https:\/\/www.wtfsales.com.ar\/productos\/index.php\/wp-json\/wp\/v2\/product\/2152"}],"collection":[{"href":"https:\/\/www.wtfsales.com.ar\/productos\/index.php\/wp-json\/wp\/v2\/product"}],"about":[{"href":"https:\/\/www.wtfsales.com.ar\/productos\/index.php\/wp-json\/wp\/v2\/types\/product"}],"replies":[{"embeddable":true,"href":"https:\/\/www.wtfsales.com.ar\/productos\/index.php\/wp-json\/wp\/v2\/comments?post=2152"}],"wp:featuredmedia":[{"embeddable":true,"href":"https:\/\/www.wtfsales.com.ar\/productos\/index.php\/wp-json\/wp\/v2\/media\/3538"}],"wp:attachment":[{"href":"https:\/\/www.wtfsales.com.ar\/productos\/index.php\/wp-json\/wp\/v2\/media?parent=2152"}],"wp:term":[{"taxonomy":"product_cat","embeddable":true,"href":"https:\/\/www.wtfsales.com.ar\/productos\/index.php\/wp-json\/wp\/v2\/product_cat?post=2152"},{"taxonomy":"product_tag","embeddable":true,"href":"https:\/\/www.wtfsales.com.ar\/productos\/index.php\/wp-json\/wp\/v2\/product_tag?post=2152"}],"curies":[{"name":"wp","href":"https:\/\/api.w.org\/{rel}","templated":true}]}}