{"id":2099,"date":"2016-09-19T13:15:51","date_gmt":"2016-09-19T13:15:51","guid":{"rendered":"http:\/\/new.wtfsales.com.ar\/productos\/?post_type=product&#038;p=2099"},"modified":"2022-03-18T20:41:05","modified_gmt":"2022-03-18T20:41:05","slug":"saint-seiya-caballeros-del-zodiaco-shurra-capricornio","status":"publish","type":"product","link":"https:\/\/www.wtfsales.com.ar\/productos\/index.php\/producto\/saint-seiya-caballeros-del-zodiaco-shurra-capricornio\/","title":{"rendered":"Saint Seiya &#8211; Caballeros del Zodiaco Shurra Capricornio"},"content":{"rendered":"<p>Saint Seiya Japon<\/p>\n<div>GRAN CALIDAD DE DETALLES Y PINTURA<\/div>\n<div><\/div>\n<div>Tama\u00f1o 13-14 cm<\/div>\n<div><\/div>\n<div>Saint Seiya (\u8056\u95d8\u58eb\u661f\u77e2 Seinto Seiya?), conocido en espa\u00f1ol como Los Caballeros del Zod\u00edaco, es un manga sh\u014dnen creado en 1986 por Masami Kurumada y publicado originalmente en enero de 1986 en la revista Sh\u016bkan Sh\u014dnen Jump de la editorial Sh\u016beisha. Fue adaptado posteriormente en una serie de anime de 114 episodios, de los cuales los \u00faltimos 31 se publicaron en tres temporadas en formato OVA. Tambi\u00e9n se han publicado cinco pel\u00edculas animadas, sumando adem\u00e1s precuelas y secuelas oficiales de la historia original, permaneciendo as\u00ed vigente la franquicia hasta la fecha.<\/div>\n","protected":false},"excerpt":{"rendered":"<p>Saint Seiya Japon GRAN CALIDAD DE DETALLES Y PINTURA Tama\u00f1o 13-14 cm Saint Seiya (\u8056\u95d8\u58eb\u661f\u77e2 Seinto Seiya?), conocido en espa\u00f1ol como Los Caballeros del Zod\u00edaco, es un manga sh\u014dnen creado<\/p>\n","protected":false},"featured_media":3793,"comment_status":"open","ping_status":"closed","template":"","meta":[],"product_cat":[408],"product_tag":[251],"_links":{"self":[{"href":"https:\/\/www.wtfsales.com.ar\/productos\/index.php\/wp-json\/wp\/v2\/product\/2099"}],"collection":[{"href":"https:\/\/www.wtfsales.com.ar\/productos\/index.php\/wp-json\/wp\/v2\/product"}],"about":[{"href":"https:\/\/www.wtfsales.com.ar\/productos\/index.php\/wp-json\/wp\/v2\/types\/product"}],"replies":[{"embeddable":true,"href":"https:\/\/www.wtfsales.com.ar\/productos\/index.php\/wp-json\/wp\/v2\/comments?post=2099"}],"wp:featuredmedia":[{"embeddable":true,"href":"https:\/\/www.wtfsales.com.ar\/productos\/index.php\/wp-json\/wp\/v2\/media\/3793"}],"wp:attachment":[{"href":"https:\/\/www.wtfsales.com.ar\/productos\/index.php\/wp-json\/wp\/v2\/media?parent=2099"}],"wp:term":[{"taxonomy":"product_cat","embeddable":true,"href":"https:\/\/www.wtfsales.com.ar\/productos\/index.php\/wp-json\/wp\/v2\/product_cat?post=2099"},{"taxonomy":"product_tag","embeddable":true,"href":"https:\/\/www.wtfsales.com.ar\/productos\/index.php\/wp-json\/wp\/v2\/product_tag?post=2099"}],"curies":[{"name":"wp","href":"https:\/\/api.w.org\/{rel}","templated":true}]}}