{"id":2022,"date":"2016-09-19T12:25:52","date_gmt":"2016-09-19T12:25:52","guid":{"rendered":"http:\/\/new.wtfsales.com.ar\/productos\/?post_type=product&#038;p=2022"},"modified":"2022-03-18T20:37:23","modified_gmt":"2022-03-18T20:37:23","slug":"boo-ghost-sombrero-mario-bros-serie","status":"publish","type":"product","link":"https:\/\/www.wtfsales.com.ar\/productos\/index.php\/producto\/boo-ghost-sombrero-mario-bros-serie\/","title":{"rendered":"Boo Ghost Sombrero &#8211; Mario Bros Serie"},"content":{"rendered":"<p>Modelo del Boo Ghost de la Serie Mario Bros en Sombrero para Cosplay<\/p>\n<p>30 cm x 20 cm Completamente Bordado. De peluche Super Abrigado<\/p>\n<div>Es un Champi\u00f1\u00f3n con rostro de Boo. Su caracter\u00edstica es que puede convertir al personaje en un Boo para as\u00ed traspasar murallas y asustar, aunque se es susceptible a la luz. Su aparici\u00f3n se dio en Super Mario Galaxy y Super Mario Galaxy 2.<\/div>\n<div>\n<\/div>\n","protected":false},"excerpt":{"rendered":"<p>Modelo del Boo Ghost de la Serie Mario Bros en Sombrero para Cosplay 30 cm x 20 cm Completamente Bordado. De peluche Super Abrigado Es un Champi\u00f1\u00f3n con rostro de<\/p>\n","protected":false},"featured_media":3840,"comment_status":"open","ping_status":"closed","template":"","meta":[],"product_cat":[411],"product_tag":[148,151],"_links":{"self":[{"href":"https:\/\/www.wtfsales.com.ar\/productos\/index.php\/wp-json\/wp\/v2\/product\/2022"}],"collection":[{"href":"https:\/\/www.wtfsales.com.ar\/productos\/index.php\/wp-json\/wp\/v2\/product"}],"about":[{"href":"https:\/\/www.wtfsales.com.ar\/productos\/index.php\/wp-json\/wp\/v2\/types\/product"}],"replies":[{"embeddable":true,"href":"https:\/\/www.wtfsales.com.ar\/productos\/index.php\/wp-json\/wp\/v2\/comments?post=2022"}],"wp:featuredmedia":[{"embeddable":true,"href":"https:\/\/www.wtfsales.com.ar\/productos\/index.php\/wp-json\/wp\/v2\/media\/3840"}],"wp:attachment":[{"href":"https:\/\/www.wtfsales.com.ar\/productos\/index.php\/wp-json\/wp\/v2\/media?parent=2022"}],"wp:term":[{"taxonomy":"product_cat","embeddable":true,"href":"https:\/\/www.wtfsales.com.ar\/productos\/index.php\/wp-json\/wp\/v2\/product_cat?post=2022"},{"taxonomy":"product_tag","embeddable":true,"href":"https:\/\/www.wtfsales.com.ar\/productos\/index.php\/wp-json\/wp\/v2\/product_tag?post=2022"}],"curies":[{"name":"wp","href":"https:\/\/api.w.org\/{rel}","templated":true}]}}