{"id":2018,"date":"2016-09-19T12:23:57","date_gmt":"2016-09-19T12:23:57","guid":{"rendered":"http:\/\/new.wtfsales.com.ar\/productos\/?post_type=product&#038;p=2018"},"modified":"2022-03-18T19:59:59","modified_gmt":"2022-03-18T19:59:59","slug":"v-de-vendetta-mascara-nuevo-modelo","status":"publish","type":"product","link":"https:\/\/www.wtfsales.com.ar\/productos\/index.php\/producto\/v-de-vendetta-mascara-nuevo-modelo\/","title":{"rendered":"V de Vendetta Mascara Nuevo Modelo!"},"content":{"rendered":"<div id=\"content\">\n<div id=\"tab-description\" class=\"tab-content\">\n<p>Producto traido de Usa!<\/p>\n<p>20 cm x 16 cm<\/p>\n<p>Nuevo modelo Rigido. Con terminaciones de excelente calidad. Abertura en la boca para respirar.<\/p>\n<p>Tono mas Claro<\/p>\n<p>V de Vendetta es una novela gr\u00e1fica formada por una serie de diez comic books escritos por Alan Moore e ilustrados en su gran mayor\u00eda por David Lloyd, este \u00faltimo tambi\u00e9n llevar\u00eda a cabo las labores de apoyo en el concepto y en el guion de la pel\u00edcula basada en esta novela. El argumento de la serie esta situado en un futuro dist\u00f3pico de finales de la d\u00e9cada de los 90 (la serie fue creada en los 80).<\/p>\n<div>La historia est\u00e1 ambientada en Gran Breta\u00f1a durante un futuro cercano y tras una guerra nuclear parcial, con gran parte del mundo destruido. En este futuro, un partido fascista ostenta el poder en el Reino Unido. Un misterioso revolucionario apodado \u00abV\u00bb, oculto tras una m\u00e1scara de Guy Fawkes, empieza una elaborada y violenta campa\u00f1a con el fin de derrocar el gobierno e incitar a la poblaci\u00f3n a adoptar un modelo anarquista.<\/div>\n<div>Aunque la serie originalmente fue ideada y publicada como una serie limitada de diez comic books, ha sido recopilada posteriormente como una novela gr\u00e1fica de la cual se realizan nuevas ediciones en numerosos pa\u00edses.<\/div>\n<\/div>\n<\/div>\n<div id=\"footer\"><\/div>\n","protected":false},"excerpt":{"rendered":"<p>Producto traido de Usa! 20 cm x 16 cm Nuevo modelo Rigido. Con terminaciones de excelente calidad. Abertura en la boca para respirar. Tono mas Claro V de Vendetta es<\/p>\n","protected":false},"featured_media":2020,"comment_status":"open","ping_status":"closed","template":"","meta":[],"product_cat":[411],"product_tag":[164],"_links":{"self":[{"href":"https:\/\/www.wtfsales.com.ar\/productos\/index.php\/wp-json\/wp\/v2\/product\/2018"}],"collection":[{"href":"https:\/\/www.wtfsales.com.ar\/productos\/index.php\/wp-json\/wp\/v2\/product"}],"about":[{"href":"https:\/\/www.wtfsales.com.ar\/productos\/index.php\/wp-json\/wp\/v2\/types\/product"}],"replies":[{"embeddable":true,"href":"https:\/\/www.wtfsales.com.ar\/productos\/index.php\/wp-json\/wp\/v2\/comments?post=2018"}],"wp:featuredmedia":[{"embeddable":true,"href":"https:\/\/www.wtfsales.com.ar\/productos\/index.php\/wp-json\/wp\/v2\/media\/2020"}],"wp:attachment":[{"href":"https:\/\/www.wtfsales.com.ar\/productos\/index.php\/wp-json\/wp\/v2\/media?parent=2018"}],"wp:term":[{"taxonomy":"product_cat","embeddable":true,"href":"https:\/\/www.wtfsales.com.ar\/productos\/index.php\/wp-json\/wp\/v2\/product_cat?post=2018"},{"taxonomy":"product_tag","embeddable":true,"href":"https:\/\/www.wtfsales.com.ar\/productos\/index.php\/wp-json\/wp\/v2\/product_tag?post=2018"}],"curies":[{"name":"wp","href":"https:\/\/api.w.org\/{rel}","templated":true}]}}