{"id":1967,"date":"2016-09-19T11:54:30","date_gmt":"2016-09-19T11:54:30","guid":{"rendered":"http:\/\/new.wtfsales.com.ar\/productos\/?post_type=product&#038;p=1967"},"modified":"2021-12-14T02:02:27","modified_gmt":"2021-12-14T02:02:27","slug":"nave-jedi-starfighter-obi-wans-series-star-wars","status":"publish","type":"product","link":"https:\/\/www.wtfsales.com.ar\/productos\/index.php\/producto\/nave-jedi-starfighter-obi-wans-series-star-wars\/","title":{"rendered":"Nave Jedi Starfighter Obi-Wan&#8217;s Series Star Wars"},"content":{"rendered":"<p>Nave de Jedi Starfighter Obi-Wan&#8217;s de la serie Star Wars<\/p>\n<p>7 cm x 6 cm x 4 cm<\/p>\n<p>Serie Titanium de Micro Machines<\/p>\n<div>El jedi Starfighter o El Delta-7 Jedi Starfighter era un veh\u00edculo utilizado por la Orden Jedi, que fue modificado por la inteligencia Jedi cuando los separatistas formaron la confederaci\u00f3n independiente de sistemas y ya casi era inminente la guerra, el prototipo fue probado por la maestra Adi Gallia semanas antes del ataque de los clones y este llevaba armas como torpedos, ca\u00f1ones laser, descargas de energia y ondas choque de sonido. La nave permit\u00eda viajar de un sistema planetario a otro para completar misiones a su piloto Jedi con un droide astromec\u00e1nico. Fue utilizado de manera formal por Obi-Wan Kenobi en su investigaci\u00f3n del intento de asesinato de la senadora Padm\u00e9 Amidala, durante la incursion a Geonosis dirigida por el maestro Mace Windu fueron 200 jedis en esa legion, en las Guerras Clon por Adi Gallia, Anakin Skywalker y Saesee Tiin y demas jedis.<\/div>\n<div><\/div>\n<div>Se puede pilotar en el juego arcade Star Wars: Jedi Starfigther, y tambi\u00e9n aparece en el juego arcade 3D Star Wars: Galactic Battlegrounds: Clone Campaigns. Ambos fueron publicados en 2002.<\/div>\n<div><img loading=\"lazy\" class=\"alignnone size-full wp-image-1971\" src=\"http:\/\/new.wtfsales.com.ar\/productos\/wp-content\/uploads\/2016\/09\/51vDEg4M4DL-500x500.jpg\" alt=\"51vdeg4m4dl-500x500\" width=\"500\" height=\"460\" srcset=\"https:\/\/www.wtfsales.com.ar\/productos\/wp-content\/uploads\/2016\/09\/51vDEg4M4DL-500x500.jpg 500w, https:\/\/www.wtfsales.com.ar\/productos\/wp-content\/uploads\/2016\/09\/51vDEg4M4DL-500x500-300x276.jpg 300w\" sizes=\"(max-width: 500px) 100vw, 500px\" \/> <img loading=\"lazy\" class=\"alignnone size-full wp-image-1970\" src=\"http:\/\/new.wtfsales.com.ar\/productos\/wp-content\/uploads\/2016\/09\/DSC_0977-500x500.jpg\" alt=\"dsc_0977-500x500\" width=\"500\" height=\"500\" srcset=\"https:\/\/www.wtfsales.com.ar\/productos\/wp-content\/uploads\/2016\/09\/DSC_0977-500x500.jpg 500w, https:\/\/www.wtfsales.com.ar\/productos\/wp-content\/uploads\/2016\/09\/DSC_0977-500x500-300x300.jpg 300w, https:\/\/www.wtfsales.com.ar\/productos\/wp-content\/uploads\/2016\/09\/DSC_0977-500x500-100x100.jpg 100w, https:\/\/www.wtfsales.com.ar\/productos\/wp-content\/uploads\/2016\/09\/DSC_0977-500x500-150x150.jpg 150w\" sizes=\"(max-width: 500px) 100vw, 500px\" \/> <img loading=\"lazy\" class=\"alignnone size-full wp-image-1969\" src=\"http:\/\/new.wtfsales.com.ar\/productos\/wp-content\/uploads\/2016\/09\/DSC_0976-500x500.jpg\" alt=\"dsc_0976-500x500\" width=\"500\" height=\"500\" srcset=\"https:\/\/www.wtfsales.com.ar\/productos\/wp-content\/uploads\/2016\/09\/DSC_0976-500x500.jpg 500w, https:\/\/www.wtfsales.com.ar\/productos\/wp-content\/uploads\/2016\/09\/DSC_0976-500x500-300x300.jpg 300w, https:\/\/www.wtfsales.com.ar\/productos\/wp-content\/uploads\/2016\/09\/DSC_0976-500x500-100x100.jpg 100w, https:\/\/www.wtfsales.com.ar\/productos\/wp-content\/uploads\/2016\/09\/DSC_0976-500x500-150x150.jpg 150w\" sizes=\"(max-width: 500px) 100vw, 500px\" \/> <img loading=\"lazy\" class=\"alignnone size-full wp-image-1968\" src=\"http:\/\/new.wtfsales.com.ar\/productos\/wp-content\/uploads\/2016\/09\/DSC_0975-500x500.jpg\" alt=\"dsc_0975-500x500\" width=\"500\" height=\"500\" srcset=\"https:\/\/www.wtfsales.com.ar\/productos\/wp-content\/uploads\/2016\/09\/DSC_0975-500x500.jpg 500w, https:\/\/www.wtfsales.com.ar\/productos\/wp-content\/uploads\/2016\/09\/DSC_0975-500x500-300x300.jpg 300w, https:\/\/www.wtfsales.com.ar\/productos\/wp-content\/uploads\/2016\/09\/DSC_0975-500x500-100x100.jpg 100w, https:\/\/www.wtfsales.com.ar\/productos\/wp-content\/uploads\/2016\/09\/DSC_0975-500x500-150x150.jpg 150w\" sizes=\"(max-width: 500px) 100vw, 500px\" \/><\/div>\n","protected":false},"excerpt":{"rendered":"<p>Nave de Jedi Starfighter Obi-Wan&#8217;s de la serie Star Wars 7 cm x 6 cm x 4 cm Serie Titanium de Micro Machines El jedi Starfighter o El Delta-7 Jedi<\/p>\n","protected":false},"featured_media":1971,"comment_status":"open","ping_status":"closed","template":"","meta":[],"product_cat":[408],"product_tag":[152,193,153],"_links":{"self":[{"href":"https:\/\/www.wtfsales.com.ar\/productos\/index.php\/wp-json\/wp\/v2\/product\/1967"}],"collection":[{"href":"https:\/\/www.wtfsales.com.ar\/productos\/index.php\/wp-json\/wp\/v2\/product"}],"about":[{"href":"https:\/\/www.wtfsales.com.ar\/productos\/index.php\/wp-json\/wp\/v2\/types\/product"}],"replies":[{"embeddable":true,"href":"https:\/\/www.wtfsales.com.ar\/productos\/index.php\/wp-json\/wp\/v2\/comments?post=1967"}],"wp:featuredmedia":[{"embeddable":true,"href":"https:\/\/www.wtfsales.com.ar\/productos\/index.php\/wp-json\/wp\/v2\/media\/1971"}],"wp:attachment":[{"href":"https:\/\/www.wtfsales.com.ar\/productos\/index.php\/wp-json\/wp\/v2\/media?parent=1967"}],"wp:term":[{"taxonomy":"product_cat","embeddable":true,"href":"https:\/\/www.wtfsales.com.ar\/productos\/index.php\/wp-json\/wp\/v2\/product_cat?post=1967"},{"taxonomy":"product_tag","embeddable":true,"href":"https:\/\/www.wtfsales.com.ar\/productos\/index.php\/wp-json\/wp\/v2\/product_tag?post=1967"}],"curies":[{"name":"wp","href":"https:\/\/api.w.org\/{rel}","templated":true}]}}