{"id":1893,"date":"2016-09-17T20:20:39","date_gmt":"2016-09-17T20:20:39","guid":{"rendered":"http:\/\/new.wtfsales.com.ar\/productos\/?post_type=product&#038;p=1893"},"modified":"2022-03-18T20:13:20","modified_gmt":"2022-03-18T20:13:20","slug":"scratchy-treehouse-of-horror","status":"publish","type":"product","link":"https:\/\/www.wtfsales.com.ar\/productos\/index.php\/producto\/scratchy-treehouse-of-horror\/","title":{"rendered":"Scratchy (Treehouse of Horror)"},"content":{"rendered":"<p>Increible Figura de la Serie Halloween de los Simpsons. Viene con un escenario (de carton) que al utilizar la luz que tiene el personaje deja ver un mensaje o imagen oculta. En su bolsa original con una tarjeta. Viene con pilas, interruptor de on-off y boton para encender la luz. Solo fue abierto para sacar las fotos.<\/p>\n<p>12 cm x 4 cm<\/p>\n<div>Itchy and Scratchy (Rasca y Pica en Espa\u00f1a1 y Tomy y Daly en Hispanoam\u00e9rica)2 es una serie de dibujos animados de ficci\u00f3n en la serie televisiva Los Simpson, que se emite en el programa de Krusty el payaso.<\/div>\n<div><\/div>\n<div>Muestra a un rat\u00f3n azul (Itchy en Estados Unidos, Pica en Espa\u00f1a y Daly en Hispanoam\u00e9rica) siempre matando brutalmente de distintas maneras a un gato negro (Scratchy en Estados Unidos, Rasca en Espa\u00f1a y Tomy en Hispanoam\u00e9rica).<\/div>\n<div>Itchy and Scratchy es una parodia de la serie de dibujos animados Tom y Jerry, aunque tambi\u00e9n se parodia al rat\u00f3n Mickey Mouse (en especial de los episodios m\u00e1s violentos, que se hicieron durante la Segunda Guerra Mundial). De igual modo, satiriza la violencia en los programas de televisi\u00f3n para ni\u00f1os. Adem\u00e1s cada episodio de Itchy and Scratchy suele parodiar otras pel\u00edculas, programas de televisi\u00f3n, videos musicales o episodios de la historia.<\/div>\n<div>Bart y Lisa encuentran hilarante su aviesa y estramb\u00f3tica violencia, pero en un episodio, su hermana menor, Maggie, imita a los personajes de la serie golpeando a su padre Homer en la cabeza, provocando que Marge intente eliminar esa fuente de violencia. En otro episodio, a Homer lo descubri\u00f3 un productor por su voz, ya que por baja audiencia insertar\u00edan a un nuevo personaje en la serie, Poochie, un perro extremo, surfista y skateboarder, que sin embargo no tuvo \u00e9xito entre los televidentes.<\/div>\n<div>Se supone que esta serie ficticia se lleva produciendo desde principios del siglo XX, primero para el cine y posteriormente para la televisi\u00f3n. A veces se muestran cap\u00edtulos antiguos de Itchy and Scratchy satirizando otros aspectos de los primeros a\u00f1os de la animaci\u00f3n; por ejemplo, en un episodio de Los Simpson aparece una animaci\u00f3n de Itchy and Scratchy muy similar al antiguo Steamboat Willie de Mickey Mouse. Tambi\u00e9n se muestra otro episodio antiguo de Itchy and Scratchy donde se parodia la pel\u00edcula Fantas\u00eda de Disney. Tambi\u00e9n aparece un parque de diversiones llamado Rascapiquilandia (Espa\u00f1a) o La Tierra de Tomy &amp; Daly (Hispanoam\u00e9rica), una s\u00e1tira de Disneylandia.<\/div>\n<div><\/div>\n<div>Cuando el programa pas\u00f3 a formar parte del Show de Gabbo, fue reemplazado en el programa de Krusty por Worker and Parasite (\u00abObrero y Par\u00e1sito\u00bb), \u00abel programa favorito de Europa Oriental\u00bb.<\/div>\n<div>En la vida real, Itchy &amp; Scratchy tambi\u00e9n han tenido una colecci\u00f3n de comic-books publicada por Bongo Comics Group. Ediciones B la public\u00f3 con escaso \u00e9xito en Espa\u00f1a con el nombre de Pica y Rasca.<\/div>\n<div>En una fecha anterior al tiempo en que se comete la acci\u00f3n de la serie \u2014 seg\u00fan Bart comenta a Lisa (le dice que era muy peque\u00f1a para recordarlo) cuando visitaron el parque de diversiones arriba mencionado \u2014 Itchy and Scratchy ten\u00edan m\u00e1s personajes: una almeja llamada Ku Klux Klam (Ku Klux en Espa\u00f1a y Ku Klux Klany en Hispanoam\u00e9rica), una cabra, Disgruntled Goat (la Cabra Mala Uva en Espa\u00f1a y el Chivo Berrinches en Hispanoam\u00e9rica), y una hormiga, Uncle Ant (T\u00edo Hormiga).<\/div>\n","protected":false},"excerpt":{"rendered":"<p>Increible Figura de la Serie Halloween de los Simpsons. Viene con un escenario (de carton) que al utilizar la luz que tiene el personaje deja ver un mensaje o imagen<\/p>\n","protected":false},"featured_media":3853,"comment_status":"open","ping_status":"closed","template":"","meta":[],"product_cat":[408],"product_tag":[159,175,245],"_links":{"self":[{"href":"https:\/\/www.wtfsales.com.ar\/productos\/index.php\/wp-json\/wp\/v2\/product\/1893"}],"collection":[{"href":"https:\/\/www.wtfsales.com.ar\/productos\/index.php\/wp-json\/wp\/v2\/product"}],"about":[{"href":"https:\/\/www.wtfsales.com.ar\/productos\/index.php\/wp-json\/wp\/v2\/types\/product"}],"replies":[{"embeddable":true,"href":"https:\/\/www.wtfsales.com.ar\/productos\/index.php\/wp-json\/wp\/v2\/comments?post=1893"}],"wp:featuredmedia":[{"embeddable":true,"href":"https:\/\/www.wtfsales.com.ar\/productos\/index.php\/wp-json\/wp\/v2\/media\/3853"}],"wp:attachment":[{"href":"https:\/\/www.wtfsales.com.ar\/productos\/index.php\/wp-json\/wp\/v2\/media?parent=1893"}],"wp:term":[{"taxonomy":"product_cat","embeddable":true,"href":"https:\/\/www.wtfsales.com.ar\/productos\/index.php\/wp-json\/wp\/v2\/product_cat?post=1893"},{"taxonomy":"product_tag","embeddable":true,"href":"https:\/\/www.wtfsales.com.ar\/productos\/index.php\/wp-json\/wp\/v2\/product_tag?post=1893"}],"curies":[{"name":"wp","href":"https:\/\/api.w.org\/{rel}","templated":true}]}}