{"id":1881,"date":"2016-09-17T20:05:36","date_gmt":"2016-09-17T20:05:36","guid":{"rendered":"http:\/\/new.wtfsales.com.ar\/productos\/?post_type=product&#038;p=1881"},"modified":"2022-03-18T20:14:25","modified_gmt":"2022-03-18T20:14:25","slug":"lisa-clobber-girl-treehouse-of-horror-x","status":"publish","type":"product","link":"https:\/\/www.wtfsales.com.ar\/productos\/index.php\/producto\/lisa-clobber-girl-treehouse-of-horror-x\/","title":{"rendered":"Lisa Clobber Girl (Treehouse of Horror X)"},"content":{"rendered":"<div>\n<p>Increible Figura de Lisa super Heroe en la Serie Halloween de los Simpsons. Viene con un escenario (de carton) que al utilizar la luz que tiene el personaje deja ver un mensaje o imagen oculta. En su bolsa original con una tarjeta. Viene con pilas, interruptor de on-off y boton para encender la luz. Solo fue abierto para sacar las fotos.<\/p>\n<p>12 cm x 4 cm<\/p>\n<\/div>\n<div>Desperately Xeeking Xena<\/div>\n<div><\/div>\n<div>Marge lleva a Bart y a Lisa a la Escuela Primaria de Springfield, en donde el jefe Wiggum est\u00e1 haciendo funcionar una m\u00e1quina port\u00e1til de rayos X para inspeccionar los dulces de los ni\u00f1os. Cuando est\u00e1 inspeccionando los caramelos de Nelson, la m\u00e1quina, al estar atorada por la gran cantidad de dulces, explota, liberando radiaci\u00f3n. Al impactar en Bart, los rayos le dan el poder de estirarse anormalmente, mientras que a Lisa le da una extraordinaria fuerza. Juntos, se convierten en superh\u00e9roes, llamados \u00abClobber Girl\u00bb (\u00abChica hierro\u00bb en Espa\u00f1a y \u00abLa Golpeadora\u00bb en Hispanoam\u00e9rica) y \u00abStretch Dude\u00bb (\u00abChico goma\u00bb en Espa\u00f1a y \u00abEl Hombre El\u00e1stico\u00bb en Hispanoam\u00e9rica). En su primera aventura, la actriz Lucy Lawless, disfrazada de Xena, es raptada por un villano llamado \u00abEl Coleccionista\u00bb mientras que estaba dando una conferencia en una convenci\u00f3n de historietas. \u00abEl Coleccionista\u00bb (\u00abThe Collector\u00bb en la versi\u00f3n original en ingl\u00e9s), quien es Jeff Albertson, lleva a Lucy hacia un s\u00f3tano, en donde la coloca en una bolsa de pl\u00e1stico, poni\u00e9ndola en exhibici\u00f3n junto a muchos otros personajes. \u00abClobber Girl\u00bb y \u00abStretch Dude\u00bb van a rescatar a Lucy, pero El Coleccionista los ata uno con el otro y los pone sobre un recipiente lleno de metacrilato l\u00edquido, hacia el cual van cayendo lentamente. Lawless, entonces, todav\u00eda en su bolsa de pl\u00e1stico, atrae al Coleccionista hacia ella, y, cuando lo tiene cerca, comienza a golpearlo (en clara alusi\u00f3n a su personaje Xena: la princesa guerrera). Una vez enfrentados, El Coleccionista toma un sable luminoso de Star Wars para combatir a \u00abXena\u00bb, pero ella lo detiene, haci\u00e9ndole notar que lo hab\u00eda sacado de su empaque original. En medio del combate, el coleccionista cae al metacrilato liquido. Luego, sale y antes de que el pl\u00e1stico l\u00edquido se seque decide morir adoptando la pose de uno de los personajes de \u00abBattlestar Galactica\u00bb o como dice el antes de secarse del todo \u00abo&#8230; la&#8230; muerte&#8230; m\u00e1s&#8230; digna\u00bb Lucy Lawless rescata a Bart y a Lisa y se los lleva volando, cuando Lisa le dice \u00abpero Xena no vuela\u00bb, la actriz contesta: \u00abYa les dije que noy soy Xena, soy Lucy Lawless\u00bb (en referencia a que la actriz tambi\u00e9n actuo en la serie de televisi\u00f3n de Wonder Woman (Mujer Maravilla)).<\/div>\n","protected":false},"excerpt":{"rendered":"<p>Increible Figura de Lisa super Heroe en la Serie Halloween de los Simpsons. Viene con un escenario (de carton) que al utilizar la luz que tiene el personaje deja ver<\/p>\n","protected":false},"featured_media":3849,"comment_status":"open","ping_status":"closed","template":"","meta":[],"product_cat":[408],"product_tag":[245],"_links":{"self":[{"href":"https:\/\/www.wtfsales.com.ar\/productos\/index.php\/wp-json\/wp\/v2\/product\/1881"}],"collection":[{"href":"https:\/\/www.wtfsales.com.ar\/productos\/index.php\/wp-json\/wp\/v2\/product"}],"about":[{"href":"https:\/\/www.wtfsales.com.ar\/productos\/index.php\/wp-json\/wp\/v2\/types\/product"}],"replies":[{"embeddable":true,"href":"https:\/\/www.wtfsales.com.ar\/productos\/index.php\/wp-json\/wp\/v2\/comments?post=1881"}],"wp:featuredmedia":[{"embeddable":true,"href":"https:\/\/www.wtfsales.com.ar\/productos\/index.php\/wp-json\/wp\/v2\/media\/3849"}],"wp:attachment":[{"href":"https:\/\/www.wtfsales.com.ar\/productos\/index.php\/wp-json\/wp\/v2\/media?parent=1881"}],"wp:term":[{"taxonomy":"product_cat","embeddable":true,"href":"https:\/\/www.wtfsales.com.ar\/productos\/index.php\/wp-json\/wp\/v2\/product_cat?post=1881"},{"taxonomy":"product_tag","embeddable":true,"href":"https:\/\/www.wtfsales.com.ar\/productos\/index.php\/wp-json\/wp\/v2\/product_tag?post=1881"}],"curies":[{"name":"wp","href":"https:\/\/api.w.org\/{rel}","templated":true}]}}