{"id":1871,"date":"2016-09-17T19:58:44","date_gmt":"2016-09-17T19:58:44","guid":{"rendered":"http:\/\/new.wtfsales.com.ar\/productos\/?post_type=product&#038;p=1871"},"modified":"2022-03-18T20:15:25","modified_gmt":"2022-03-18T20:15:25","slug":"marge-treehouse-of-horror-iii","status":"publish","type":"product","link":"https:\/\/www.wtfsales.com.ar\/productos\/index.php\/producto\/marge-treehouse-of-horror-iii\/","title":{"rendered":"Marge (Treehouse of Horror III)"},"content":{"rendered":"<p>Increible Figura de la Serie Halloween de los Simpsons. Viene con un escenario (de carton) que al utilizar la luz que tiene el personaje deja ver un mensaje o imagen oculta. En su bolsa original con una tarjeta. Viene con pilas, interruptor de on-off y boton para encender la luz. Solo fue abierto para sacar las fotos.<\/p>\n<p>12 cm x 7 cm<\/p>\n<div>Los Simpson celebran una fiesta de Halloween en su casa, con la mayor\u00eda de los ni\u00f1os de Springfield. Lisa, el Abuelo y Bart cuentan cada uno una historia de terror. Los disfraces de Halloween incluyen a Homer como Julio C\u00e9sar, Marge como Cleopatra, Bart como Alex DeLarge de La Naranja Mec\u00e1nica, Lisa como la Estatua de la Libertad, Martin como Cal\u00edope, Nelson como un pirata, Janey como un hada, Wendell como un astronauta, Lewis como el monstruo de Frankenstein y Ned Flanders como un zombi sin cabeza.<\/div>\n<div><\/div>\n<div>Clown Without Pity<\/div>\n<div><\/div>\n<div>El segmento comienza en el cumplea\u00f1os de Bart, en la casa de los Simpson. Homer, repentinamente, se da cuenta de que hab\u00eda olvidado de comprarle un regalo de cumplea\u00f1os a Bart, por lo que va a comprarle uno en una tienda en donde se vend\u00edan art\u00edculos de magia negra. All\u00ed, compra un mu\u00f1eco parlante de Krusty el Payaso. El vendedor le advierte que el mu\u00f1eco tiene una maldici\u00f3n, pero Homer no le hace caso. Luego, regresa a la fiesta, y le regala el mu\u00f1eco a Bart. El Abuelo comienza a decir que el mu\u00f1eco es malo, pero admite que s\u00f3lo lo hac\u00eda para llamar la atenci\u00f3n. M\u00e1s tarde, cuando Homer juega con el mu\u00f1eco, \u00e9ste le dice que lo va a matar. Al principio no le hace caso, pero luego el mu\u00f1eco lo amenaza con un enorme cuchillo. Despu\u00e9s de que el mu\u00f1eco intente matarlo muchas veces m\u00e1s, Homer lo mete en una bolsa, lo encierra en una valija y lo arroja a un \u00abPozo sin Fondo\u00bb. Cuando regresa a su casa, Homer se recuesta en la sala, pero se encuentra al payaso, que hab\u00eda logrado escapar. Marge finalmente ve al mu\u00f1eco ahorcando a Homer (antes, ning\u00fan miembro de su familia le hab\u00eda cre\u00eddo a Homer), y llama a la compa\u00f1\u00eda \u00abKrustyCo\u00bb para que la ayuden. Un encargado de la empresa arregla el problema, moviendo el interruptor del mu\u00f1eco de \u00abMalvado\u00bb a \u00abBueno\u00bb. Finalmente, el mu\u00f1eco Krusty se convierte en el sirviente de Homer.<\/div>\n<div><\/div>\n<div>King Homer<\/div>\n<div><\/div>\n<div>En un segmento en blanco y negro, Marge acompa\u00f1a al Sr. Burns y a Smithers a una expedici\u00f3n a la Isla del Simio, para encontrar al legendario King Homer. Despu\u00e9s de aterrizar en la isla, el Sr. Burns, Smithers, y Marge ven a la tribu nativa, pero son atrapados, ya que el cabello de Marge pod\u00eda ser visto por sobre los arbustos. Los nativos se ponen de acuerdo en que \u00abLa mujer del cabello azul har\u00eda un buen sacrificio\u00bb y la atan a un poste. Un sonido de tambores presenta a King Homer (quien estaba ocupado peleando con un dinosaurio gigante). Marge est\u00e1 aterrorizada al principio, pero luego ve el lado amable de Homer cuando \u00e9l queda atra\u00eddo con el perfume de la dama, y se hacen amigos. Sin embargo, el Sr. Burns captura a King Homer gracias a una bomba de gas. De regreso en Nueva York, el grupo presenta a King Homer en el teatro Broadway. Los flashes de los fot\u00f3grafos enfurecen a King Homer, quien se libera de sus cadenas. Luego, secuestra a Marge y camina por la ciudad, comiendo a mucha gente. Despu\u00e9s, trata de escalar el Empire State, pero no logra llegar muy alto. King Homer cae al suelo, exhausto, y Marge le sugiere comer m\u00e1s vegetales y menos gente. Finalmente, King Homer y Marge se casan. La historia termina con la boda, y King Homer se come al padre de Marge (a pesar de ello, Marge no est\u00e1 enojada).<\/div>\n<div><\/div>\n<div>Dial &#8216;Z&#8217; For Zombies<\/div>\n<div><\/div>\n<div>Mientras busca libros en la biblioteca de la Escuela Primaria de Springfield para un reporte, Bart encuentra un libro de magia negra en la \u00abSecci\u00f3n Oculta\u00bb de la biblioteca. Esa noche, cuando Lisa le recuerda que ese d\u00eda se cumpl\u00eda un a\u00f1o de la muerte de su gato, Snowball I, Bart sugiere que podr\u00edan usar el libro para resucitar al gato. En el cementerio de mascotas de Springfield, Bart pronuncia un hechizo del libro, pero accidentalmente reanima cad\u00e1veres humanos, que descansaban en paz en el cementerio aleda\u00f1o. Los zombies aterrorizan a Springfield, volviendo zombie a mucha gente, incluyendo al director Skinner, Ned Flanders y Krusty the Clown. Mientras tanto, la familia Simpson sella todas las puertas y ventanas excepto la puerta trasera, la cual estaba a cargo de Homer, quien hab\u00eda preferido quedarse viendo televisi\u00f3n que cerrarla. Muchos zombies entran en la casa y comienzan a perseguir a la familia. Lisa se da cuenta de que la biblioteca deb\u00eda tener un libro con un contrahechizo para la maldici\u00f3n. La familia corre hacia el auto, bajo la protecci\u00f3n de la escopeta de Homer. Flanders aparece y pregunta si puede morder la oreja de Homer. Homer le responde dispar\u00e1ndole y mat\u00e1ndolo con su arma. La familia grita, sorprendida, que hab\u00eda matado al zombie de Flanders. Homer responde: \u00abAh, \u00bfera un zombie?\u00bb<\/div>\n<div>Los Simpson, luego, llegan a la Primaria de Springfield y entran, matando a los zombies que se les cruzan en el camino. Numerosos muertos tratan de atacar a la familia, incluyendo a George Washington, Albert Einstein, y William Shakespeare. Homer les dispara a todos y la familia llega a la secci\u00f3n oculta de la biblioteca. Bart, desesperado, busca el libro adecuado, mientras los zombies tratan de entrar por la puerta. Bart logra encontrar el libro y pronunciar el contrahechizo, por lo que los zombies regresan a sus tumbas. La ma\u00f1ana despu\u00e9s del desastre, el Alcalde Diamante da un discurso a la ciudad parodiando los discursos de los finales de las pel\u00edculas cuyo tema principal es una tragedia. Mientras tanto, los Simpson est\u00e1n mirando TV y Marge remarca que tuvieron suerte por no haber sido convertidos en zombies. Sin embargo, mientras siguen con la mirada fija en la pantalla, la familia entera habla con voces mon\u00f3tonas, al igual que lo hacen los zombies.<\/div>\n<p>&nbsp;<\/p>\n","protected":false},"excerpt":{"rendered":"<p>Increible Figura de la Serie Halloween de los Simpsons. Viene con un escenario (de carton) que al utilizar la luz que tiene el personaje deja ver un mensaje o imagen<\/p>\n","protected":false},"featured_media":3850,"comment_status":"open","ping_status":"closed","template":"","meta":[],"product_cat":[408],"product_tag":[159,245],"_links":{"self":[{"href":"https:\/\/www.wtfsales.com.ar\/productos\/index.php\/wp-json\/wp\/v2\/product\/1871"}],"collection":[{"href":"https:\/\/www.wtfsales.com.ar\/productos\/index.php\/wp-json\/wp\/v2\/product"}],"about":[{"href":"https:\/\/www.wtfsales.com.ar\/productos\/index.php\/wp-json\/wp\/v2\/types\/product"}],"replies":[{"embeddable":true,"href":"https:\/\/www.wtfsales.com.ar\/productos\/index.php\/wp-json\/wp\/v2\/comments?post=1871"}],"wp:featuredmedia":[{"embeddable":true,"href":"https:\/\/www.wtfsales.com.ar\/productos\/index.php\/wp-json\/wp\/v2\/media\/3850"}],"wp:attachment":[{"href":"https:\/\/www.wtfsales.com.ar\/productos\/index.php\/wp-json\/wp\/v2\/media?parent=1871"}],"wp:term":[{"taxonomy":"product_cat","embeddable":true,"href":"https:\/\/www.wtfsales.com.ar\/productos\/index.php\/wp-json\/wp\/v2\/product_cat?post=1871"},{"taxonomy":"product_tag","embeddable":true,"href":"https:\/\/www.wtfsales.com.ar\/productos\/index.php\/wp-json\/wp\/v2\/product_tag?post=1871"}],"curies":[{"name":"wp","href":"https:\/\/api.w.org\/{rel}","templated":true}]}}