{"id":1839,"date":"2016-09-15T13:27:49","date_gmt":"2016-09-15T13:27:49","guid":{"rendered":"http:\/\/new.wtfsales.com.ar\/productos\/?post_type=product&#038;p=1839"},"modified":"2022-03-18T19:57:19","modified_gmt":"2022-03-18T19:57:19","slug":"marshall-teach-one-piece","status":"publish","type":"product","link":"https:\/\/www.wtfsales.com.ar\/productos\/index.php\/producto\/marshall-teach-one-piece\/","title":{"rendered":"Marshall Teach &#8211; One Piece"},"content":{"rendered":"<div>5 cm x 4 cm x 2 cm<\/div>\n<div><\/div>\n<div>Marshall D. Teach (\u30de\u30fc\u30b7\u30e3\u30eb\u30fbD\u30fb\u30c6\u30a3\u30fc\u30c1, M\u0101sharu D. T\u012bchi), mejor conocido como Barbanegra (\u9ed2\u3072\u3052) es el capit\u00e1n de los Piratas de Barbanegra.<\/div>\n<div>Fue anteriormente un miembro de la segunda divisi\u00f3n de la Banda de Barbablanca, liderada por Portgas D. Ace, hasta que asesin\u00f3 al Comandante Thatch de la cuarta divisi\u00f3n con el fin de obtener la Yami Yami no Mi. Tambi\u00e9n ha sido Shichibukai durante un breve periodo de tiempo, sustituyendo el puesto libre dejado por Crocodile tras haber capturado a Ace para la Marina, pero renunci\u00f3 a su t\u00edtulo porque su objetivo era entrar en Impel Down y reclutar all\u00ed miembros poderosos para su banda. Tras el salto temporal de dos a\u00f1os, se ha vuelto uno de los Yonko ocupando el puesto de Barbablanca. \u00c9l es uno de los antagonistas principales de la serie.<\/div>\n<div><\/div>\n<div>Barbanegra es un hombre de mediana edad con un tama\u00f1o masivo, varios dientes rotos o desaparecidos, la nariz pronunciada y torcida, y un pecho muy grande y peludo. El pelo es largo, grueso, negro y rizado; cae por la parte de atr\u00e1s de su cuello, debajo de un pa\u00f1uelo negro, y una peque\u00f1a barba negra desali\u00f1ada (de ah\u00ed su apodo) crece alrededor de su mand\u00edbula. A medida que la serie va avanzando, su barba se hace m\u00e1s larga y poblada.<\/div>\n<div>\u00c9l es uno de los pocos personajes de la serie que se adaptan mejor lo que es un pirata estereotipado .<\/div>\n<div><\/div>\n<div>Su vestimenta ha ido cambiando cada vez que aparece, la primera vez que apareci\u00f3 fue en Mock Town donde apareci\u00f3 con pantalones verdes, una pa\u00f1oleta amarillas a la cintura, y una pa\u00f1oleta caf\u00e9 en su cabeza. Luego, en la isla Banaro, apareci\u00f3 con la misma ropa excepto por una chaqueta negra de capit\u00e1n. Despu\u00e9s, en la saga de Impel Down y Marineford su camisa blanca la cambia por una roja y empieza a usar una galera negra sobre la pa\u00f1oleta de la cabeza<\/div>\n","protected":false},"excerpt":{"rendered":"<p>5 cm x 4 cm x 2 cm Marshall D. Teach (\u30de\u30fc\u30b7\u30e3\u30eb\u30fbD\u30fb\u30c6\u30a3\u30fc\u30c1, M\u0101sharu D. T\u012bchi), mejor conocido como Barbanegra (\u9ed2\u3072\u3052) es el capit\u00e1n de los Piratas de Barbanegra. Fue anteriormente<\/p>\n","protected":false},"featured_media":3810,"comment_status":"open","ping_status":"closed","template":"","meta":[],"product_cat":[408],"product_tag":[158,157,156,159,175],"_links":{"self":[{"href":"https:\/\/www.wtfsales.com.ar\/productos\/index.php\/wp-json\/wp\/v2\/product\/1839"}],"collection":[{"href":"https:\/\/www.wtfsales.com.ar\/productos\/index.php\/wp-json\/wp\/v2\/product"}],"about":[{"href":"https:\/\/www.wtfsales.com.ar\/productos\/index.php\/wp-json\/wp\/v2\/types\/product"}],"replies":[{"embeddable":true,"href":"https:\/\/www.wtfsales.com.ar\/productos\/index.php\/wp-json\/wp\/v2\/comments?post=1839"}],"wp:featuredmedia":[{"embeddable":true,"href":"https:\/\/www.wtfsales.com.ar\/productos\/index.php\/wp-json\/wp\/v2\/media\/3810"}],"wp:attachment":[{"href":"https:\/\/www.wtfsales.com.ar\/productos\/index.php\/wp-json\/wp\/v2\/media?parent=1839"}],"wp:term":[{"taxonomy":"product_cat","embeddable":true,"href":"https:\/\/www.wtfsales.com.ar\/productos\/index.php\/wp-json\/wp\/v2\/product_cat?post=1839"},{"taxonomy":"product_tag","embeddable":true,"href":"https:\/\/www.wtfsales.com.ar\/productos\/index.php\/wp-json\/wp\/v2\/product_tag?post=1839"}],"curies":[{"name":"wp","href":"https:\/\/api.w.org\/{rel}","templated":true}]}}