{"id":1836,"date":"2016-09-15T13:26:10","date_gmt":"2016-09-15T13:26:10","guid":{"rendered":"http:\/\/new.wtfsales.com.ar\/productos\/?post_type=product&#038;p=1836"},"modified":"2022-03-18T19:56:49","modified_gmt":"2022-03-18T19:56:49","slug":"monkey-luffy-one-piece","status":"publish","type":"product","link":"https:\/\/www.wtfsales.com.ar\/productos\/index.php\/producto\/monkey-luffy-one-piece\/","title":{"rendered":"Monkey Luffy &#8211; One Piece"},"content":{"rendered":"<div>5 cm x 4 cm x 2 cm<\/div>\n<div><\/div>\n<div>Monkey D. Luffy (\u30e2\u30f3\u30ad\u30fc\u30eb\u30d5\u30a3 Monk\u012b D. Rufi) es el principal protagonista de la serie de Manga y Anime One Piece, y se le apoda como \u00abLuffy Sombrero de Paja\u00bb (\u9ea6\u308f\u3089\u306e\u30eb\u30d5\u30a3 &#8211; Mugiwara no Rufi). Es usuario de una Fruta del Diablo de tipo Paramecia; concretamente la \u00abGomu Gomu no Mi\u00bb, que le convirti\u00f3 en un hombre de goma. Pertenece a una familia plagada de personajes conocidos mundialmente: es hijo del l\u00edder del Ej\u00e9rcito Revolucionario \u2015y criminal m\u00e1s buscado del mundo\u2015 Monkey D. Dragon; nieto del h\u00e9roe de la Marina y ex-Vicealmirante Monkey D. Garp; y hermano adoptivo del conocido pirata Ace \u00abPu\u00f1o de Fuego\u00bb \u2015comandante de la 2\u00aa Divisi\u00f3n de los Piratas de Barbablanca\u2015; as\u00ed como del pr\u00e1cticamente desconocido Sabo. Su objetivo en la vida es convertirse en el pr\u00f3ximo Rey de los Piratas, encontrar el legendario tesoro conocido como el \u00abOne Piece\u00bb que perteneci\u00f3 al anterior Rey Pirata Gol D. Roger, y conquistar el Nuevo Mundo liderando una tripulaci\u00f3n formada por grandes piratas.<\/div>\n<div>Como el fundador y capit\u00e1n de los Piratas del Sombrero de Paja, es el primer miembro que compone la tripulaci\u00f3n, as\u00ed como uno de sus tres principales combatientes. Luffy fue uno de los once piratas novatos conocidos como los \u00abLos Once Supernovas\u00bb junto al subcapit\u00e1n de su tripulaci\u00f3n Roronoa Zoro y, con ello, uno de los once piratas con un Wanted superior a 100.000.000. La recompensa actual de Luffy es de unos 400.000.000, seg\u00fan lo declarado por el \u00abFalso Luffy\u00bb despu\u00e9s del Time Skip, y confirmada por una lectura del Pacifista PX-5. M\u00e1s tarde, cuando los Sombrero de Paja llegan a la Isla Gyojin, Hody Jones tambi\u00e9n revela el cartel de Wanted de Luffy, que muestra la recompensa de 400.000.000.<\/div>\n<div><\/div>\n<div>Luffy se ha labrado una enorme reputaci\u00f3n en todo el mundo por causar problemas, incluso entre los Shichibukai y la Marina, y cometer cr\u00edmenes as\u00ed como efectuar acciones que se consideran amenazadores contra el Gobierno Mundial.<\/div>\n<div><\/div>\n<div>Tambi\u00e9n es especialmente conocido por su conducta \u00abirresponsable\u00bb e \u00abimpulsiva\u00bb, as\u00ed como por tomar decisiones que normalmente son consideradas verdaderas locuras; siendo un gran ejemplo el incidente causado en Enies Lobby, la infiltraci\u00f3n y fuga de la Prisi\u00f3n de Impel Down, y su participaci\u00f3n en la Batalla de Marineford. Es, por lo tanto, famoso no s\u00f3lo por ser el \u00fanico pirata en asaltar las tres instalaciones m\u00e1s importantes del Gobierno, sino tambi\u00e9n en huir de todas ellas sin que su tripulaci\u00f3n sufriera ninguna baja y causando grandes da\u00f1os a su paso (especialmente en Enies Lobby).<\/div>\n<div><\/div>\n<div>Esto, sumado al hecho de que le dio un pu\u00f1etazo a un Tenryuubito con pleno conocimiento de las consecuencias y su herencia ha causado Luffy a ser etiquetado como la clase de pirata que causar\u00e1 graves problemas en un futuro pr\u00f3ximo<\/div>\n","protected":false},"excerpt":{"rendered":"<p>5 cm x 4 cm x 2 cm Monkey D. Luffy (\u30e2\u30f3\u30ad\u30fc\u30eb\u30d5\u30a3 Monk\u012b D. Rufi) es el principal protagonista de la serie de Manga y Anime One Piece, y se<\/p>\n","protected":false},"featured_media":3801,"comment_status":"open","ping_status":"closed","template":"","meta":[],"product_cat":[408],"product_tag":[158,157,156,159,175],"_links":{"self":[{"href":"https:\/\/www.wtfsales.com.ar\/productos\/index.php\/wp-json\/wp\/v2\/product\/1836"}],"collection":[{"href":"https:\/\/www.wtfsales.com.ar\/productos\/index.php\/wp-json\/wp\/v2\/product"}],"about":[{"href":"https:\/\/www.wtfsales.com.ar\/productos\/index.php\/wp-json\/wp\/v2\/types\/product"}],"replies":[{"embeddable":true,"href":"https:\/\/www.wtfsales.com.ar\/productos\/index.php\/wp-json\/wp\/v2\/comments?post=1836"}],"wp:featuredmedia":[{"embeddable":true,"href":"https:\/\/www.wtfsales.com.ar\/productos\/index.php\/wp-json\/wp\/v2\/media\/3801"}],"wp:attachment":[{"href":"https:\/\/www.wtfsales.com.ar\/productos\/index.php\/wp-json\/wp\/v2\/media?parent=1836"}],"wp:term":[{"taxonomy":"product_cat","embeddable":true,"href":"https:\/\/www.wtfsales.com.ar\/productos\/index.php\/wp-json\/wp\/v2\/product_cat?post=1836"},{"taxonomy":"product_tag","embeddable":true,"href":"https:\/\/www.wtfsales.com.ar\/productos\/index.php\/wp-json\/wp\/v2\/product_tag?post=1836"}],"curies":[{"name":"wp","href":"https:\/\/api.w.org\/{rel}","templated":true}]}}