{"id":1833,"date":"2016-09-15T13:24:35","date_gmt":"2016-09-15T13:24:35","guid":{"rendered":"http:\/\/new.wtfsales.com.ar\/productos\/?post_type=product&#038;p=1833"},"modified":"2022-03-18T19:56:17","modified_gmt":"2022-03-18T19:56:17","slug":"gekko-moriah-one-piece","status":"publish","type":"product","link":"https:\/\/www.wtfsales.com.ar\/productos\/index.php\/producto\/gekko-moriah-one-piece\/","title":{"rendered":"Gekko Moriah &#8211; One Piece"},"content":{"rendered":"<div>5 cm x 4 cm x 2 cm<\/div>\n<div><\/div>\n<div>Gekko Moriah(\u30b2\u30c3\u30b3\u30fb\u30e2\u30ea\u30a2, Gekko Moria), tambi\u00e9n apodado el \u00abAmo de las Profundidades\u00bb o seg\u00fan Luffy el \u00abceboll\u00f3n\u00bb. Era un miembro de los Shichibukai, quien resid\u00eda en la isla flotante Thriller Bark cuando apareci\u00f3 por primera vez. Su recompensa anterior era de 320.000.000 . \u00c9l es el antagonista principal de la Saga de Thriller Bark.<\/div>\n<div>Tras la Guerra de Marineford fue atacado por Doflamingo y varios Pacifistas por orden del Gobierno Mundial aunque logro escapar y actualmente se halla en paradero desconocido.<\/div>\n<div><\/div>\n<div>Moriah es una persona gigantesca con rasgos muy parecidos a demonios: con 692 cm (22&#8217;7 pies) de altura, era el m\u00e1s alto entre los Shichibukai. Su tema animal era la de un gecko basado en su nombre, su aspecto general y el cuello de su camisa lo hacen parecido al cuello de un lagarto. Su dise\u00f1o general se asemeja a una chalota gigante (similar a una cebolla). \u00c9l tiene dos cuernos que sobresalen de los lados de su frente y puntos corriendo verticalmente desde la parte superior de su cara y abajo del cuello, lo cual es bastante largo y grueso en comparaci\u00f3n con su cuerpo. Sus orejas y dientes son puntiagudos, mientras que la parte inferior de su cuerpo es relativamente gorda y rechoncha en comparaci\u00f3n.<\/div>\n<div>El pelo de Moriah es de color p\u00farpura (originalmente de color rojo en el manga) y su piel es de un azul claro que sus labios, brazaletes y los bordes de sus guantes comparten en color. Su camisa y guantes son negros mientras que sus pantalones son de color naranja brillante, \u00e9l tambi\u00e9n lleva una corbata, un collar y un adorno azul como un crufijo con apendices en forma de garra germinando a partir de tres puntos de cruz. Durante la reuni\u00f3n de los Shichibukai en Marineford, Moriah agreg\u00f3 una capa de piel a su atuendo.<\/div>\n<div><\/div>\n<div>24 a\u00f1os antes de la historia actual, Moriah se ve\u00eda mucho m\u00e1s delgado y ten\u00eda una barbilla puntiaguda, con una apariencia m\u00e1s o menos humana.<\/div>\n","protected":false},"excerpt":{"rendered":"<p>5 cm x 4 cm x 2 cm Gekko Moriah(\u30b2\u30c3\u30b3\u30fb\u30e2\u30ea\u30a2, Gekko Moria), tambi\u00e9n apodado el \u00abAmo de las Profundidades\u00bb o seg\u00fan Luffy el \u00abceboll\u00f3n\u00bb. Era un miembro de los Shichibukai,<\/p>\n","protected":false},"featured_media":3803,"comment_status":"open","ping_status":"closed","template":"","meta":[],"product_cat":[408],"product_tag":[158,157,156,159,175],"_links":{"self":[{"href":"https:\/\/www.wtfsales.com.ar\/productos\/index.php\/wp-json\/wp\/v2\/product\/1833"}],"collection":[{"href":"https:\/\/www.wtfsales.com.ar\/productos\/index.php\/wp-json\/wp\/v2\/product"}],"about":[{"href":"https:\/\/www.wtfsales.com.ar\/productos\/index.php\/wp-json\/wp\/v2\/types\/product"}],"replies":[{"embeddable":true,"href":"https:\/\/www.wtfsales.com.ar\/productos\/index.php\/wp-json\/wp\/v2\/comments?post=1833"}],"wp:featuredmedia":[{"embeddable":true,"href":"https:\/\/www.wtfsales.com.ar\/productos\/index.php\/wp-json\/wp\/v2\/media\/3803"}],"wp:attachment":[{"href":"https:\/\/www.wtfsales.com.ar\/productos\/index.php\/wp-json\/wp\/v2\/media?parent=1833"}],"wp:term":[{"taxonomy":"product_cat","embeddable":true,"href":"https:\/\/www.wtfsales.com.ar\/productos\/index.php\/wp-json\/wp\/v2\/product_cat?post=1833"},{"taxonomy":"product_tag","embeddable":true,"href":"https:\/\/www.wtfsales.com.ar\/productos\/index.php\/wp-json\/wp\/v2\/product_tag?post=1833"}],"curies":[{"name":"wp","href":"https:\/\/api.w.org\/{rel}","templated":true}]}}