{"id":1824,"date":"2016-09-15T13:19:59","date_gmt":"2016-09-15T13:19:59","guid":{"rendered":"http:\/\/new.wtfsales.com.ar\/productos\/?post_type=product&#038;p=1824"},"modified":"2022-03-18T19:52:06","modified_gmt":"2022-03-18T19:52:06","slug":"bartholomew-kuma-one-piece","status":"publish","type":"product","link":"https:\/\/www.wtfsales.com.ar\/productos\/index.php\/producto\/bartholomew-kuma-one-piece\/","title":{"rendered":"Bartholomew Kuma &#8211; One Piece"},"content":{"rendered":"<div>5 cm x 4 cm x 2 cm<\/div>\n<div><\/div>\n<div>Bartholomew Kuma (\u30d0\u30fc\u30bd\u30ed\u30df\u30e5\u30fc \u304f\u307e, B\u0101soromy\u016b Kuma) es un Shichibukai . Es, adem\u00e1s, un antiguo revolucionario cuya recompensa era de 296.000.000. Lleg\u00f3 a ser muy temido, en tiempos en los que ten\u00eda fama de ser un pirata tan vicioso, que se gan\u00f3 el t\u00edtulo de \u00abTirano\u00bb. En la actualidad, es un tipo de cyborg (al igual que Franky) llamado \u00abPacifista\u00bb (\u30d1\u30b7\u30d5\u30a3\u30b9\u30bf, Pashifisuta) desarrollado por el Dr. Vegapunk para empleo de la Marina con la intenci\u00f3n de convertirse en el Arma Definitiva del Gobierno. Una vez que Vegapunk termin\u00f3 sus modificaciones en Kuma, el Shichibukai se convirti\u00f3 en el primer cyborg Pacifista completo con la serie PX-0, en sentido figurado, muriendo en el proceso.<\/div>\n<div><\/div>\n<div>De ese modo, y si el proceso fuese realizado correctamente, pas\u00f3 a ser un ciborg que conserva el cuerpo y apariencia del hombre que fue, pero est\u00e1 totalmente exento de cualquier rasgo de conciencia que poseyera; es decir, no conserva su personalidad original ni sus recuerdos, no posee sentimientos, ni tampoco capacidad de decisi\u00f3n. Fue un personaje muy influyente durante la Saga de la Guerra contra Barbablanca, preparando el escenario para la aparici\u00f3n de Luffy en Amazon Lily, Impel Down y Marineford.<\/div>\n<div><\/div>\n<div>Kuma es un hombre grande y robusto que siempre lleva una Biblia en la mano, de utilidad desconocida. Su sombrero tiene orejas de oso. Su chaqueta tiene un gran dise\u00f1o que semeja una ret\u00edcula u objetivo, como los de las armas de fuego. Kuma tiene aproximadamente el mismo tama\u00f1o que Gekko Moriah. Su apariencia exterior le hace parecer un oso.<\/div>\n<div>En el anime, el cabello y su chaqueta son negros. Su sombrero es gris y las manchas son de color marr\u00f3n oscuro. La cubierta de su Biblia es tambi\u00e9n colorida. En el manga, Kuma tiene un color completamente diferente que en el anime: Tiene el cabello casta\u00f1o, chaqueta de color naranja, sombrero amarillo; y las manchas de sus pantalones son verdes mientras que la Biblia que siempre lleva pasa a tener una cubierta dorada.<\/div>\n","protected":false},"excerpt":{"rendered":"<p>5 cm x 4 cm x 2 cm Bartholomew Kuma (\u30d0\u30fc\u30bd\u30ed\u30df\u30e5\u30fc \u304f\u307e, B\u0101soromy\u016b Kuma) es un Shichibukai . Es, adem\u00e1s, un antiguo revolucionario cuya recompensa era de 296.000.000. Lleg\u00f3 a<\/p>\n","protected":false},"featured_media":3804,"comment_status":"open","ping_status":"closed","template":"","meta":[],"product_cat":[408],"product_tag":[],"_links":{"self":[{"href":"https:\/\/www.wtfsales.com.ar\/productos\/index.php\/wp-json\/wp\/v2\/product\/1824"}],"collection":[{"href":"https:\/\/www.wtfsales.com.ar\/productos\/index.php\/wp-json\/wp\/v2\/product"}],"about":[{"href":"https:\/\/www.wtfsales.com.ar\/productos\/index.php\/wp-json\/wp\/v2\/types\/product"}],"replies":[{"embeddable":true,"href":"https:\/\/www.wtfsales.com.ar\/productos\/index.php\/wp-json\/wp\/v2\/comments?post=1824"}],"wp:featuredmedia":[{"embeddable":true,"href":"https:\/\/www.wtfsales.com.ar\/productos\/index.php\/wp-json\/wp\/v2\/media\/3804"}],"wp:attachment":[{"href":"https:\/\/www.wtfsales.com.ar\/productos\/index.php\/wp-json\/wp\/v2\/media?parent=1824"}],"wp:term":[{"taxonomy":"product_cat","embeddable":true,"href":"https:\/\/www.wtfsales.com.ar\/productos\/index.php\/wp-json\/wp\/v2\/product_cat?post=1824"},{"taxonomy":"product_tag","embeddable":true,"href":"https:\/\/www.wtfsales.com.ar\/productos\/index.php\/wp-json\/wp\/v2\/product_tag?post=1824"}],"curies":[{"name":"wp","href":"https:\/\/api.w.org\/{rel}","templated":true}]}}