{"id":1821,"date":"2016-09-15T13:17:15","date_gmt":"2016-09-15T13:17:15","guid":{"rendered":"http:\/\/new.wtfsales.com.ar\/productos\/?post_type=product&#038;p=1821"},"modified":"2022-03-18T19:51:45","modified_gmt":"2022-03-18T19:51:45","slug":"jinbe-one-piece","status":"publish","type":"product","link":"https:\/\/www.wtfsales.com.ar\/productos\/index.php\/producto\/jinbe-one-piece\/","title":{"rendered":"Jinbe &#8211; One Piece"},"content":{"rendered":"<div>5 cm x 4 cm x 2 cm<\/div>\n<div>Jinbe (\u30b8\u30f3\u30d9\u30a8 Jinb\u0113), tambi\u00e9n llamado \u00abEl Caballero del Mar\u00bb, es un Gyojin Tiburon-Ballena y un ex-miembro del Ouka Shichibukai.<\/div>\n<div>Fue el segundo capit\u00e1n de los Piratas del Sol, despues de Fisher Tiger y se volvi\u00f3 un Shichibukai 10 a\u00f1os despues de dejar su banda. Renunci\u00f3 a su titulo de Shichibukai en la Guerra de Marineford aliandose con los Piratas de Barbablanca.<\/div>\n<div><\/div>\n<div>Dos a\u00f1os despues reaparece en la Isla Gyojin aliandose con los Piratas del Sombrero de Paja para vencer a los Nuevos Piratas Gyojin, el y los Piratas del Sol son aliados de Big Mom.<\/div>\n<div><\/div>\n<div>Jinbe es un Gyojin gran tibur\u00f3n ballena azul con una cara que es asociado con varios demonios japoneses como Oni. Sus cejas de color amarillo y patillas son claramente la forma de los que se encuentran en esos demonios, adem\u00e1s de una nariz bulbosa, y un angular labio inferior hacia arriba, una cicatriz en forma de rayo puede ser visto desde su lado izquierdo y llega sobre su ojo izquierdo. Tambi\u00e9n posee dos colmillos como colmillos c\u00f3nicos inferiores asociadas a Oni, as\u00ed, el resto de los dientes de las filas superior e inferior son casi lo mismo, aunque mucho m\u00e1s peque\u00f1os. Tambi\u00e9n tiene una mordida severa, lo que deja espacio para sus colmillos enormes.<\/div>\n<div>Tiene el pelo largo y de dos tonos de negro, con dos franjas blancas a lo largo procedentes de las ra\u00edces sobre la frente y detr\u00e1s en la espalda, un mo\u00f1o, y mechones de pelo en la barbilla con una tonalidad verde ligero, su peinado no exist\u00eda en su tiempo como miembro de los Piratas de Sol , en lugar su corto y fluido sendero de pelo negro a mitad de camino hacia un concentrado color claro en la parte posterior de su cabeza. Sus manos y pies tambi\u00e9n son palmeadas, tan t\u00edpicos como puede ser por un Gyojin , y las extremidades son algo peque\u00f1as en comparaci\u00f3n con su enorme circunferencia. Sus branquias (que son de carne p\u00e1lida y de color rosado) se encuentran entre los hombros y el cuello.<\/div>\n<div><\/div>\n<div>Bajo su capa de color rojo p\u00e1lido, parece ser que llevaba un vestido de color naranja tradicional japonesa llamada Jinbei cubierto todo con patrones de forma cuadrada en blanco y negro con capas de blanco y negro, alternando entre s\u00ed ( comenzando con el contorno negro de la orilla) y terminando con un cuadrado negro en el centro de todos y cada uno de ellos. Tambi\u00e9n relaciona este traje con un pa\u00f1uelo morado como una cinta alrededor de su cintura.<\/div>\n<div><\/div>\n<div>Su patr\u00f3n cambia con el tiempo: durante su tiempo como miembro de los Piratas del Sol, tenia un dise\u00f1o karasuka, dise\u00f1os cuadrados en su debut, y despu\u00e9s de la Batalla de Marineford llevaba una llanura singular. Hace cuatro a\u00f1os, cuando pele\u00f3 contra Ace , llevaba un gi negro con dise\u00f1o de peces a ambos lados del pecho, y una banda roja con un tanto atado a ella. Dos a\u00f1os despu\u00e9s de la guerra, a la espera de Luffy en el Bosque del Mar, su Jinbei tiene patrones de hoja. Para el calzado, parece llevar sandalias simples en sus pies palmeados, probablemente con correas especialmente dise\u00f1ado para permitir a sus pies palmeados deslizarse a trav\u00e9s. Su tatuaje de Pirata del Sol est\u00e1 en el centro de su pecho.<\/div>\n<div><\/div>\n<div>En el SBS del Tomo 6, Oda dibujo a los Shichibukais de ni\u00f1os, se ve a jinbe con el pelo rubio claro y tambien se ve que practica el Gyojin Karate, debido que ha esa edad ya tenia un cinturon negro.<\/div>\n","protected":false},"excerpt":{"rendered":"<p>5 cm x 4 cm x 2 cm Jinbe (\u30b8\u30f3\u30d9\u30a8 Jinb\u0113), tambi\u00e9n llamado \u00abEl Caballero del Mar\u00bb, es un Gyojin Tiburon-Ballena y un ex-miembro del Ouka Shichibukai. Fue el segundo<\/p>\n","protected":false},"featured_media":3805,"comment_status":"open","ping_status":"closed","template":"","meta":[],"product_cat":[408],"product_tag":[158,157,156,159],"_links":{"self":[{"href":"https:\/\/www.wtfsales.com.ar\/productos\/index.php\/wp-json\/wp\/v2\/product\/1821"}],"collection":[{"href":"https:\/\/www.wtfsales.com.ar\/productos\/index.php\/wp-json\/wp\/v2\/product"}],"about":[{"href":"https:\/\/www.wtfsales.com.ar\/productos\/index.php\/wp-json\/wp\/v2\/types\/product"}],"replies":[{"embeddable":true,"href":"https:\/\/www.wtfsales.com.ar\/productos\/index.php\/wp-json\/wp\/v2\/comments?post=1821"}],"wp:featuredmedia":[{"embeddable":true,"href":"https:\/\/www.wtfsales.com.ar\/productos\/index.php\/wp-json\/wp\/v2\/media\/3805"}],"wp:attachment":[{"href":"https:\/\/www.wtfsales.com.ar\/productos\/index.php\/wp-json\/wp\/v2\/media?parent=1821"}],"wp:term":[{"taxonomy":"product_cat","embeddable":true,"href":"https:\/\/www.wtfsales.com.ar\/productos\/index.php\/wp-json\/wp\/v2\/product_cat?post=1821"},{"taxonomy":"product_tag","embeddable":true,"href":"https:\/\/www.wtfsales.com.ar\/productos\/index.php\/wp-json\/wp\/v2\/product_tag?post=1821"}],"curies":[{"name":"wp","href":"https:\/\/api.w.org\/{rel}","templated":true}]}}