{"id":1818,"date":"2016-09-15T13:12:11","date_gmt":"2016-09-15T13:12:11","guid":{"rendered":"http:\/\/new.wtfsales.com.ar\/productos\/?post_type=product&#038;p=1818"},"modified":"2022-03-18T19:57:28","modified_gmt":"2022-03-18T19:57:28","slug":"donquixote-doflamingo-one-piece","status":"publish","type":"product","link":"https:\/\/www.wtfsales.com.ar\/productos\/index.php\/producto\/donquixote-doflamingo-one-piece\/","title":{"rendered":"Donquixote Doflamingo &#8211; One Piece"},"content":{"rendered":"<div>5 cm x 4 cm x 2 cm<\/div>\n<div><\/div>\n<div>Donquixote Doflamingo (\u30c9\u30f3\u30ad\u30db\u30fc\u30c6\u30fb\u30c9\u30d5\u30e9\u30df\u30f3\u30b4, Donkih\u014dte Dofuramingo) es un miembro de los 7 Shichibukai tambi\u00e9n llamado Joker (\u30b8\u30e7\u30fc\u30ab\u30fc)[4]. Su antigua recompensa fue de 340.000.000, siendo la quinta m\u00e1s elevada hasta ahora en la serie, superado por Ace, Law, Jinbe y Luffy.<\/div>\n<div>Doflamingo es un hombre mas grande de lo normal , mide 305 cm de altura, de pelo rubio que por lo general viste con ropa extravagante. En referencia a su tema animal, el flamenco, sus ropas son de colores brillantes con un abrigo de plumas de un distintivo rosa. Tambi\u00e9n tiene una extra\u00f1a manera de caminar, un contoneo patizambo (pero no siempre presente), que es tambi\u00e9n una referencia a su tema animal.<\/div>\n<div>Hace veintid\u00f3s a\u00f1os, ten\u00eda el pelo m\u00e1s largo que en la actualidad, llevaba dos aros en la oreja izquierda, y tra\u00eda un par de gogles que llevaba en la frente, adem\u00e1s de sus gafas de sol que lleva hasta hoy.<\/div>\n<div><\/div>\n<div>Lleva una camisa blanca con rayas rojas, un cintur\u00f3n verde, y pantalones de color naranja con rayas blancas. Originalmente en el anime, Doflamingo ten\u00eda una camisa roja con rayas negras, un cintur\u00f3n p\u00farpura, y pantal\u00f3n negro con rayas rojas. Sin embargo, cuando volvi\u00f3 a aparecer durante los acontecimientos de Sabaody, su esquema de color fue cambiado a su representaci\u00f3n manga con la excepci\u00f3n de sus gafas. En el manga, tiene anteojos de vidrio naranja, mientras que en el anime, son azules. \u00c9l es tambi\u00e9n a menudo visto, aunque no siempre sonriendo.<\/div>\n<div><\/div>\n<div>En el volumen 63 SBS, Oda dibuja a los Shichibukai como ni\u00f1os. Doflamingo se ve que ya lleva sus gafas de sol y feliz fumando un cigarrillo. Su pelo y su ropa son sucios y descuidados. \u00c9l est\u00e1 usando una camisa con cuello desabotonado, con pantal\u00f3n negro a rayas<\/div>\n","protected":false},"excerpt":{"rendered":"<p>5 cm x 4 cm x 2 cm Donquixote Doflamingo (\u30c9\u30f3\u30ad\u30db\u30fc\u30c6\u30fb\u30c9\u30d5\u30e9\u30df\u30f3\u30b4, Donkih\u014dte Dofuramingo) es un miembro de los 7 Shichibukai tambi\u00e9n llamado Joker (\u30b8\u30e7\u30fc\u30ab\u30fc)[4]. Su antigua recompensa fue de 340.000.000,<\/p>\n","protected":false},"featured_media":3812,"comment_status":"open","ping_status":"closed","template":"","meta":[],"product_cat":[408],"product_tag":[158,157,156,159,175],"_links":{"self":[{"href":"https:\/\/www.wtfsales.com.ar\/productos\/index.php\/wp-json\/wp\/v2\/product\/1818"}],"collection":[{"href":"https:\/\/www.wtfsales.com.ar\/productos\/index.php\/wp-json\/wp\/v2\/product"}],"about":[{"href":"https:\/\/www.wtfsales.com.ar\/productos\/index.php\/wp-json\/wp\/v2\/types\/product"}],"replies":[{"embeddable":true,"href":"https:\/\/www.wtfsales.com.ar\/productos\/index.php\/wp-json\/wp\/v2\/comments?post=1818"}],"wp:featuredmedia":[{"embeddable":true,"href":"https:\/\/www.wtfsales.com.ar\/productos\/index.php\/wp-json\/wp\/v2\/media\/3812"}],"wp:attachment":[{"href":"https:\/\/www.wtfsales.com.ar\/productos\/index.php\/wp-json\/wp\/v2\/media?parent=1818"}],"wp:term":[{"taxonomy":"product_cat","embeddable":true,"href":"https:\/\/www.wtfsales.com.ar\/productos\/index.php\/wp-json\/wp\/v2\/product_cat?post=1818"},{"taxonomy":"product_tag","embeddable":true,"href":"https:\/\/www.wtfsales.com.ar\/productos\/index.php\/wp-json\/wp\/v2\/product_tag?post=1818"}],"curies":[{"name":"wp","href":"https:\/\/api.w.org\/{rel}","templated":true}]}}