{"id":1815,"date":"2016-09-15T13:06:39","date_gmt":"2016-09-15T13:06:39","guid":{"rendered":"http:\/\/new.wtfsales.com.ar\/productos\/?post_type=product&#038;p=1815"},"modified":"2022-02-22T01:46:07","modified_gmt":"2022-02-22T01:46:07","slug":"dracule-mihawk-one-piece","status":"publish","type":"product","link":"https:\/\/www.wtfsales.com.ar\/productos\/index.php\/producto\/dracule-mihawk-one-piece\/","title":{"rendered":"Dracule Mihawk &#8211; One Piece"},"content":{"rendered":"<p>5 cm x 4 cm x 2 cm<\/p>\n<p>Dracule Mihawk (\u30b8\u30e5\u30e9\u30ad\u30e5\u30fc\u30eb\u30fb\u30df\u30db\u30fc\u30af, Juraky\u016bru Mih\u014dku) es un miembro del Shichibukai y el mejor espadach\u00edn del mundo.<br \/>\nApareci\u00f3 por primera vez en East Blue en la Saga del Baratie, persiguiendo a los Piratas de Krieg desde Grand Line. All\u00ed luch\u00f3 contra Zoro derrot\u00e1ndole con total facilidad, y tras ver su voluntad le dijo que esperaba volver a luchar con \u00e9l de nuevo, tras eso ha hecho varias apariciones en la serie. \u00c9l sirvi\u00f3 como el maestro espadach\u00edn a Roronoa Zoro durante el timeskip.<\/p>\n<p>Mihawk tiene una barba corta y patillas, mide 198 cm de altura. Viste ropas adornadas de negro y rojo, con un colgante en forma de crucifijo, que esconde una peque\u00f1a daga, d\u00e1ndole la apariencia de un espadach\u00edn espa\u00f1ol. Su vestimenta consiste en un sombrero de ala ancha adornado con una gran pluma, y un abrigo largo y negro, abierto, con mangas de color rojo, con dibujos de flores y un collar. Su gran espada tiene una hoja negra curvada, y tambi\u00e9n tiene la forma de un crucifijo, con un guardamanos de oro decorada con bolas rojas (que son de color azul y verde en el anime), y un pu\u00f1o envuelto en vendas, con una cuenta particularmente grande en su extremidad. Adem\u00e1s, viste pantalones blancos (color morado en el anime) sostenidos por un cintur\u00f3n decorado y metidos dentro de botas demasiado grande en comparaci\u00f3n con el tama\u00f1o de su pierna.<br \/>\nDurante su estancia en el castillo de a Isla Kuraigana, usa pantalones diferentes y una camisa blanca abierta con un cuello con volantes. Cuando se encontr\u00f3 afuera con Zoro, tenia una capa oscura sobre los hombros. Su apodo proviene de su extra\u00f1o color de ojos, que se asemejan a los ojos de un halc\u00f3n.<\/p>\n<p>Hace 24 a\u00f1os, no ten\u00eda barba y su pelo era m\u00e1s corto, pero ya ten\u00eda patillas. Ya ten\u00eda su colgante de crucifijo, y usaba lo que parec\u00eda ser una chaqueta con estampado de flores. Aunque no es visto directamente, se ve que no ten\u00eda posesi\u00f3n de la Kokutou Yoru en ese momento.<\/p>\n","protected":false},"excerpt":{"rendered":"<p>5 cm x 4 cm x 2 cm Dracule Mihawk (\u30b8\u30e5\u30e9\u30ad\u30e5\u30fc\u30eb\u30fb\u30df\u30db\u30fc\u30af, Juraky\u016bru Mih\u014dku) es un miembro del Shichibukai y el mejor espadach\u00edn del mundo. Apareci\u00f3 por primera vez en East<\/p>\n","protected":false},"featured_media":3816,"comment_status":"open","ping_status":"closed","template":"","meta":[],"product_cat":[408],"product_tag":[158,157,156,159,175],"_links":{"self":[{"href":"https:\/\/www.wtfsales.com.ar\/productos\/index.php\/wp-json\/wp\/v2\/product\/1815"}],"collection":[{"href":"https:\/\/www.wtfsales.com.ar\/productos\/index.php\/wp-json\/wp\/v2\/product"}],"about":[{"href":"https:\/\/www.wtfsales.com.ar\/productos\/index.php\/wp-json\/wp\/v2\/types\/product"}],"replies":[{"embeddable":true,"href":"https:\/\/www.wtfsales.com.ar\/productos\/index.php\/wp-json\/wp\/v2\/comments?post=1815"}],"wp:featuredmedia":[{"embeddable":true,"href":"https:\/\/www.wtfsales.com.ar\/productos\/index.php\/wp-json\/wp\/v2\/media\/3816"}],"wp:attachment":[{"href":"https:\/\/www.wtfsales.com.ar\/productos\/index.php\/wp-json\/wp\/v2\/media?parent=1815"}],"wp:term":[{"taxonomy":"product_cat","embeddable":true,"href":"https:\/\/www.wtfsales.com.ar\/productos\/index.php\/wp-json\/wp\/v2\/product_cat?post=1815"},{"taxonomy":"product_tag","embeddable":true,"href":"https:\/\/www.wtfsales.com.ar\/productos\/index.php\/wp-json\/wp\/v2\/product_tag?post=1815"}],"curies":[{"name":"wp","href":"https:\/\/api.w.org\/{rel}","templated":true}]}}