{"id":1794,"date":"2016-09-08T17:07:37","date_gmt":"2016-09-08T17:07:37","guid":{"rendered":"http:\/\/new.wtfsales.com.ar\/productos\/?post_type=product&#038;p=1794"},"modified":"2022-02-22T01:47:44","modified_gmt":"2022-02-22T01:47:44","slug":"detective-conan-2","status":"publish","type":"product","link":"https:\/\/www.wtfsales.com.ar\/productos\/index.php\/producto\/detective-conan-2\/","title":{"rendered":"Detective Conan"},"content":{"rendered":"<div id=\"content\">\n<div id=\"tab-description\" class=\"tab-content\">\n<div>5 cm x 2.5 cm x 1,5 cm<\/div>\n<div><\/div>\n<div>Figura de accion con base rigida plasctica<\/div>\n<\/div>\n<\/div>\n<div><\/div>\n<div id=\"content\">\n<div id=\"tab-description\" class=\"tab-content\">\n<div>Detective Conan (\u540d\u63a2\u5075\u30b3\u30ca\u30f3 Meitantei Conan), conocida en Estados Unidos como Case Closed) es un manga escrito e ilustrado por Gosho Aoyama (\u9752\u5c71 \u525b\u660c &#8216;Aoyama Gosho&#8217;), y cuya adaptaci\u00f3n al anime es dirigida por Kenji Kodama y Yasuichiro Yamamoto. La historia se centra en Shinichi Kudo, un famoso joven detective que es encogido a un ni\u00f1o despu\u00e9s de ser envenenado por unos hombres vestidos de negro. Tras esto, Shinichi, decide cambiarse el nombre a Conan Edogawa para proteger a los suyos, a su vez obtener suficiente evidencia para detener a la organizaci\u00f3n y encontrar una cura para volver a su tama\u00f1o normal.<\/div>\n<div>El manga comenz\u00f3 a publicarse en 1994 por la editorial Shogakukan en la revista semanal japonesa Sh\u014dnen Sunday, y est\u00e1 compuesto hasta la fecha por 76 vol\u00famenes editados en formato tank\u014dbon en Jap\u00f3n. Posteriormente, la historia del manga fue adaptada a una serie de anime producida por los estudios Tokyo Movie Shinsha y se transmite en Yomiuri TV desde 1996 y cuenta con 666 episodios hasta la fecha. Hasta marzo de 2009 se emiti\u00f3 la mayor\u00eda de los lunes en Jap\u00f3n a las 19:30 en Yomiuri TV, a partir de abril del mismo a\u00f1o comenz\u00f3 a emitirse los d\u00edas s\u00e1bados a las 18:00 por el mismo canal. La serie ha dado lugar a quince pel\u00edculas de animaci\u00f3n, varias OVAs, tres live-action, una serie de live-action, numerosos videojuegos y varios tipos de merchandising relacionados.<\/div>\n<div>Tanto el anime como el manga han alcanzado un \u00e9xito excelente fuera y dentro de Jap\u00f3n. En el ranking publicado por TV Asahi de los mejores 100 animes de 2006 (con base en una encuesta online en Jap\u00f3n), Detective Conan alcanz\u00f3 el puesto 23.1 En la lista de celebridades alcanz\u00f3 el puesto 43. Es el und\u00e9cimo anime m\u00e1s largo hasta el momento.2 Detective Conan es el segundo manga m\u00e1s vendido de la historia, con m\u00e1s de 120 millones de copias. En 2001, el manga fue galardonado con el Premio Sh\u014dgakukan en la categor\u00eda sh\u014dnen.<\/div>\n<div>En el mes de octubre del a\u00f1o 2007 se public\u00f3 una entrevista con el creador, G\u014dsh\u014d Aoyama donde el mismo expresaba que el final del anime est\u00e1 planeado pero que tardar\u00e1 en llegar y no decepcionar\u00e1 a los fans. El final del manga est\u00e1 m\u00e1s cercano que el del anime, pero ninguno de los dos tiene una fecha concreta todav\u00eda.<\/div>\n<div>En Espa\u00f1a la serie ha pasado por diversas auton\u00f3micas (TVG, K3, Canal Sur 2 Andaluc\u00eda&#8230;) donde se han llegado a los 514 episodios (561 seg\u00fan la numeraci\u00f3n espa\u00f1ola) y actualmente se emite en Cartoon Network. Esta cadena emite la serie y estren\u00f3 ya tres pel\u00edculas.<\/div>\n<div>En Latinoam\u00e9rica la serie ha sido emitida por muchos pa\u00edses (exceptuando Brasil, donde la serie nunca fue televisionada y apenas la primera pel\u00edcula fue lanzada en DVD, con bajas ventas), destacando a Chile, Argentina, Colombia y M\u00e9xico con un doblaje que reemplaz\u00f3 los nombres originales japoneses de los personajes por nombres hisp\u00e1nicos, llegando a la cifra de 123 episodios en total (los cuales se transmitieron s\u00f3lo en Chile). El 2010 la se\u00f1al de paga City family estren\u00f3 en exclusiva las pel\u00edculas 1 y 2 para toda Latinoam\u00e9rica con un nuevo doblaje efectuado en M\u00e9xico y respetando los nombres originales de los personajes (tambi\u00e9n han sido editadas en DVD). Se confirm\u00f3 que exist\u00edan planes de doblar todas las pel\u00edculas restantes pero el proyecto fue cancelado debido a las malas ventas de los DVD.<\/div>\n<\/div>\n<\/div>\n<div id=\"footer\"><\/div>\n","protected":false},"excerpt":{"rendered":"<p>5 cm x 2.5 cm x 1,5 cm Figura de accion con base rigida plasctica Detective Conan (\u540d\u63a2\u5075\u30b3\u30ca\u30f3 Meitantei Conan), conocida en Estados Unidos como Case Closed) es un manga<\/p>\n","protected":false},"featured_media":3819,"comment_status":"open","ping_status":"closed","template":"","meta":[],"product_cat":[408],"product_tag":[158,268,159,175],"_links":{"self":[{"href":"https:\/\/www.wtfsales.com.ar\/productos\/index.php\/wp-json\/wp\/v2\/product\/1794"}],"collection":[{"href":"https:\/\/www.wtfsales.com.ar\/productos\/index.php\/wp-json\/wp\/v2\/product"}],"about":[{"href":"https:\/\/www.wtfsales.com.ar\/productos\/index.php\/wp-json\/wp\/v2\/types\/product"}],"replies":[{"embeddable":true,"href":"https:\/\/www.wtfsales.com.ar\/productos\/index.php\/wp-json\/wp\/v2\/comments?post=1794"}],"wp:featuredmedia":[{"embeddable":true,"href":"https:\/\/www.wtfsales.com.ar\/productos\/index.php\/wp-json\/wp\/v2\/media\/3819"}],"wp:attachment":[{"href":"https:\/\/www.wtfsales.com.ar\/productos\/index.php\/wp-json\/wp\/v2\/media?parent=1794"}],"wp:term":[{"taxonomy":"product_cat","embeddable":true,"href":"https:\/\/www.wtfsales.com.ar\/productos\/index.php\/wp-json\/wp\/v2\/product_cat?post=1794"},{"taxonomy":"product_tag","embeddable":true,"href":"https:\/\/www.wtfsales.com.ar\/productos\/index.php\/wp-json\/wp\/v2\/product_tag?post=1794"}],"curies":[{"name":"wp","href":"https:\/\/api.w.org\/{rel}","templated":true}]}}