{"id":1782,"date":"2016-09-08T16:25:44","date_gmt":"2016-09-08T16:25:44","guid":{"rendered":"http:\/\/new.wtfsales.com.ar\/productos\/?post_type=product&#038;p=1782"},"modified":"2022-02-22T01:37:00","modified_gmt":"2022-02-22T01:37:00","slug":"minotauro-mythical-realist-serie","status":"publish","type":"product","link":"https:\/\/www.wtfsales.com.ar\/productos\/index.php\/producto\/minotauro-mythical-realist-serie\/","title":{"rendered":"Minotauro &#8211; Mythical Realist Serie"},"content":{"rendered":"<div>9 cm x 4 cm x 2 cm<\/div>\n<div><\/div>\n<div>El Minotauro (del griego \u039c\u03b9\u03bd\u03cc\u03c4\u03b1\u03c5\u03c1\u03bf\u03c2, Min\u00f3tauros), era un monstruo con cuerpo de hombre y cabeza de toro. El mito tiene su versi\u00f3n m\u00e1s completa en la Biblioteca mitol\u00f3gica de Apolodoro.1 Su nombre significa \u00abToro de Minos\u00bb, y fue concebido de la uni\u00f3n entre Pas\u00edfae y un magn\u00edfico toro con motivo de una afrenta divina. Fue encerrado en un laberinto dise\u00f1ado por el artesano D\u00e9dalo, hecho expresamente para retenerlo,2 ubicado probablemente en la ciudad de Cnosos en la isla de Creta. Por muchos a\u00f1os, hombres y mujeres eran llevados al laberinto como sacrificio para ser el alimento de la bestia hasta que la vida de \u00e9sta termin\u00f3 en manos del h\u00e9roe Teseo.<\/div>\n","protected":false},"excerpt":{"rendered":"<p>9 cm x 4 cm x 2 cm El Minotauro (del griego \u039c\u03b9\u03bd\u03cc\u03c4\u03b1\u03c5\u03c1\u03bf\u03c2, Min\u00f3tauros), era un monstruo con cuerpo de hombre y cabeza de toro. El mito tiene su versi\u00f3n<\/p>\n","protected":false},"featured_media":1784,"comment_status":"open","ping_status":"closed","template":"","meta":[],"product_cat":[408],"product_tag":[],"_links":{"self":[{"href":"https:\/\/www.wtfsales.com.ar\/productos\/index.php\/wp-json\/wp\/v2\/product\/1782"}],"collection":[{"href":"https:\/\/www.wtfsales.com.ar\/productos\/index.php\/wp-json\/wp\/v2\/product"}],"about":[{"href":"https:\/\/www.wtfsales.com.ar\/productos\/index.php\/wp-json\/wp\/v2\/types\/product"}],"replies":[{"embeddable":true,"href":"https:\/\/www.wtfsales.com.ar\/productos\/index.php\/wp-json\/wp\/v2\/comments?post=1782"}],"wp:featuredmedia":[{"embeddable":true,"href":"https:\/\/www.wtfsales.com.ar\/productos\/index.php\/wp-json\/wp\/v2\/media\/1784"}],"wp:attachment":[{"href":"https:\/\/www.wtfsales.com.ar\/productos\/index.php\/wp-json\/wp\/v2\/media?parent=1782"}],"wp:term":[{"taxonomy":"product_cat","embeddable":true,"href":"https:\/\/www.wtfsales.com.ar\/productos\/index.php\/wp-json\/wp\/v2\/product_cat?post=1782"},{"taxonomy":"product_tag","embeddable":true,"href":"https:\/\/www.wtfsales.com.ar\/productos\/index.php\/wp-json\/wp\/v2\/product_tag?post=1782"}],"curies":[{"name":"wp","href":"https:\/\/api.w.org\/{rel}","templated":true}]}}