{"id":1764,"date":"2016-09-08T15:36:43","date_gmt":"2016-09-08T15:36:43","guid":{"rendered":"http:\/\/new.wtfsales.com.ar\/productos\/?post_type=product&#038;p=1764"},"modified":"2022-02-22T01:48:34","modified_gmt":"2022-02-22T01:48:34","slug":"cell-dragon-ball-z","status":"publish","type":"product","link":"https:\/\/www.wtfsales.com.ar\/productos\/index.php\/producto\/cell-dragon-ball-z\/","title":{"rendered":"Cell &#8211; Dragon Ball Z"},"content":{"rendered":"<p>Figura de Accion de Cell<\/p>\n<p>11 cm x 6 cm x 3 cm<\/p>\n<p>Con base movil de 7 cm de circunferencia<\/p>\n<p><img loading=\"lazy\" class=\"alignnone size-full wp-image-1765\" src=\"http:\/\/new.wtfsales.com.ar\/productos\/wp-content\/uploads\/2016\/09\/DSC_1298-500x500.jpg\" alt=\"dsc_1298-500x500\" width=\"500\" height=\"500\" srcset=\"https:\/\/www.wtfsales.com.ar\/productos\/wp-content\/uploads\/2016\/09\/DSC_1298-500x500.jpg 500w, https:\/\/www.wtfsales.com.ar\/productos\/wp-content\/uploads\/2016\/09\/DSC_1298-500x500-300x300.jpg 300w, https:\/\/www.wtfsales.com.ar\/productos\/wp-content\/uploads\/2016\/09\/DSC_1298-500x500-100x100.jpg 100w, https:\/\/www.wtfsales.com.ar\/productos\/wp-content\/uploads\/2016\/09\/DSC_1298-500x500-150x150.jpg 150w\" sizes=\"(max-width: 500px) 100vw, 500px\" \/> <img loading=\"lazy\" class=\"alignnone size-full wp-image-1766\" src=\"http:\/\/new.wtfsales.com.ar\/productos\/wp-content\/uploads\/2016\/09\/DSC_1299-500x500.jpg\" alt=\"dsc_1299-500x500\" width=\"500\" height=\"500\" srcset=\"https:\/\/www.wtfsales.com.ar\/productos\/wp-content\/uploads\/2016\/09\/DSC_1299-500x500.jpg 500w, https:\/\/www.wtfsales.com.ar\/productos\/wp-content\/uploads\/2016\/09\/DSC_1299-500x500-300x300.jpg 300w, https:\/\/www.wtfsales.com.ar\/productos\/wp-content\/uploads\/2016\/09\/DSC_1299-500x500-100x100.jpg 100w, https:\/\/www.wtfsales.com.ar\/productos\/wp-content\/uploads\/2016\/09\/DSC_1299-500x500-150x150.jpg 150w\" sizes=\"(max-width: 500px) 100vw, 500px\" \/><\/p>\n<p>&nbsp;<\/p>\n<div>Cell (\u30bb\u30eb Seru?, conocido en Espa\u00f1a como C\u00e9lula) es un personaje de ficci\u00f3n de la serie de manga y anime Dragon Ball. Se trata de un bioandroide creado por el Dr. Gero con la intenci\u00f3n de vengarse de Son Goku por haber acabado con el Ej\u00e9rcito Red Ribbon.<\/div>\n<div><\/div>\n<div>Est\u00e1 fabricado a partir de c\u00e9lulas de Son Goku, Piccolo, Vegeta, Freezer y su padre King Cold y una computadora registr\u00f3 los movimientos de estos luchadores haciendo que Cell sepa usar todos sus ataques. Cell puede absorber la energ\u00eda de sus enemigos con la aguja al final de la cola, y para alcanzar la perfecci\u00f3n de su cuerpo debe absorber a los androides #17 y #18, Cell en forma tiene un f\u00edsico perfecto tal y como en su altura y una voz ronca muy masculina, Cell muri\u00f3 el 26 de mayo del a\u00f1o 767 luego de que Gohan acabara con el.<\/div>\n","protected":false},"excerpt":{"rendered":"<p>Figura de Accion de Cell 11 cm x 6 cm x 3 cm Con base movil de 7 cm de circunferencia &nbsp; Cell (\u30bb\u30eb Seru?, conocido en Espa\u00f1a como C\u00e9lula)<\/p>\n","protected":false},"featured_media":3788,"comment_status":"open","ping_status":"closed","template":"","meta":[],"product_cat":[300,408],"product_tag":[158,264,159,175],"_links":{"self":[{"href":"https:\/\/www.wtfsales.com.ar\/productos\/index.php\/wp-json\/wp\/v2\/product\/1764"}],"collection":[{"href":"https:\/\/www.wtfsales.com.ar\/productos\/index.php\/wp-json\/wp\/v2\/product"}],"about":[{"href":"https:\/\/www.wtfsales.com.ar\/productos\/index.php\/wp-json\/wp\/v2\/types\/product"}],"replies":[{"embeddable":true,"href":"https:\/\/www.wtfsales.com.ar\/productos\/index.php\/wp-json\/wp\/v2\/comments?post=1764"}],"wp:featuredmedia":[{"embeddable":true,"href":"https:\/\/www.wtfsales.com.ar\/productos\/index.php\/wp-json\/wp\/v2\/media\/3788"}],"wp:attachment":[{"href":"https:\/\/www.wtfsales.com.ar\/productos\/index.php\/wp-json\/wp\/v2\/media?parent=1764"}],"wp:term":[{"taxonomy":"product_cat","embeddable":true,"href":"https:\/\/www.wtfsales.com.ar\/productos\/index.php\/wp-json\/wp\/v2\/product_cat?post=1764"},{"taxonomy":"product_tag","embeddable":true,"href":"https:\/\/www.wtfsales.com.ar\/productos\/index.php\/wp-json\/wp\/v2\/product_tag?post=1764"}],"curies":[{"name":"wp","href":"https:\/\/api.w.org\/{rel}","templated":true}]}}