{"id":1761,"date":"2016-09-08T15:32:54","date_gmt":"2016-09-08T15:32:54","guid":{"rendered":"http:\/\/new.wtfsales.com.ar\/productos\/?post_type=product&#038;p=1761"},"modified":"2022-02-22T01:32:00","modified_gmt":"2022-02-22T01:32:00","slug":"goku-super-saiyajin-dragon-ball-z","status":"publish","type":"product","link":"https:\/\/www.wtfsales.com.ar\/productos\/index.php\/producto\/goku-super-saiyajin-dragon-ball-z\/","title":{"rendered":"Goku Super Saiyajin &#8211; Dragon Ball Z"},"content":{"rendered":"<p>Figura de Accion de Goku en su fase Super Saiyajin<\/p>\n<p>11 cm x 6 cm x 3 cm<\/p>\n<p>Con base movil de 7 cm de circunferencia<\/p>\n<div>Dragon Ball (\u30c9\u30e9\u30b4\u30f3\u30dc\u30fc\u30eb Doragon B\u014dru?, y conocido en Espa\u00f1a como Bola de Drag\u00f3n)2 es un manga escrito e ilustrado por Akira Toriyama , y publicado originalmente en la revista semanal Sh\u014dnen Jump entre 1984 y 1995,3 edit\u00e1ndose luego en 42 tank\u014dbon por Shueisha.1 En Espa\u00f1a fue publicado por la editorial Planeta DeAgostini entre 1995 y 1998,4 mientras que en Argentina y M\u00e9xico fue publicado por la Editorial Ivrea y el Grupo Editorial Vid, respectivamente.5 6 Toriyama se inspir\u00f3 en la novela china Viaje al Oeste para crear a Dragon Ball.7 8 La trama sigue las aventuras de Son Gok\u016b desde su infancia hasta su edad adulta, per\u00edodo en el que b\u00e1sicamente se somete a un entrenamiento de artes marciales, y explora el mundo en b\u00fasqueda de siete objetos legendarios conocidos como las Dragon Ball (\u00abBolas del Drag\u00f3n\u00bb en Espa\u00f1a y \u00abEsferas del Drag\u00f3n\u00bb en Hispanoam\u00e9rica), las cuales conceden cualquier deseo a su portador por medio de un gran drag\u00f3n volador llamado Shenlong. A lo largo de su traves\u00eda, Gok\u016b se hace de varios amigos y se enfrenta a una amplia variedad de villanos, muchos de los cuales tambi\u00e9n buscan las Dragon Ball para cumplir sus siniestros deseos.<\/div>\n<div>Los 42 vol\u00famenes (tank\u014dbon) se adaptaron en dos series de anime producidas por Toei Animation: Dragon Ball y Dragon Ball Z, las cuales fueron transmitidas en Jap\u00f3n de 1986 a 1996. Adicionalmente, Toei ha creado 17 largometrajes animados inspirados en el manga, as\u00ed como tres especiales televisivos y un anime alternativo titulado Dragon Ball GT, que contin\u00faa m\u00e1s all\u00e1 de los acontecimientos presentados en el manga.9 Desde 2009 hasta 2011, Toei transmiti\u00f3 una versi\u00f3n remasterizada de Dragon Ball Z bajo el nombre de Dragon Ball Kai, en donde la mayor\u00eda del material de la versi\u00f3n original que no aparece en el manga fue eliminado. Es importante se\u00f1alar que varias empresas han producido varios tipos de productos inspirados en Dragon Ball los cuales van desde un juego de cartas coleccionables hasta un gran n\u00famero de videojuegos.<\/div>\n<div><\/div>\n<div>Los derechos de distribuci\u00f3n del manga fueron concedidos a Planeta DeAgostini para Espa\u00f1a, a Viz Media, para su publicaci\u00f3n en ingl\u00e9s en Estados Unidos, a Gollancz Manga para Reino Unido, a Chuang Yi para Australia y Nueva Zelanda, a Editorial Ivrea para Argentina, y a Grupo Editorial Vid para M\u00e9xico. Mientras tanto, los derechos del anime les correspondieron originalmente a Funimation Entertainment para su doblaje al ingl\u00e9s y su transmisi\u00f3n a nivel mundial, sin embargo Dragon Ball ser\u00eda luego doblada por varios estudios distintos, acorde a la regi\u00f3n donde se transmitir\u00eda. En 1989, se produjo en China una adaptaci\u00f3n cinematogr\u00e1fica tipo live action (X\u012bn q\u012b l\u00f3ngzh\u016b Sh\u00e9nl\u00f3ng de chu\u00e1nshu\u014d), mientras que, en 2002, 20th Century Fox adquiri\u00f3 los derechos para producir una pel\u00edcula estadounidense (Dragonball Evolution), la cual se estren\u00f3 en abril de 2009.<\/div>\n","protected":false},"excerpt":{"rendered":"<p>Figura de Accion de Goku en su fase Super Saiyajin 11 cm x 6 cm x 3 cm Con base movil de 7 cm de circunferencia Dragon Ball (\u30c9\u30e9\u30b4\u30f3\u30dc\u30fc\u30eb Doragon<\/p>\n","protected":false},"featured_media":3792,"comment_status":"open","ping_status":"closed","template":"","meta":[],"product_cat":[408],"product_tag":[158,193,264,159,175],"_links":{"self":[{"href":"https:\/\/www.wtfsales.com.ar\/productos\/index.php\/wp-json\/wp\/v2\/product\/1761"}],"collection":[{"href":"https:\/\/www.wtfsales.com.ar\/productos\/index.php\/wp-json\/wp\/v2\/product"}],"about":[{"href":"https:\/\/www.wtfsales.com.ar\/productos\/index.php\/wp-json\/wp\/v2\/types\/product"}],"replies":[{"embeddable":true,"href":"https:\/\/www.wtfsales.com.ar\/productos\/index.php\/wp-json\/wp\/v2\/comments?post=1761"}],"wp:featuredmedia":[{"embeddable":true,"href":"https:\/\/www.wtfsales.com.ar\/productos\/index.php\/wp-json\/wp\/v2\/media\/3792"}],"wp:attachment":[{"href":"https:\/\/www.wtfsales.com.ar\/productos\/index.php\/wp-json\/wp\/v2\/media?parent=1761"}],"wp:term":[{"taxonomy":"product_cat","embeddable":true,"href":"https:\/\/www.wtfsales.com.ar\/productos\/index.php\/wp-json\/wp\/v2\/product_cat?post=1761"},{"taxonomy":"product_tag","embeddable":true,"href":"https:\/\/www.wtfsales.com.ar\/productos\/index.php\/wp-json\/wp\/v2\/product_tag?post=1761"}],"curies":[{"name":"wp","href":"https:\/\/api.w.org\/{rel}","templated":true}]}}