{"id":1736,"date":"2016-09-07T16:48:28","date_gmt":"2016-09-07T16:48:28","guid":{"rendered":"http:\/\/new.wtfsales.com.ar\/productos\/?post_type=product&#038;p=1736"},"modified":"2022-02-22T01:23:49","modified_gmt":"2022-02-22T01:23:49","slug":"naipes-pucca","status":"publish","type":"product","link":"https:\/\/www.wtfsales.com.ar\/productos\/index.php\/producto\/naipes-pucca\/","title":{"rendered":"Naipes Pucca"},"content":{"rendered":"<div id=\"content\">\n<div id=\"tab-description\" class=\"tab-content\">\n<div>\n<p>Juego de Naipes que incluye dos modalidades; memory y baraja espa\u00f1ola<\/p>\n<p>Impresos completamente en toda su superficie<\/p>\n<p>Calidad de la impresi\u00f3n fotogr\u00e1fica<\/p>\n<p>Papel ilustraci\u00f3n<\/p>\n<p>9,5 cm x 6,5 cm<\/p>\n<\/div>\n<div>Pucca es una serie dibujos animados producida por la empresa surcoreana Vooz Character System en el a\u00f1o 2000 y por Boo Kyoung Kim y Calvin Kim. Fue realizada mediante computadora con Adobe Flash. La segunda versi\u00f3n de la serie fue producida por la compa\u00f1\u00eda canadiense Studio B Productions para Vooz y Jetix Europa.<\/div>\n<div><\/div>\n<div>Originalmente el personaje de Pucca fue creado por la compa\u00f1\u00eda surcoreana ,Vooz como la imagen de un servicio de postales electr\u00f3nico, pero debido al \u00e9xito obtenido, la compa\u00f1\u00eda comenz\u00f3 a realizar una serie de 24 episodios de tan s\u00f3lo 2 minutos y medio de duraci\u00f3n por segmento.1 La serie fue distribuida por Jetix en Europa e Hispanoam\u00e9rica dej\u00f3 de ser cortos de dos minutos para convertirse en una serie animada de 26 episodios de 22 minutos (cada episodio consist\u00eda de tres cortos), ya que en la producci\u00f3n se uni\u00f3 la compa\u00f1\u00eda Jetix Europa y la compa\u00f1\u00eda canadiense Studio B Productions,2 en esta nueva versi\u00f3n de la serie se realizaron varios cambios entre los cuales se encuentra la inclusi\u00f3n de tecnolog\u00eda Maya, un nuevo tema musical interpretado por Plus-Tech Squeeze Box, nuevos personajes3 y, finalmente, di\u00e1logos a los personajes (exceptuando a Pucca y Garu).<\/div>\n<div>En el canal latinoamericano Disney XD (antes Jetix), la serie ha crecido y se ha convertido en un \u00e9xito transmiti\u00e9ndose todos los d\u00edas incluyendo maratones especiales.<\/div>\n<\/div>\n<\/div>\n<div id=\"footer\"><\/div>\n","protected":false},"excerpt":{"rendered":"<p>Juego de Naipes que incluye dos modalidades; memory y baraja espa\u00f1ola Impresos completamente en toda su superficie Calidad de la impresi\u00f3n fotogr\u00e1fica Papel ilustraci\u00f3n 9,5 cm x 6,5 cm Pucca<\/p>\n","protected":false},"featured_media":3571,"comment_status":"open","ping_status":"closed","template":"","meta":[],"product_cat":[424],"product_tag":[230,262],"_links":{"self":[{"href":"https:\/\/www.wtfsales.com.ar\/productos\/index.php\/wp-json\/wp\/v2\/product\/1736"}],"collection":[{"href":"https:\/\/www.wtfsales.com.ar\/productos\/index.php\/wp-json\/wp\/v2\/product"}],"about":[{"href":"https:\/\/www.wtfsales.com.ar\/productos\/index.php\/wp-json\/wp\/v2\/types\/product"}],"replies":[{"embeddable":true,"href":"https:\/\/www.wtfsales.com.ar\/productos\/index.php\/wp-json\/wp\/v2\/comments?post=1736"}],"wp:featuredmedia":[{"embeddable":true,"href":"https:\/\/www.wtfsales.com.ar\/productos\/index.php\/wp-json\/wp\/v2\/media\/3571"}],"wp:attachment":[{"href":"https:\/\/www.wtfsales.com.ar\/productos\/index.php\/wp-json\/wp\/v2\/media?parent=1736"}],"wp:term":[{"taxonomy":"product_cat","embeddable":true,"href":"https:\/\/www.wtfsales.com.ar\/productos\/index.php\/wp-json\/wp\/v2\/product_cat?post=1736"},{"taxonomy":"product_tag","embeddable":true,"href":"https:\/\/www.wtfsales.com.ar\/productos\/index.php\/wp-json\/wp\/v2\/product_tag?post=1736"}],"curies":[{"name":"wp","href":"https:\/\/api.w.org\/{rel}","templated":true}]}}