{"id":1734,"date":"2016-09-07T16:46:34","date_gmt":"2016-09-07T16:46:34","guid":{"rendered":"http:\/\/new.wtfsales.com.ar\/productos\/?post_type=product&#038;p=1734"},"modified":"2022-02-22T01:23:27","modified_gmt":"2022-02-22T01:23:27","slug":"naipes-tinker-bell","status":"publish","type":"product","link":"https:\/\/www.wtfsales.com.ar\/productos\/index.php\/producto\/naipes-tinker-bell\/","title":{"rendered":"Naipes Tinker Bell"},"content":{"rendered":"<p>Juego de Naipes que incluye dos modalidades; memory y baraja espa\u00f1ola<\/p>\n<p>Impresos completamente en toda su superficie<\/p>\n<p>Calidad de la impresi\u00f3n fotogr\u00e1fica<\/p>\n<p>Papel ilustraci\u00f3n<\/p>\n<p>9,5 cm x 6,5 cm<\/p>\n<p>&nbsp;<\/p>\n<div>Tinker Bell es una pel\u00edcula de animaci\u00f3n de la factor\u00eda Disney dirigida por Bradley Raymond y basada en el personaje Campanita (Tinker Bell en ingl\u00e9s) de J. M. Barrie, estrenada en el 2008.<\/div>\n<div><\/div>\n<div>Tinker Bell se da cuenta, en compa\u00f1\u00eda de sus inseparables amigas Rosetta, Silvermist, Fawn e Iridessa, de sus habilidades como hada y de las cosas m\u00e1gicas que puede concretar, como cuidar la naturaleza o cambiar las estaciones del a\u00f1o.<\/div>\n<div>Se trata de la primera vez que el personaje animado Tinker Bell habla en un film original.<\/div>\n<div><\/div>\n<div>En su versi\u00f3n original en ingl\u00e9s, las voces son interpretadas por artistas conocidos. Mae Whitman brinda a Tinker Bell su voz; la ganadora de los premios Emmy y Golden Globe, America Ferrera, pone la voz a la traviesa Fawn, el Hada de los animales. Raven Symon\u00e9 es la voz de Iridessa, el Hada de la luz; Kristin Chenoweth la de Rosetta, el Hada del jard\u00edn; y Lucy Liu interpreta la voz de Silvermist, el Hada del agua.<\/div>\n<div><\/div>\n<div>Adem\u00e1s, el cantante pop y compositor Jesse McCartney presta su voz al personaje de Terence, quien tiene a su cargo el polvillo m\u00e1gico, y Anjelica Huston es la voz de la reina de la Tierra de las Hadas, Clarion.<\/div>\n<div><\/div>\n<div>En el doblaje al espa\u00f1ol, el cantante mel\u00f3dico Ricardo Montaner es Bubble; la actriz argentina Cecilia Roth es la voz de la Reina Clarion y Verdaguer, cantante argentino que adopt\u00f3 la nacionalidad mexicana, interpreta al Ministro del Oto\u00f1o. Otros artistas latinoamericanos hacen las voces de los dem\u00e1s personajes.<\/div>\n<div><\/div>\n<div>Mucho antes de que Peter Pan y los ni\u00f1os perdidos volaran hacia el Pa\u00eds del Nunca Jam\u00e1s, el hada Campanilla y sus amigas ya creaban su propia magia especial. Ahora Tinker Bell abre las puertas de la Tierra de las Hadas, un secreto escondite en lo m\u00e1s profundo del Pa\u00eds del Nunca Jam\u00e1s donde viven todas las Hadas de Disney.<\/div>\n<div><\/div>\n<div>Esta pel\u00edcula de DisneyToon Studios revela la historia de los primeros d\u00edas de Tinker Bell en el fant\u00e1stico mundo de la Tierra de las Hadas. Cada una de ellas ha nacido con un talento especial, ya sea el de hacer crecer las flores, el de darles la luz a las luci\u00e9rnagas o trazar bellos dibujos en la escarcha. Tinker Bell piensa que su talento como \u00abHada artesana\u00bb no es tan especial o importante, porque las hadas artesanas no van a tierra firme como las dem\u00e1s hadas. Pero cuando trata de cambiar qui\u00e9n es, no hace m\u00e1s que desastres. Con el aliento de sus amigas Fawn, Iridessa, Rosetta y Silvermist, Tinker aprende que la clave para resolver sus problemas est\u00e1 en encontrar sus habilidades \u00fanicas y descubre que cuando uno es fiel a s\u00ed mismo, pueden ocurrir cosas m\u00e1gicas.<\/div>\n<div>Este filme es el primero de cinco pel\u00edculas que se estrenar\u00e1n anualmente<\/div>\n","protected":false},"excerpt":{"rendered":"<p>Juego de Naipes que incluye dos modalidades; memory y baraja espa\u00f1ola Impresos completamente en toda su superficie Calidad de la impresi\u00f3n fotogr\u00e1fica Papel ilustraci\u00f3n 9,5 cm x 6,5 cm &nbsp;<\/p>\n","protected":false},"featured_media":3568,"comment_status":"open","ping_status":"closed","template":"","meta":[],"product_cat":[424],"product_tag":[],"_links":{"self":[{"href":"https:\/\/www.wtfsales.com.ar\/productos\/index.php\/wp-json\/wp\/v2\/product\/1734"}],"collection":[{"href":"https:\/\/www.wtfsales.com.ar\/productos\/index.php\/wp-json\/wp\/v2\/product"}],"about":[{"href":"https:\/\/www.wtfsales.com.ar\/productos\/index.php\/wp-json\/wp\/v2\/types\/product"}],"replies":[{"embeddable":true,"href":"https:\/\/www.wtfsales.com.ar\/productos\/index.php\/wp-json\/wp\/v2\/comments?post=1734"}],"wp:featuredmedia":[{"embeddable":true,"href":"https:\/\/www.wtfsales.com.ar\/productos\/index.php\/wp-json\/wp\/v2\/media\/3568"}],"wp:attachment":[{"href":"https:\/\/www.wtfsales.com.ar\/productos\/index.php\/wp-json\/wp\/v2\/media?parent=1734"}],"wp:term":[{"taxonomy":"product_cat","embeddable":true,"href":"https:\/\/www.wtfsales.com.ar\/productos\/index.php\/wp-json\/wp\/v2\/product_cat?post=1734"},{"taxonomy":"product_tag","embeddable":true,"href":"https:\/\/www.wtfsales.com.ar\/productos\/index.php\/wp-json\/wp\/v2\/product_tag?post=1734"}],"curies":[{"name":"wp","href":"https:\/\/api.w.org\/{rel}","templated":true}]}}