{"id":1732,"date":"2016-09-07T16:44:46","date_gmt":"2016-09-07T16:44:46","guid":{"rendered":"http:\/\/new.wtfsales.com.ar\/productos\/?post_type=product&#038;p=1732"},"modified":"2022-02-22T01:23:02","modified_gmt":"2022-02-22T01:23:02","slug":"naipes-winnie-the-pooh","status":"publish","type":"product","link":"https:\/\/www.wtfsales.com.ar\/productos\/index.php\/producto\/naipes-winnie-the-pooh\/","title":{"rendered":"Naipes Winnie the Pooh"},"content":{"rendered":"<p>Juego de Naipes que incluye dos modalidades; memory y baraja espa\u00f1ola<\/p>\n<p>Impresos completamente en toda su superficie<\/p>\n<p>Calidad de la impresi\u00f3n fotogr\u00e1fica<\/p>\n<p>Papel ilustraci\u00f3n<\/p>\n<p>9,5 cm x 6,5 cm<\/p>\n","protected":false},"excerpt":{"rendered":"<p>Juego de Naipes que incluye dos modalidades; memory y baraja espa\u00f1ola Impresos completamente en toda su superficie Calidad de la impresi\u00f3n fotogr\u00e1fica Papel ilustraci\u00f3n 9,5 cm x 6,5 cm<\/p>\n","protected":false},"featured_media":3570,"comment_status":"open","ping_status":"closed","template":"","meta":[],"product_cat":[424],"product_tag":[230,259],"_links":{"self":[{"href":"https:\/\/www.wtfsales.com.ar\/productos\/index.php\/wp-json\/wp\/v2\/product\/1732"}],"collection":[{"href":"https:\/\/www.wtfsales.com.ar\/productos\/index.php\/wp-json\/wp\/v2\/product"}],"about":[{"href":"https:\/\/www.wtfsales.com.ar\/productos\/index.php\/wp-json\/wp\/v2\/types\/product"}],"replies":[{"embeddable":true,"href":"https:\/\/www.wtfsales.com.ar\/productos\/index.php\/wp-json\/wp\/v2\/comments?post=1732"}],"wp:featuredmedia":[{"embeddable":true,"href":"https:\/\/www.wtfsales.com.ar\/productos\/index.php\/wp-json\/wp\/v2\/media\/3570"}],"wp:attachment":[{"href":"https:\/\/www.wtfsales.com.ar\/productos\/index.php\/wp-json\/wp\/v2\/media?parent=1732"}],"wp:term":[{"taxonomy":"product_cat","embeddable":true,"href":"https:\/\/www.wtfsales.com.ar\/productos\/index.php\/wp-json\/wp\/v2\/product_cat?post=1732"},{"taxonomy":"product_tag","embeddable":true,"href":"https:\/\/www.wtfsales.com.ar\/productos\/index.php\/wp-json\/wp\/v2\/product_tag?post=1732"}],"curies":[{"name":"wp","href":"https:\/\/api.w.org\/{rel}","templated":true}]}}