{"id":1730,"date":"2016-09-07T16:41:31","date_gmt":"2016-09-07T16:41:31","guid":{"rendered":"http:\/\/new.wtfsales.com.ar\/productos\/?post_type=product&#038;p=1730"},"modified":"2022-02-22T01:22:44","modified_gmt":"2022-02-22T01:22:44","slug":"naipes-sapo-pepe","status":"publish","type":"product","link":"https:\/\/www.wtfsales.com.ar\/productos\/index.php\/producto\/naipes-sapo-pepe\/","title":{"rendered":"Naipes Sapo Pepe"},"content":{"rendered":"<p>Juego de Naipes que incluye dos modalidades; memory y baraja espa\u00f1ola<\/p>\n<p>Impresos completamente en toda su superficie<\/p>\n<p>Calidad de la impresi\u00f3n fotogr\u00e1fica<\/p>\n<p>Papel ilustraci\u00f3n<\/p>\n<p>9,5 cm x 6,5 cm<\/p>\n","protected":false},"excerpt":{"rendered":"<p>Juego de Naipes que incluye dos modalidades; memory y baraja espa\u00f1ola Impresos completamente en toda su superficie Calidad de la impresi\u00f3n fotogr\u00e1fica Papel ilustraci\u00f3n 9,5 cm x 6,5 cm<\/p>\n","protected":false},"featured_media":3569,"comment_status":"open","ping_status":"closed","template":"","meta":[],"product_cat":[424],"product_tag":[230,261],"_links":{"self":[{"href":"https:\/\/www.wtfsales.com.ar\/productos\/index.php\/wp-json\/wp\/v2\/product\/1730"}],"collection":[{"href":"https:\/\/www.wtfsales.com.ar\/productos\/index.php\/wp-json\/wp\/v2\/product"}],"about":[{"href":"https:\/\/www.wtfsales.com.ar\/productos\/index.php\/wp-json\/wp\/v2\/types\/product"}],"replies":[{"embeddable":true,"href":"https:\/\/www.wtfsales.com.ar\/productos\/index.php\/wp-json\/wp\/v2\/comments?post=1730"}],"wp:featuredmedia":[{"embeddable":true,"href":"https:\/\/www.wtfsales.com.ar\/productos\/index.php\/wp-json\/wp\/v2\/media\/3569"}],"wp:attachment":[{"href":"https:\/\/www.wtfsales.com.ar\/productos\/index.php\/wp-json\/wp\/v2\/media?parent=1730"}],"wp:term":[{"taxonomy":"product_cat","embeddable":true,"href":"https:\/\/www.wtfsales.com.ar\/productos\/index.php\/wp-json\/wp\/v2\/product_cat?post=1730"},{"taxonomy":"product_tag","embeddable":true,"href":"https:\/\/www.wtfsales.com.ar\/productos\/index.php\/wp-json\/wp\/v2\/product_tag?post=1730"}],"curies":[{"name":"wp","href":"https:\/\/api.w.org\/{rel}","templated":true}]}}