{"id":1728,"date":"2016-09-07T16:37:56","date_gmt":"2016-09-07T16:37:56","guid":{"rendered":"http:\/\/new.wtfsales.com.ar\/productos\/?post_type=product&#038;p=1728"},"modified":"2021-12-14T02:13:17","modified_gmt":"2021-12-14T02:13:17","slug":"anotador-spiderman","status":"publish","type":"product","link":"https:\/\/www.wtfsales.com.ar\/productos\/index.php\/producto\/anotador-spiderman\/","title":{"rendered":"Anotador Spiderman"},"content":{"rendered":"<p>20 cm x 15 cm<\/p>\n<p>30 paginas con rengolones en azul<\/p>\n<p><img loading=\"lazy\" class=\"aligncenter size-full wp-image-3542\" src=\"http:\/\/www.wtfsales.com.ar\/productos\/wp-content\/uploads\/2016\/09\/Foto376.jpg\" alt=\"\" width=\"960\" height=\"900\" srcset=\"https:\/\/www.wtfsales.com.ar\/productos\/wp-content\/uploads\/2016\/09\/Foto376.jpg 960w, https:\/\/www.wtfsales.com.ar\/productos\/wp-content\/uploads\/2016\/09\/Foto376-300x281.jpg 300w, https:\/\/www.wtfsales.com.ar\/productos\/wp-content\/uploads\/2016\/09\/Foto376-768x720.jpg 768w, https:\/\/www.wtfsales.com.ar\/productos\/wp-content\/uploads\/2016\/09\/Foto376-600x563.jpg 600w\" sizes=\"(max-width: 960px) 100vw, 960px\" \/><\/p>\n<div>Peter Parker, se convirti\u00f3 en superh\u00e9roe tras la picadura de una ara\u00f1a. Stan Lee, guionista de Marvel Comics, situ\u00f3 al ficticio Peter Parker, alter ego del superh\u00e9roe, como vecino de Forest Hills, un barrio situado en el centro del Borough de Queens, Nueva York, situando algunas de sus aventuras en Rego Park. En sus c\u00f3mics dibuja estos emplazamientos y Spider-Man aparece encaramado a piezas arquitect\u00f3nicas que pueden verse en la zona. El \u00e1rea urbana al oeste de Alderton Street tiene un trazado radial en forma de tela de ara\u00f1a.<\/div>\n<div><img loading=\"lazy\" class=\"aligncenter size-large wp-image-3541\" src=\"http:\/\/www.wtfsales.com.ar\/productos\/wp-content\/uploads\/2016\/09\/Foto375-847x1024.jpg\" alt=\"\" width=\"847\" height=\"1024\" srcset=\"https:\/\/www.wtfsales.com.ar\/productos\/wp-content\/uploads\/2016\/09\/Foto375-847x1024.jpg 847w, https:\/\/www.wtfsales.com.ar\/productos\/wp-content\/uploads\/2016\/09\/Foto375-248x300.jpg 248w, https:\/\/www.wtfsales.com.ar\/productos\/wp-content\/uploads\/2016\/09\/Foto375-768x929.jpg 768w, https:\/\/www.wtfsales.com.ar\/productos\/wp-content\/uploads\/2016\/09\/Foto375-600x725.jpg 600w, https:\/\/www.wtfsales.com.ar\/productos\/wp-content\/uploads\/2016\/09\/Foto375.jpg 1000w\" sizes=\"(max-width: 847px) 100vw, 847px\" \/><\/div>\n<div><\/div>\n<div>Dada la naturaleza serial de la publicaci\u00f3n de c\u00f3mics y su longeva existencia, Spider-Man ha evolucionado como personaje a medida que se han ido sumando nuevas aventuras. Los detalles de su origen, relaciones y habilidades han cambiado significativamente durante el curso de la publicaci\u00f3n del personaje, convirti\u00e9ndose en el \u00edcono emblem\u00e1tico de la misma, llegando a representar uno de los personajes m\u00e1s famosos dentro de la industria de los c\u00f3mics, pel\u00edculas y videojuegos. Desde entonces, la identidad secreta de Spider-Man ha sido siempre Peter Parker pasando con el transcurrir del tiempo, de ser un t\u00edmido estudiante de instituto a convertirse en un profesor de instituto casado y miembro del grupo de superh\u00e9roes Los Vengadores, tras una etapa como fot\u00f3grafo de nuevo y soltero, tras los eventos de la saga: \u00abOne More Day\u00bb durante un par de a\u00f1os, Peter logr\u00f3 cumplir su sue\u00f1o y ser cient\u00edfico, ahora con un nuevo noviazgo y perteneciendo al grupo La Fundaci\u00f3n del Futuro, adem\u00e1s de seguir con sus otras afiliaciones.<\/div>\n<div><\/div>\n<div>Se ha publicado varias series del personaje a lo largo de los a\u00f1os, siendo The Amazing Spider-Man la m\u00e1s veterana de todas. En su larga trayectoria, se puede destacar la etapa de Stan Lee y Steve Ditko (1962-1966), la del propio Stan Lee y John Romita Sr. (1966-1973), la de Roger Stern y John Romita Jr. (1982-1984), la de Joseph Michael Straczynski y John Romita Jr. (2001-2004) y, m\u00e1s recientemente, la de Dan Slott y Humberto Ramos y Marcos Martin (con participaci\u00f3n de otros artistas) (2010-actualidad). Marvel ha publicado adem\u00e1s multitud de especiales, novelas gr\u00e1ficas y miniseries de Spider-Man, quien es un invitado habitual en otros c\u00f3mics de la editorial.<\/div>\n<div><\/div>\n<div>Las aventuras de Spider-Man han sido adaptadas, adem\u00e1s, a tiras de prensa que se publican en peri\u00f3dicos de todo el mundo, a varias series de dibujos animados y, en 2002, goz\u00f3 de su primera superproducci\u00f3n cinematogr\u00e1fica, dirigida por Sam Raimi, que fue un monumental \u00e9xito de taquilla, lo mismo que sus secuelas. Todo ello ha convertido a Spider-Man en el s\u00edmbolo de la compa\u00f1\u00eda Marvel Comics y en uno de los personajes de ficci\u00f3n m\u00e1s conocidos del mundo.<\/div>\n","protected":false},"excerpt":{"rendered":"<p>20 cm x 15 cm 30 paginas con rengolones en azul Peter Parker, se convirti\u00f3 en superh\u00e9roe tras la picadura de una ara\u00f1a. Stan Lee, guionista de Marvel Comics, situ\u00f3<\/p>\n","protected":false},"featured_media":3542,"comment_status":"open","ping_status":"closed","template":"","meta":[],"product_cat":[300,411],"product_tag":[244,236],"_links":{"self":[{"href":"https:\/\/www.wtfsales.com.ar\/productos\/index.php\/wp-json\/wp\/v2\/product\/1728"}],"collection":[{"href":"https:\/\/www.wtfsales.com.ar\/productos\/index.php\/wp-json\/wp\/v2\/product"}],"about":[{"href":"https:\/\/www.wtfsales.com.ar\/productos\/index.php\/wp-json\/wp\/v2\/types\/product"}],"replies":[{"embeddable":true,"href":"https:\/\/www.wtfsales.com.ar\/productos\/index.php\/wp-json\/wp\/v2\/comments?post=1728"}],"wp:featuredmedia":[{"embeddable":true,"href":"https:\/\/www.wtfsales.com.ar\/productos\/index.php\/wp-json\/wp\/v2\/media\/3542"}],"wp:attachment":[{"href":"https:\/\/www.wtfsales.com.ar\/productos\/index.php\/wp-json\/wp\/v2\/media?parent=1728"}],"wp:term":[{"taxonomy":"product_cat","embeddable":true,"href":"https:\/\/www.wtfsales.com.ar\/productos\/index.php\/wp-json\/wp\/v2\/product_cat?post=1728"},{"taxonomy":"product_tag","embeddable":true,"href":"https:\/\/www.wtfsales.com.ar\/productos\/index.php\/wp-json\/wp\/v2\/product_tag?post=1728"}],"curies":[{"name":"wp","href":"https:\/\/api.w.org\/{rel}","templated":true}]}}