{"id":1667,"date":"2016-09-07T15:19:57","date_gmt":"2016-09-07T15:19:57","guid":{"rendered":"http:\/\/new.wtfsales.com.ar\/productos\/?post_type=product&#038;p=1667"},"modified":"2022-02-22T00:55:48","modified_gmt":"2022-02-22T00:55:48","slug":"monedero-kitty","status":"publish","type":"product","link":"https:\/\/www.wtfsales.com.ar\/productos\/index.php\/producto\/monedero-kitty\/","title":{"rendered":"Monedero Kitty"},"content":{"rendered":"<p>9 cm x 7,5 cm x 2,5 cm<\/p>\n<p>Colores: Celeste, Verde, Amarillo.<\/p>\n<p>Monedero de charol con bordado de la imagen de Kitty.<\/p>\n<p>Excelente calidad.<\/p>\n<div>Hello Kitty (\u30cf\u30ed\u30fc\u30ad\u30c6\u30a3 Har\u014dKiti?)1 es un personaje ficticio producido por la compa\u00f1\u00eda japonesa Sanrio y que ha sido por mucho tiempo la m\u00e1s popular de esta compa\u00f1\u00eda. Fue dise\u00f1ada por Yuko Shimizu y el primer producto, un monedero de vinilo, se lanz\u00f3 en Jap\u00f3n en 1974 y en los Estados Unidos en 1976.2 3 Tras el primer dise\u00f1o realizado por Shimizu, Yuko Yamaguchi se convirti\u00f3 en la dise\u00f1adora oficial de Hello Kitty y lleva m\u00e1s de veinte a\u00f1os dise\u00f1ando todo tipo de productos, accesorios y complementos de Hello Kitty.<\/div>\n<div>El personaje es una gata blanca con forma antropomorfa muy geom\u00e9trica, con un distintivo lazo u otra decoraci\u00f3n en su oreja izquierda. En 1976 obtuvo derechos de autor y actualmente es una marca conocida internacionalmente. La l\u00ednea de Hello Kitty genera unos 250 millones de euros anuales por la venta de licencias.4 Existe un parque tem\u00e1tico oficial propiedad de Sanrio, conocido como Sanrio Puroland.<\/div>\n","protected":false},"excerpt":{"rendered":"<p>9 cm x 7,5 cm x 2,5 cm Colores: Celeste, Verde, Amarillo. Monedero de charol con bordado de la imagen de Kitty. Excelente calidad. Hello Kitty (\u30cf\u30ed\u30fc\u30ad\u30c6\u30a3 Har\u014dKiti?)1 es un<\/p>\n","protected":false},"featured_media":3913,"comment_status":"open","ping_status":"closed","template":"","meta":[],"product_cat":[411],"product_tag":[193,254],"_links":{"self":[{"href":"https:\/\/www.wtfsales.com.ar\/productos\/index.php\/wp-json\/wp\/v2\/product\/1667"}],"collection":[{"href":"https:\/\/www.wtfsales.com.ar\/productos\/index.php\/wp-json\/wp\/v2\/product"}],"about":[{"href":"https:\/\/www.wtfsales.com.ar\/productos\/index.php\/wp-json\/wp\/v2\/types\/product"}],"replies":[{"embeddable":true,"href":"https:\/\/www.wtfsales.com.ar\/productos\/index.php\/wp-json\/wp\/v2\/comments?post=1667"}],"wp:featuredmedia":[{"embeddable":true,"href":"https:\/\/www.wtfsales.com.ar\/productos\/index.php\/wp-json\/wp\/v2\/media\/3913"}],"wp:attachment":[{"href":"https:\/\/www.wtfsales.com.ar\/productos\/index.php\/wp-json\/wp\/v2\/media?parent=1667"}],"wp:term":[{"taxonomy":"product_cat","embeddable":true,"href":"https:\/\/www.wtfsales.com.ar\/productos\/index.php\/wp-json\/wp\/v2\/product_cat?post=1667"},{"taxonomy":"product_tag","embeddable":true,"href":"https:\/\/www.wtfsales.com.ar\/productos\/index.php\/wp-json\/wp\/v2\/product_tag?post=1667"}],"curies":[{"name":"wp","href":"https:\/\/api.w.org\/{rel}","templated":true}]}}