{"id":1623,"date":"2016-09-07T14:11:27","date_gmt":"2016-09-07T14:11:27","guid":{"rendered":"http:\/\/new.wtfsales.com.ar\/productos\/?post_type=product&#038;p=1623"},"modified":"2021-12-14T02:17:11","modified_gmt":"2021-12-14T02:17:11","slug":"rayman-raving-rabbids-arabia-saudita","status":"publish","type":"product","link":"https:\/\/www.wtfsales.com.ar\/productos\/index.php\/producto\/rayman-raving-rabbids-arabia-saudita\/","title":{"rendered":"Rayman Raving Rabbids Arabia Saudita"},"content":{"rendered":"<p>6 cm x 3.5 cm<\/p>\n<p>Como se ve en la foto<\/p>\n<p>Fueron abiertos para sacar la foto.<\/p>\n<p>Nuevos en su bolsita original<\/p>\n<p>Importados de Brasil 2012<\/p>\n<p><img loading=\"lazy\" class=\"alignnone size-full wp-image-1618\" src=\"http:\/\/new.wtfsales.com.ar\/productos\/wp-content\/uploads\/2016\/09\/DSC_1127-500x500.jpg\" alt=\"DSC_1127-500x500\" width=\"500\" height=\"500\" srcset=\"https:\/\/www.wtfsales.com.ar\/productos\/wp-content\/uploads\/2016\/09\/DSC_1127-500x500.jpg 500w, https:\/\/www.wtfsales.com.ar\/productos\/wp-content\/uploads\/2016\/09\/DSC_1127-500x500-300x300.jpg 300w, https:\/\/www.wtfsales.com.ar\/productos\/wp-content\/uploads\/2016\/09\/DSC_1127-500x500-100x100.jpg 100w, https:\/\/www.wtfsales.com.ar\/productos\/wp-content\/uploads\/2016\/09\/DSC_1127-500x500-150x150.jpg 150w\" sizes=\"(max-width: 500px) 100vw, 500px\" \/><\/p>\n<div>Rayman Raving Rabbids , literalmente, \u00abRayman contra los conejos idiotas\u00bb, es juego de la Serie Rayman lanzada por la compa\u00f1\u00eda francesa Ubisoft.<\/div>\n<div><\/div>\n<div>\u00a0El juego consta de m\u00e1s de 70 minijuegos . El juego est\u00e1 dise\u00f1ado principalmente con el mando de Wii en mente, pero est\u00e1 tambi\u00e9n disponible en Game Boy Advance , PlayStation 2 , Microsoft Windows , Nintendo DS y Xbox 360 .<\/div>\n<div><\/div>\n<div>Ubisoft lanz\u00f3 una secuela del juego, Rayman Raving Rabbids 2 , en noviembre de 2007, y lanz\u00f3 el tercer juego de la serie, Rayman Raving Rabbids TV Party en noviembre de 2008. El cuarto juego de la serie, Rabbids Go Home fue lanzado en 2009, aunque s\u00f3lo en los sistemas de Wii y DS. Un quinto juego, Raving Rabbids: Travel in Time , fue lanzado en 2010. Un sexto juego, Raving Rabbids: Alive &amp; Kicking fue lanzado en 2011 s\u00f3lo para Xbox 360 (que requiere que el Kinect para Xbox 360 .)<\/div>\n","protected":false},"excerpt":{"rendered":"<p>6 cm x 3.5 cm Como se ve en la foto Fueron abiertos para sacar la foto. Nuevos en su bolsita original Importados de Brasil 2012 Rayman Raving Rabbids ,<\/p>\n","protected":false},"featured_media":1624,"comment_status":"open","ping_status":"closed","template":"","meta":[],"product_cat":[300,409],"product_tag":[253,149],"_links":{"self":[{"href":"https:\/\/www.wtfsales.com.ar\/productos\/index.php\/wp-json\/wp\/v2\/product\/1623"}],"collection":[{"href":"https:\/\/www.wtfsales.com.ar\/productos\/index.php\/wp-json\/wp\/v2\/product"}],"about":[{"href":"https:\/\/www.wtfsales.com.ar\/productos\/index.php\/wp-json\/wp\/v2\/types\/product"}],"replies":[{"embeddable":true,"href":"https:\/\/www.wtfsales.com.ar\/productos\/index.php\/wp-json\/wp\/v2\/comments?post=1623"}],"wp:featuredmedia":[{"embeddable":true,"href":"https:\/\/www.wtfsales.com.ar\/productos\/index.php\/wp-json\/wp\/v2\/media\/1624"}],"wp:attachment":[{"href":"https:\/\/www.wtfsales.com.ar\/productos\/index.php\/wp-json\/wp\/v2\/media?parent=1623"}],"wp:term":[{"taxonomy":"product_cat","embeddable":true,"href":"https:\/\/www.wtfsales.com.ar\/productos\/index.php\/wp-json\/wp\/v2\/product_cat?post=1623"},{"taxonomy":"product_tag","embeddable":true,"href":"https:\/\/www.wtfsales.com.ar\/productos\/index.php\/wp-json\/wp\/v2\/product_tag?post=1623"}],"curies":[{"name":"wp","href":"https:\/\/api.w.org\/{rel}","templated":true}]}}