{"id":1580,"date":"2016-09-07T12:28:35","date_gmt":"2016-09-07T12:28:35","guid":{"rendered":"http:\/\/new.wtfsales.com.ar\/productos\/?post_type=product&#038;p=1580"},"modified":"2022-02-22T00:49:12","modified_gmt":"2022-02-22T00:49:12","slug":"robocop-de-12-cm-retro-90","status":"publish","type":"product","link":"https:\/\/www.wtfsales.com.ar\/productos\/index.php\/producto\/robocop-de-12-cm-retro-90\/","title":{"rendered":"Robocop de 12 cm Retro 90&#8242;"},"content":{"rendered":"<p>Excelente figura de accion de Robocop<\/p>\n<p>12 cm x 5 cm x 2 cm<\/p>\n<p>En blister cerrado desde los 90&#8242;<\/p>\n<p>RoboCop es una pel\u00edcula estadounidense de 1987, de g\u00e9nero ciencia ficci\u00f3n y acci\u00f3n, dirigida por Paul Verhoeven y protagonizada por Peter Weller, Nancy Allen, Dan O&#8217;Herlihy, Ronny Cox, Kurtwood Smith, Miguel Ferrer en los papeles principales.RoboCop trata temas m\u00e1s amplios como la manipulaci\u00f3n medi\u00e1tica, la resurrecci\u00f3n, la gentrificaci\u00f3n, la corrupci\u00f3n, la privatizaci\u00f3n, el capitalismo, la masculinidad y la naturaleza humana. Recibi\u00f3 criticas positivas y fue considerada una de las mejores pel\u00edculas del a\u00f1o 1987, comenzando una franquicia que incluye merchandising, dos secuelas, una serie de televisi\u00f3n, una mini-serie, dos series animadas, videojuegos y varias adaptaciones de comics. La pel\u00edcula fue producida con un presupuesto relativamente bajo de U$13 millones.<\/p>\n<div>En un futuro pr\u00f3ximo, Detroit, Michigan, est\u00e1 al borde del colapso debido a la ruina financiera y de la delincuencia sin control. La gran corporaci\u00f3n Omni Consumer Products firma un contrato con la ciudad para dirigir la fuerza policial. La OCP tiene planes para destruir el \u00abViejo Detroit\u00bb para sustituirlo por la utop\u00eda de \u00abCiudad Delta\u00bb. Reconociendo que los encargados de hacer cumplir la ley no son suficientes para detener la ola de cr\u00edmenes, la OCP ejecuta varios programas para encontrar reemplazos rob\u00f3ticos. Uno de los programas es el ED-209 compuesto de droides, encabezado por el presidente Dick Jones(Ronny Cox). Por un mal funcionamiento del ED-209 mata a un ejecutivo durante su demostraci\u00f3n. Como resultado, el Presidente de OCP (Dan O&#8217;Herlihy) opta por un programa de cyborg dirigido por el joven ejecutivo Bob Morton (Miguel Ferrer), llamado \u00abRoboCop\u00bb. Jones est\u00e1 furioso con Morton por haber pasado por encima de \u00e9l.<\/div>\n<div>El programa RoboCop requiere a un \u00abun candidato\u00bb recientemente fallecido para la conversi\u00f3n. Para obtener uno, OCP reorganiza la fuerza policial del oeste de la ciudad donde la criminalidad es mayor, a la espera de que un oficial muera en el cumplimiento de su deber y de ese modo se convierta en candidato. Uno de estos oficiales es el veterano Alexander James Murphy (Peter Weller), que est\u00e1 asociado con Anne Lewis (Nancy Allen). En su primera patrulla, persigue a un grupo de criminales liderados por el jefe del crimen Boddicker Clarence (Kurtwood Smith) hasta un molino de acero abandonado.<\/div>\n<div><\/div>\n<div>Murphy es emboscado y asesinado s\u00e1dicamente por la banda de Boddicker, le mutilan con escopetas antes de que Boddicker lo ejecute con un disparo de pistola en la cabeza. Lewis queda desarmada y es incapaz de ayudar, por lo que es testigo del asesinato. Murphy es declarado muerto en el hospital, pero la OCP se lleva su cuerpo y lo utiliza para crear a RoboCop. El personaje se gu\u00eda por tres leyes b\u00e1sicas de programaci\u00f3n: servir a la confianza p\u00fablica, proteger al inocente y respetar la ley. Adem\u00e1s, hay una directiva clasificada cuarta de la que no tiene conocimiento.<\/div>\n<div><\/div>\n<div>RoboCop es capaz de resolver en solitario gran parte de los delitos violentos en la ciudad, haciendo que el resto de las fuerzas policiales heridas puedan ser sustituidas. RoboCop a\u00fan conserva recuerdos de su vida como Murphy, incluyendo breves destellos de su esposa e hijo, y la acci\u00f3n de girar su arma antes de enfundar, un truco que Murphy hac\u00eda a su hijo. Lewis reconoce estos gestos de Murphy, y trata de saber m\u00e1s acera de RoboCop, pero este guarda silencio sobre el tema. Debido al \u00e9xito de Robocop, Morton es ascendido para convertirse en uno de los vicepresidentes de la OCP.<\/div>\n<div><\/div>\n<div>El \u00e9xito de Morton causa que Dick Jones env\u00ede a Clarence Boddicker, asesino a su servicio, a matar al joven ejecutivo. Mientras tanto, un atraco en una gasolinera armado por uno de los hombres de Boddicker permite a RoboCop localizar a este en un b\u00fanker donde fabrican coca\u00edna. RoboCop irrumpe en el centro y se produce un tiroteo entre \u00e9l y los bandidos. Boddicker revela su alianza con Dick Jones. RoboCop arresta a Boddicker y con su confesion, visita las oficinas de OCP, mostr\u00e1ndole a Dick Jones la declaraci\u00f3n de Boddicker.<\/div>\n<div>Se prepara para detener a Dick Jones, pero se activa la Cuarta Directiva, que proh\u00edbe a RoboCop capturar o perjudicar a cualquier alto ejecutivo de la OCP, por lo que el protagonista queda incapacitado. Jones cuenta con que RoboCop acate la Cuarta Directiva, pues revela que fue el propio Jones el que la agreg\u00f3 al programa de Robocop. Jones tambi\u00e9n hace alarde de su papel en el asesinato de Morton, y luego env\u00eda a un ED-209 para que se enfrente a RoboCop. RoboCop, obstaculizado por la directiva, se enfrenta a la m\u00e1quina. El ED-209 se muestra incapaz de descender por una escalera, lo que permite escapar a RoboCop. Cuando RoboCop entra en el parking del edificio, un equipo de SWAT de la polic\u00eda lo est\u00e1 esperando con la orden de acabar con \u00e9l. La lluvia de balas da\u00f1a seriamente la armadura de Robocop, pero es salvado por Lewis, su ex compa\u00f1era.<\/div>\n<div><\/div>\n<div>Lewis atiende las lesiones de Robocop en la misma f\u00e1brica de acero donde Murphy fue asesinado, y descubre que todav\u00eda quedan recuerdos en Robocop del antiguo Murphy, a pesar de que se convirti\u00f3 en un cyborg. Mientras tanto, la polic\u00eda lanza una amenaza de huelga, debido a que la ciudad se encuentra sumida en el caos. Jones encarga a Boddicker y a sus hombres al salir de la c\u00e1rcel y les proporciona a trav\u00e9s de sus fondos coches nuevos y ca\u00f1ones de asalto capaz de perforar la armadura pesada de Robocop. El equipo de Boddicker irrumpe en la f\u00e1brica de acero con un dispositivo de seguimiento proporcionada por Jones. RoboCop y Lewis se defienden y matan a toda la banda. Lewis queda gravemente herida, pero sobrevive.<\/div>\n<div><\/div>\n<div>RoboCop regresa a la sede de la OCP solo y utiliza uno de los ca\u00f1ones de asalto para destruir el ED-209 que custodiaba el edificio. Al llegar en mitad de una reuni\u00f3n del comit\u00e9 ejecutivo con el presidente, Jones, y otros ejecutivos, RoboCop reproduce la confesi\u00f3n de Jones sobre el asesinato de Morton y explica su incapacidad para detener a los empleados de la OCP. Jones r\u00e1pidamente coge una pistola, toma como reh\u00e9n al presidente y hace varias exigencias. El presidente, inmediatamente, despide a Dick Jones y de esa manera se desactiva la directiva cuatro. Acto seguido Robocop libera al presidente disparando a Jones quien se estrella a trav\u00e9s de la ventana y cae al vac\u00edo. El presidente felicita a RoboCop por su habilidad y le pregunta por su nombre, a lo que \u00e9l contesta, \u00abMurphy\u00bb.<\/div>\n","protected":false},"excerpt":{"rendered":"<p>Excelente figura de accion de Robocop 12 cm x 5 cm x 2 cm En blister cerrado desde los 90&#8242; RoboCop es una pel\u00edcula estadounidense de 1987, de g\u00e9nero ciencia<\/p>\n","protected":false},"featured_media":3564,"comment_status":"open","ping_status":"closed","template":"","meta":[],"product_cat":[417,410],"product_tag":[],"_links":{"self":[{"href":"https:\/\/www.wtfsales.com.ar\/productos\/index.php\/wp-json\/wp\/v2\/product\/1580"}],"collection":[{"href":"https:\/\/www.wtfsales.com.ar\/productos\/index.php\/wp-json\/wp\/v2\/product"}],"about":[{"href":"https:\/\/www.wtfsales.com.ar\/productos\/index.php\/wp-json\/wp\/v2\/types\/product"}],"replies":[{"embeddable":true,"href":"https:\/\/www.wtfsales.com.ar\/productos\/index.php\/wp-json\/wp\/v2\/comments?post=1580"}],"wp:featuredmedia":[{"embeddable":true,"href":"https:\/\/www.wtfsales.com.ar\/productos\/index.php\/wp-json\/wp\/v2\/media\/3564"}],"wp:attachment":[{"href":"https:\/\/www.wtfsales.com.ar\/productos\/index.php\/wp-json\/wp\/v2\/media?parent=1580"}],"wp:term":[{"taxonomy":"product_cat","embeddable":true,"href":"https:\/\/www.wtfsales.com.ar\/productos\/index.php\/wp-json\/wp\/v2\/product_cat?post=1580"},{"taxonomy":"product_tag","embeddable":true,"href":"https:\/\/www.wtfsales.com.ar\/productos\/index.php\/wp-json\/wp\/v2\/product_tag?post=1580"}],"curies":[{"name":"wp","href":"https:\/\/api.w.org\/{rel}","templated":true}]}}