{"id":1449,"date":"2016-09-02T16:42:22","date_gmt":"2016-09-02T16:42:22","guid":{"rendered":"http:\/\/new.wtfsales.com.ar\/productos\/?post_type=product&#038;p=1449"},"modified":"2022-02-22T00:36:19","modified_gmt":"2022-02-22T00:36:19","slug":"torticolis-100-lucha-figura-de-accion","status":"publish","type":"product","link":"https:\/\/www.wtfsales.com.ar\/productos\/index.php\/producto\/torticolis-100-lucha-figura-de-accion\/","title":{"rendered":"Tort\u00edcolis 100% Lucha Figura de Acci\u00f3n"},"content":{"rendered":"<div>Figura de Accion de 100% Lucha<\/div>\n<div><\/div>\n<div>Con una carta con la imagen<\/div>\n<div><\/div>\n<div>9 cm x 5 cm x 2 cm<\/div>\n<div><\/div>\n<div>Tort\u00edcolis<\/div>\n<div><\/div>\n<div>Lugar de nacimiento: Misiones, Argentina<\/div>\n<div>Peso: 112 Kg<\/div>\n<div>Altura: 1, 96 M<\/div>\n<div>Ataque favorito: Golpe Descendente<\/div>\n<div><\/div>\n<div>Cuenta la leyenda que un rayo le cay\u00f3 en el cuello y se lo dej\u00f3 torcido a un lado.<\/div>\n<div>Tort\u00edcolis fue catalogado como \u00abel rey de la burla\u00bb ya que se burla de sus oponentes hasta el<\/div>\n<div>punto de hacerlos enloquecer. Adem\u00e1s de su reconocido Golpe Descendente, Tort\u00edcolis tiene<\/div>\n<div>otro ataque llamado \u00abDemolici\u00f3n de la Urraca Turca\u00bb que consta en colocar al adversario en una<\/div>\n<div>esquina y hacerle presi\u00f3n testicular.<\/div>\n<div><\/div>\n<div>Este luchador termin\u00f3 en el octavo lugar de la primera temporada<\/div>\n<div><\/div>\n<div>An\u00e9cdotas:<\/div>\n<div><\/div>\n<div>-Las burlas de Tort\u00edcolis:<\/div>\n<div>Vicente Viloni: Tort\u00edcolis entr\u00f3 con una peluca rubia y haciendo como si tocara la guitarra.<\/div>\n<div>Vicente Viloni 2: Tort\u00edcolis entr\u00f3 con una guitarra de madera que luego le parti\u00f3 en la cabeza a Viloni.<\/div>\n<div>Hip Hop Man: Entr\u00f3 vestido como \u00e9l e intentando bailar ayudado por la c\u00e1mara que giraba.<\/div>\n<div>Brian Sanchez: En una ocasi\u00f3n se llev\u00f3 la moto de Brian y este no la volvi\u00f3 a ver hasta la semana pr\u00f3xima.<\/div>\n<div>Sir Peter Lawrence: Tort\u00edcolis entr\u00f3 con una olla en la cabeza y una cuchara sopera en la mano.<\/div>\n<div>Fulgencio Mej\u00eda: Entr\u00f3 con sombrero, boleadoras y poncho zapateando.<\/div>\n<div>Rulo Verde: Entr\u00f3 con peluca y unas ancianas que imitaban a las bailarinas de Rulo.<\/div>\n<div>-En una fecha los padres de Tort\u00edcolis fueron a ver a su hijo. Estos ten\u00edan el cuello torcido como \u00e9l.Tort\u00edcolis<\/div>\n<div><\/div>\n","protected":false},"excerpt":{"rendered":"<p>Figura de Accion de 100% Lucha Con una carta con la imagen 9 cm x 5 cm x 2 cm Tort\u00edcolis Lugar de nacimiento: Misiones, Argentina Peso: 112 Kg Altura:<\/p>\n","protected":false},"featured_media":3781,"comment_status":"open","ping_status":"closed","template":"","meta":[],"product_cat":[417,410],"product_tag":[],"_links":{"self":[{"href":"https:\/\/www.wtfsales.com.ar\/productos\/index.php\/wp-json\/wp\/v2\/product\/1449"}],"collection":[{"href":"https:\/\/www.wtfsales.com.ar\/productos\/index.php\/wp-json\/wp\/v2\/product"}],"about":[{"href":"https:\/\/www.wtfsales.com.ar\/productos\/index.php\/wp-json\/wp\/v2\/types\/product"}],"replies":[{"embeddable":true,"href":"https:\/\/www.wtfsales.com.ar\/productos\/index.php\/wp-json\/wp\/v2\/comments?post=1449"}],"wp:featuredmedia":[{"embeddable":true,"href":"https:\/\/www.wtfsales.com.ar\/productos\/index.php\/wp-json\/wp\/v2\/media\/3781"}],"wp:attachment":[{"href":"https:\/\/www.wtfsales.com.ar\/productos\/index.php\/wp-json\/wp\/v2\/media?parent=1449"}],"wp:term":[{"taxonomy":"product_cat","embeddable":true,"href":"https:\/\/www.wtfsales.com.ar\/productos\/index.php\/wp-json\/wp\/v2\/product_cat?post=1449"},{"taxonomy":"product_tag","embeddable":true,"href":"https:\/\/www.wtfsales.com.ar\/productos\/index.php\/wp-json\/wp\/v2\/product_tag?post=1449"}],"curies":[{"name":"wp","href":"https:\/\/api.w.org\/{rel}","templated":true}]}}