{"id":1443,"date":"2016-09-02T16:38:12","date_gmt":"2016-09-02T16:38:12","guid":{"rendered":"http:\/\/new.wtfsales.com.ar\/productos\/?post_type=product&#038;p=1443"},"modified":"2022-02-22T00:34:21","modified_gmt":"2022-02-22T00:34:21","slug":"mc-floyd-100-lucha-figura-de-accion","status":"publish","type":"product","link":"https:\/\/www.wtfsales.com.ar\/productos\/index.php\/producto\/mc-floyd-100-lucha-figura-de-accion\/","title":{"rendered":"Mc Floyd 100% Lucha Figura de Acci\u00f3n"},"content":{"rendered":"<p>Figura de Accion de 100% Lucha<br \/>\nCon una carta con la imagen<br \/>\n9 cm x 5 cm x 2 cm<\/p>\n<p>Lugar de nacimiento: Aberdeen, Escocia<br \/>\nPeso: 98 Kg<br \/>\nAltura: 1, 82 M<br \/>\nAtaque favorito: Topetazo En Velocidad<\/p>\n<p>Antiguo guerrero escoc\u00e9s, descendiente yu miembro del clan Mc Floyd. Los tatuajes de su cuerpo representan a cada una de sus v\u00edctimas. Es un luchador traicionero y sin honor que no dudar\u00e1 en atacar por la espalda a su oponente. Entra gritando y sacando la lengua a la c\u00e1mara. En ocasiones se levanta la falta al p\u00fablico mostrando su desprecio hacia ellos y sus burlas. Su principal enemigo es Vicente Viloni y no descanzar\u00e1 hasta verlo caer.<\/p>\n<p>Este luchador termin\u00f3 en el s\u00e9ptimo lugar de la primera temporada.<\/p>\n<p>LUCHA: siempre<\/p>\n<p>An\u00e9cdotas:<\/p>\n<p>-Dej\u00f3 lesionado a Shuto Mori en una pierna, dejandol\u00f3 sin poder luchar unas cuantas fechas.<br \/>\nCuando Shuto se recuper\u00f3 le di\u00f3 una lecci\u00f3n a Mc Floyd vengandose de el. Ahora Shuto<br \/>\nesta de nuevo en el ring.<br \/>\n-Mc Floyd fue una de las victimas de Megabite Fighter, perdiendo contra el.<br \/>\n-Arreglo la Wrestling Machine para pelear junto a Vicente Viloni y traicionarlo para sacarle<br \/>\nel primer puesto.<\/p>\n","protected":false},"excerpt":{"rendered":"<p>Figura de Accion de 100% Lucha Con una carta con la imagen 9 cm x 5 cm x 2 cm Lugar de nacimiento: Aberdeen, Escocia Peso: 98 Kg Altura: 1,<\/p>\n","protected":false},"featured_media":3774,"comment_status":"open","ping_status":"closed","template":"","meta":[],"product_cat":[300,417,410],"product_tag":[240,180,241,159,175],"_links":{"self":[{"href":"https:\/\/www.wtfsales.com.ar\/productos\/index.php\/wp-json\/wp\/v2\/product\/1443"}],"collection":[{"href":"https:\/\/www.wtfsales.com.ar\/productos\/index.php\/wp-json\/wp\/v2\/product"}],"about":[{"href":"https:\/\/www.wtfsales.com.ar\/productos\/index.php\/wp-json\/wp\/v2\/types\/product"}],"replies":[{"embeddable":true,"href":"https:\/\/www.wtfsales.com.ar\/productos\/index.php\/wp-json\/wp\/v2\/comments?post=1443"}],"wp:featuredmedia":[{"embeddable":true,"href":"https:\/\/www.wtfsales.com.ar\/productos\/index.php\/wp-json\/wp\/v2\/media\/3774"}],"wp:attachment":[{"href":"https:\/\/www.wtfsales.com.ar\/productos\/index.php\/wp-json\/wp\/v2\/media?parent=1443"}],"wp:term":[{"taxonomy":"product_cat","embeddable":true,"href":"https:\/\/www.wtfsales.com.ar\/productos\/index.php\/wp-json\/wp\/v2\/product_cat?post=1443"},{"taxonomy":"product_tag","embeddable":true,"href":"https:\/\/www.wtfsales.com.ar\/productos\/index.php\/wp-json\/wp\/v2\/product_tag?post=1443"}],"curies":[{"name":"wp","href":"https:\/\/api.w.org\/{rel}","templated":true}]}}