{"id":1390,"date":"2016-08-29T17:49:52","date_gmt":"2016-08-29T17:49:52","guid":{"rendered":"http:\/\/new.wtfsales.com.ar\/productos\/?post_type=product&#038;p=1390"},"modified":"2022-02-22T00:30:00","modified_gmt":"2022-02-22T00:30:00","slug":"set-de-3-gi-joe-importados-de-brasil","status":"publish","type":"product","link":"https:\/\/www.wtfsales.com.ar\/productos\/index.php\/producto\/set-de-3-gi-joe-importados-de-brasil\/","title":{"rendered":"Set de 3 Gi Joe Importados de Brasil"},"content":{"rendered":"<div>Nueva Linea de Gi Joe (no son de Hasbro)<\/div>\n<div><\/div>\n<div>13 cm x 6 cm x 2 cm<\/div>\n<div><\/div>\n<div>Totalmente articulados. Version Campa\u00f1a del Desierto.<\/div>\n<div><\/div>\n<div>G.I. Joe (Government Issue, Joe: En referencia a la representaci\u00f3n del gobierno estadounidense en sus soldados, apodados durante la 2da Guerra Mundial \u00abJOE\u00bb http:\/\/www.answers.com\/topic\/ g-i-joe) es el nombre de una l\u00ednea de figuras de acci\u00f3n concebida por Stanley Weston, quien tuvo la idea de crear unos mu\u00f1ecos militares enfocados a los ni\u00f1os, que pretend\u00edan emular el \u00e9xito de Barbie entre las ni\u00f1as. Originalmente pensada para ser la l\u00ednea de figuras del show televisivo del propio Weston, la idea acab\u00f3 atrayendo a la compa\u00f1\u00eda juguetera<\/div>\n<div><\/div>\n<div>Hasbro, que vio potencial en el proyecto, e inspir\u00e1ndose en el \u00e9xito del filme de 1945 The Story of G.I. Joe [1] de United Artists, dirigida por William Wellman, la empresa decidi\u00f3 bautizar su idea con el nombre gen\u00e9rico de \u00abG.I. Joe\u00bb. Dos a\u00f1os m\u00e1s tarde, el 2 de febrero de 1964, se lanzaron al mercado las primeras cuatro figuras de 12 pulgadas (30,48 cm), cada una representando una rama del ej\u00e9rcito.1<\/div>\n<div>El concepto original de G.I. Joe, fue inicialmente creado por David Breger, al que se le encarg\u00f3 la creaci\u00f3n de un c\u00f3mic para los militares de Estados Unidos durante la Segunda Guerra Mundial. Breger lleg\u00f3 con el t\u00edtulo \u00abG.I. Joe\u00bb con la referencia militar \u00abgovernment issue\u00bb (suministro del gobierno). Su historieta se public\u00f3 el 17 de junio de 1942 en la revista militar YANK y el peri\u00f3dico Stars and Stripes<\/div>\n","protected":false},"excerpt":{"rendered":"<p>Nueva Linea de Gi Joe (no son de Hasbro) 13 cm x 6 cm x 2 cm Totalmente articulados. Version Campa\u00f1a del Desierto. G.I. Joe (Government Issue, Joe: En referencia<\/p>\n","protected":false},"featured_media":4073,"comment_status":"open","ping_status":"closed","template":"","meta":[],"product_cat":[417,410],"product_tag":[171,227,150,159,175],"_links":{"self":[{"href":"https:\/\/www.wtfsales.com.ar\/productos\/index.php\/wp-json\/wp\/v2\/product\/1390"}],"collection":[{"href":"https:\/\/www.wtfsales.com.ar\/productos\/index.php\/wp-json\/wp\/v2\/product"}],"about":[{"href":"https:\/\/www.wtfsales.com.ar\/productos\/index.php\/wp-json\/wp\/v2\/types\/product"}],"replies":[{"embeddable":true,"href":"https:\/\/www.wtfsales.com.ar\/productos\/index.php\/wp-json\/wp\/v2\/comments?post=1390"}],"wp:featuredmedia":[{"embeddable":true,"href":"https:\/\/www.wtfsales.com.ar\/productos\/index.php\/wp-json\/wp\/v2\/media\/4073"}],"wp:attachment":[{"href":"https:\/\/www.wtfsales.com.ar\/productos\/index.php\/wp-json\/wp\/v2\/media?parent=1390"}],"wp:term":[{"taxonomy":"product_cat","embeddable":true,"href":"https:\/\/www.wtfsales.com.ar\/productos\/index.php\/wp-json\/wp\/v2\/product_cat?post=1390"},{"taxonomy":"product_tag","embeddable":true,"href":"https:\/\/www.wtfsales.com.ar\/productos\/index.php\/wp-json\/wp\/v2\/product_tag?post=1390"}],"curies":[{"name":"wp","href":"https:\/\/api.w.org\/{rel}","templated":true}]}}