{"id":1377,"date":"2016-08-29T17:28:48","date_gmt":"2016-08-29T17:28:48","guid":{"rendered":"http:\/\/new.wtfsales.com.ar\/productos\/?post_type=product&#038;p=1377"},"modified":"2022-02-22T00:27:17","modified_gmt":"2022-02-22T00:27:17","slug":"licuadora-de-juguete-retro-80-made-in-japan","status":"publish","type":"product","link":"https:\/\/www.wtfsales.com.ar\/productos\/index.php\/producto\/licuadora-de-juguete-retro-80-made-in-japan\/","title":{"rendered":"Licuadora de Juguete Retro 80&#8242; Made in Japan"},"content":{"rendered":"<p>Licuadora totalmente funcional a Cuerda.<\/p>\n<p>17 cm x 9 cm x 7 cm<\/p>\n<p>Tra\u00edda de Jap\u00f3n en la d\u00e9cada del 80<\/p>\n","protected":false},"excerpt":{"rendered":"<p>Licuadora totalmente funcional a Cuerda. 17 cm x 9 cm x 7 cm Tra\u00edda de Jap\u00f3n en la d\u00e9cada del 80<\/p>\n","protected":false},"featured_media":3984,"comment_status":"open","ping_status":"closed","template":"","meta":[],"product_cat":[417,410],"product_tag":[170,193,169,150],"_links":{"self":[{"href":"https:\/\/www.wtfsales.com.ar\/productos\/index.php\/wp-json\/wp\/v2\/product\/1377"}],"collection":[{"href":"https:\/\/www.wtfsales.com.ar\/productos\/index.php\/wp-json\/wp\/v2\/product"}],"about":[{"href":"https:\/\/www.wtfsales.com.ar\/productos\/index.php\/wp-json\/wp\/v2\/types\/product"}],"replies":[{"embeddable":true,"href":"https:\/\/www.wtfsales.com.ar\/productos\/index.php\/wp-json\/wp\/v2\/comments?post=1377"}],"wp:featuredmedia":[{"embeddable":true,"href":"https:\/\/www.wtfsales.com.ar\/productos\/index.php\/wp-json\/wp\/v2\/media\/3984"}],"wp:attachment":[{"href":"https:\/\/www.wtfsales.com.ar\/productos\/index.php\/wp-json\/wp\/v2\/media?parent=1377"}],"wp:term":[{"taxonomy":"product_cat","embeddable":true,"href":"https:\/\/www.wtfsales.com.ar\/productos\/index.php\/wp-json\/wp\/v2\/product_cat?post=1377"},{"taxonomy":"product_tag","embeddable":true,"href":"https:\/\/www.wtfsales.com.ar\/productos\/index.php\/wp-json\/wp\/v2\/product_tag?post=1377"}],"curies":[{"name":"wp","href":"https:\/\/api.w.org\/{rel}","templated":true}]}}