{"id":1358,"date":"2016-08-29T17:09:47","date_gmt":"2016-08-29T17:09:47","guid":{"rendered":"http:\/\/new.wtfsales.com.ar\/productos\/?post_type=product&#038;p=1358"},"modified":"2022-02-22T00:18:59","modified_gmt":"2022-02-22T00:18:59","slug":"cabeza-de-goma-de-antifaz-retro-70","status":"publish","type":"product","link":"https:\/\/www.wtfsales.com.ar\/productos\/index.php\/producto\/cabeza-de-goma-de-antifaz-retro-70\/","title":{"rendered":"Cabeza de Goma de Antifaz Retro 70&#8242;"},"content":{"rendered":"<p>12 cm x 8 cm de circunferencia.<\/p>\n<p>Cabeza del personaje Antifaz de la recordada serie Hijitus.<\/p>\n<p>Ideal para hacer un cuerpo de Tela o titere.<\/p>\n<p>Decada del 70&#8242;<\/p>\n<p>&nbsp;<\/p>\n<div>La Revista Anteojito apareci\u00f3 el 8 de octubre de 1964 y era una revista argentina para ni\u00f1os en edad escolar creada por Manuel Garc\u00eda Ferr\u00e9. Junto a la Revista Billiken fueron durante muchos a\u00f1os las revistas de consulta enciclop\u00e9dica de todo ni\u00f1o argentino. El creador de los personajes fue Juan Arancio.<\/div>\n<div><\/div>\n<div>Anteojito ha sido un cl\u00e1sico para los ni\u00f1os argentinos durante varias generaciones. En sus momentos de esplendor alcanz\u00f3 tiradas de cientos de miles de ejemplares. Por sus p\u00e1ginas desfilaron personajes de Juan Arancio como Anteojito, Antifaz, Neurus, Pip\u00edo, Pucho, Trapito, Hijitus y Calcul\u00edn, entre otros.<\/div>\n<div><\/div>\n<div>Los temas escolares eran el contenido de la revista y entre sus p\u00e1ginas siempre estuvieron presentes una serie de personajes que se convertir\u00edan en referentes de la historieta y el cine de animaci\u00f3n local.<\/div>\n<div><\/div>\n<div>Debido a la crisis econ\u00f3mica de la Argentina en el a\u00f1o 2001, la revista dej\u00f3 de publicarse luego de 37 a\u00f1os1 de permanecer en las revister\u00edas del pa\u00eds y pa\u00edses lim\u00edtrofes. Tuvo en total 1925 n\u00fameros publicados<\/div>\n","protected":false},"excerpt":{"rendered":"<p>12 cm x 8 cm de circunferencia. Cabeza del personaje Antifaz de la recordada serie Hijitus. Ideal para hacer un cuerpo de Tela o titere. Decada del 70&#8242; &nbsp; La<\/p>\n","protected":false},"featured_media":3974,"comment_status":"open","ping_status":"closed","template":"","meta":[],"product_cat":[417,410],"product_tag":[195,199,159,175],"_links":{"self":[{"href":"https:\/\/www.wtfsales.com.ar\/productos\/index.php\/wp-json\/wp\/v2\/product\/1358"}],"collection":[{"href":"https:\/\/www.wtfsales.com.ar\/productos\/index.php\/wp-json\/wp\/v2\/product"}],"about":[{"href":"https:\/\/www.wtfsales.com.ar\/productos\/index.php\/wp-json\/wp\/v2\/types\/product"}],"replies":[{"embeddable":true,"href":"https:\/\/www.wtfsales.com.ar\/productos\/index.php\/wp-json\/wp\/v2\/comments?post=1358"}],"wp:featuredmedia":[{"embeddable":true,"href":"https:\/\/www.wtfsales.com.ar\/productos\/index.php\/wp-json\/wp\/v2\/media\/3974"}],"wp:attachment":[{"href":"https:\/\/www.wtfsales.com.ar\/productos\/index.php\/wp-json\/wp\/v2\/media?parent=1358"}],"wp:term":[{"taxonomy":"product_cat","embeddable":true,"href":"https:\/\/www.wtfsales.com.ar\/productos\/index.php\/wp-json\/wp\/v2\/product_cat?post=1358"},{"taxonomy":"product_tag","embeddable":true,"href":"https:\/\/www.wtfsales.com.ar\/productos\/index.php\/wp-json\/wp\/v2\/product_tag?post=1358"}],"curies":[{"name":"wp","href":"https:\/\/api.w.org\/{rel}","templated":true}]}}