{"id":1328,"date":"2016-08-29T16:37:29","date_gmt":"2016-08-29T16:37:29","guid":{"rendered":"http:\/\/new.wtfsales.com.ar\/productos\/?post_type=product&#038;p=1328"},"modified":"2022-02-22T00:07:57","modified_gmt":"2022-02-22T00:07:57","slug":"muneca-articulada-que-pestanea-retro-60","status":"publish","type":"product","link":"https:\/\/www.wtfsales.com.ar\/productos\/index.php\/producto\/muneca-articulada-que-pestanea-retro-60\/","title":{"rendered":"Mu\u00f1eca Articulada que pesta\u00f1ea Retro 60"},"content":{"rendered":"<p>Excelente estado de esta mu\u00f1eca de la decada del 60<\/p>\n<p>20 cm x 9 cm x 2 cm<\/p>\n<p>Articulada en manos, brazos y cabeza.<\/p>\n<p>Pesta\u00f1ea<\/p>\n<p>Ropa: Pantalon de corderoi verde<\/p>\n<p>Blusa con volados. Increibles detalles.<\/p>\n<p>Se sienta.<\/p>\n<p>&nbsp;<\/p>\n","protected":false},"excerpt":{"rendered":"<p>Excelente estado de esta mu\u00f1eca de la decada del 60 20 cm x 9 cm x 2 cm Articulada en manos, brazos y cabeza. Pesta\u00f1ea Ropa: Pantalon de corderoi verde<\/p>\n","protected":false},"featured_media":3966,"comment_status":"open","ping_status":"closed","template":"","meta":[],"product_cat":[417,425,410],"product_tag":[426],"_links":{"self":[{"href":"https:\/\/www.wtfsales.com.ar\/productos\/index.php\/wp-json\/wp\/v2\/product\/1328"}],"collection":[{"href":"https:\/\/www.wtfsales.com.ar\/productos\/index.php\/wp-json\/wp\/v2\/product"}],"about":[{"href":"https:\/\/www.wtfsales.com.ar\/productos\/index.php\/wp-json\/wp\/v2\/types\/product"}],"replies":[{"embeddable":true,"href":"https:\/\/www.wtfsales.com.ar\/productos\/index.php\/wp-json\/wp\/v2\/comments?post=1328"}],"wp:featuredmedia":[{"embeddable":true,"href":"https:\/\/www.wtfsales.com.ar\/productos\/index.php\/wp-json\/wp\/v2\/media\/3966"}],"wp:attachment":[{"href":"https:\/\/www.wtfsales.com.ar\/productos\/index.php\/wp-json\/wp\/v2\/media?parent=1328"}],"wp:term":[{"taxonomy":"product_cat","embeddable":true,"href":"https:\/\/www.wtfsales.com.ar\/productos\/index.php\/wp-json\/wp\/v2\/product_cat?post=1328"},{"taxonomy":"product_tag","embeddable":true,"href":"https:\/\/www.wtfsales.com.ar\/productos\/index.php\/wp-json\/wp\/v2\/product_tag?post=1328"}],"curies":[{"name":"wp","href":"https:\/\/api.w.org\/{rel}","templated":true}]}}