{"id":1211,"date":"2016-08-17T16:38:58","date_gmt":"2016-08-17T16:38:58","guid":{"rendered":"http:\/\/new.wtfsales.com.ar\/productos\/?post_type=product&#038;p=1211"},"modified":"2022-02-21T23:57:26","modified_gmt":"2022-02-21T23:57:26","slug":"muneca-bebe-retro-60","status":"publish","type":"product","link":"https:\/\/www.wtfsales.com.ar\/productos\/index.php\/producto\/muneca-bebe-retro-60\/","title":{"rendered":"Mu\u00f1ecas Bebe Retro 60&#8242;"},"content":{"rendered":"<p>Excelente estado de esta mu\u00f1ecas de Goma (pl\u00e1stico Blando) de los a\u00f1os 60&#8242;<\/p>\n<p>Brazos y piernas articuladas<\/p>\n<p>Pelo s\u00edmil real.<\/p>\n<p>11 cm x 4 cm x 2 cm<\/p>\n<p>&nbsp;<\/p>\n","protected":false},"excerpt":{"rendered":"<p>Excelente estado de esta mu\u00f1ecas de Goma (pl\u00e1stico Blando) de los a\u00f1os 60&#8242; Brazos y piernas articuladas Pelo s\u00edmil real. 11 cm x 4 cm x 2 cm &nbsp;<\/p>\n","protected":false},"featured_media":3944,"comment_status":"open","ping_status":"closed","template":"","meta":[],"product_cat":[300,417,425,410],"product_tag":[209,193,169],"_links":{"self":[{"href":"https:\/\/www.wtfsales.com.ar\/productos\/index.php\/wp-json\/wp\/v2\/product\/1211"}],"collection":[{"href":"https:\/\/www.wtfsales.com.ar\/productos\/index.php\/wp-json\/wp\/v2\/product"}],"about":[{"href":"https:\/\/www.wtfsales.com.ar\/productos\/index.php\/wp-json\/wp\/v2\/types\/product"}],"replies":[{"embeddable":true,"href":"https:\/\/www.wtfsales.com.ar\/productos\/index.php\/wp-json\/wp\/v2\/comments?post=1211"}],"wp:featuredmedia":[{"embeddable":true,"href":"https:\/\/www.wtfsales.com.ar\/productos\/index.php\/wp-json\/wp\/v2\/media\/3944"}],"wp:attachment":[{"href":"https:\/\/www.wtfsales.com.ar\/productos\/index.php\/wp-json\/wp\/v2\/media?parent=1211"}],"wp:term":[{"taxonomy":"product_cat","embeddable":true,"href":"https:\/\/www.wtfsales.com.ar\/productos\/index.php\/wp-json\/wp\/v2\/product_cat?post=1211"},{"taxonomy":"product_tag","embeddable":true,"href":"https:\/\/www.wtfsales.com.ar\/productos\/index.php\/wp-json\/wp\/v2\/product_tag?post=1211"}],"curies":[{"name":"wp","href":"https:\/\/api.w.org\/{rel}","templated":true}]}}