{"id":1184,"date":"2016-08-17T16:12:06","date_gmt":"2016-08-17T16:12:06","guid":{"rendered":"http:\/\/new.wtfsales.com.ar\/productos\/?post_type=product&#038;p=1184"},"modified":"2022-02-21T23:43:58","modified_gmt":"2022-02-21T23:43:58","slug":"la-bella-y-la-bestia-mac-donalds-disney-90","status":"publish","type":"product","link":"https:\/\/www.wtfsales.com.ar\/productos\/index.php\/producto\/la-bella-y-la-bestia-mac-donalds-disney-90\/","title":{"rendered":"La bella y la Bestia &#8211; Mac Donalds &#8211; Disney 90&#8242;"},"content":{"rendered":"<p>Princesa de la Bella y la Bestia<\/p>\n<p>A\u00f1o: 1996<\/p>\n<p>Dise\u00f1o de Mac Donalds<\/p>\n<p>Origen: Vietnam<\/p>\n<p>Musical con ruedita que hace bailar a la princesa al compas de la musica.<\/p>\n<p>La bella y la bestia es una pel\u00edcula animada estadounidense. El estreno fue en El capit\u00e1n Theatre en noviembre de 1991 producida por Walt Disney Feature Animation y dirigida por Gary Trousdale y Kirk Wise. Est\u00e1 basada en la versi\u00f3n revisada y abreviada que Jeanne-Marie Leprince de Beaumont escribi\u00f3 a partir de la historia original, mucho m\u00e1s larga, de Gabrielle-Suzanne Barbot de Villeneuve. Es la primera pel\u00edcula animada nominada al \u00d3scar a la mejor pel\u00edcula, ya que en esa \u00e9poca a\u00fan no exist\u00eda la categor\u00eda de \u00d3scar a la mejor pel\u00edcula de animaci\u00f3n.<\/p>\n<div>Es una de las pel\u00edculas m\u00e1s conocidas de los estudios Disney. Esta pel\u00edcula intensific\u00f3 el nivel de animaci\u00f3n de la etapa conocida como El Renacimiento de Disney, que comenz\u00f3 con La sirenita y termin\u00f3 con Tarz\u00e1n. Muchas otras pel\u00edculas animadas fueron influenciadas por la combinaci\u00f3n de la animaci\u00f3n tradicional y la generada por computadora. Esta historia tambi\u00e9n es uno de los mejores musicales y una de las pel\u00edculas m\u00e1s rom\u00e1nticas de los Estados Unidos. Esta pel\u00edcula se encuentra en la posici\u00f3n 34 dentro de la lista de las mejores pel\u00edculas rom\u00e1nticas estadounidenses. Fue a\u00f1adida en el 2002 al Registro Nacional de Pel\u00edculas de Estados Unidos como \u201cCultural e hist\u00f3ricamente significativa\u201d y en Enero de ese mismo a\u00f1o fue reeditada en el formato IMAX en una edici\u00f3n especial que inclu\u00eda una nueva canci\u00f3n la cual ya se encontraba en el musical.<\/div>\n<div><\/div>\n<div>La pel\u00edcula fue adaptada por Linda Woolverton, bas\u00e1ndose en la versi\u00f3n de La bella y la bestia de Jeanne-Marie Leprince de Beaumont (no aparece en los cr\u00e9ditos de la pel\u00edcula, pero se le da el cr\u00e9dito en la versi\u00f3n francesa como escritora de la novela. Las canciones fueron escritas por Howard Ashman (letra) y Alan Menken (m\u00fasica), los dos crearon las canciones de The Little Mermaid (La Sirenita). En las entrevistas, los ejecutivos de Disney, dijeron que ellos hab\u00edan ca\u00eddo en los recientes a\u00f1os, especialmente en 1990 y 1991. La cultura pop americana hab\u00eda sido olvidada, y ese joven que empieza con un mensaje que \u201cuna chica linda conoce a un chico guapo se citan y se casan\u201d, Disney dijo que la moraleja asociada en el filme es que \u201cla sociedad hace lo bello, pero la belleza no lo es todo\u201d. Fue un \u00e9xito total, recaudando m\u00e1s de U$S 171 millones en ingresos dom\u00e9sticos y m\u00e1s de U$S 403 millones en todo el mundo. El n\u00famero de ventas de la pel\u00edcula la hizo la 3ra. m\u00e1s exitosa de 1991, superando a Terminator 2 y Robin Hood: Prince Of Thieves, esta tambi\u00e9n fue la pel\u00edcula m\u00e1s exitosa de todos los tiempos y la primera pel\u00edcula de animaci\u00f3n que alcanz\u00f3 los $100 millones de d\u00f3lares.<\/div>\n<div><\/div>\n<div>A\u00f1os atr\u00e1s hab\u00eda un joven pr\u00edncipe. El joven era ego\u00edsta y su coraz\u00f3n era de piedra. Una noche fr\u00eda de navidad una anciana le pidi\u00f3 resguardo en su castillo a cambio de una rosa pero el pr\u00edncipe se lo neg\u00f3 con desprecio. En aquel momento la anciana se revel\u00f3 como una hermosa hechicera, que sinti\u00e9ndose ofendida por su despreciable actitud hechiz\u00f3 al pr\u00edncipe, a quienes viv\u00edan con \u00e9l y al castillo. El pr\u00edncipe se convirti\u00f3 en una temible bestia y los sirvientes tomaron la apariencia de objetos dom\u00e9sticos, como candelabros, armarios, pocillos etc. Solo si el pr\u00edncipe aprend\u00eda a amar y a su vez se ganaba el amor de alguien antes de que una rosa m\u00e1gica perdiera su \u00faltimo p\u00e9talo todo volver\u00eda a lo normalidad. En caso contrario la bestia vivir\u00eda eternamente, infeliz y abandonada. Adem\u00e1s de la rosa m\u00e1gica, la hechicera le dej\u00f3 un espejo m\u00e1gico a trav\u00e9s del cual pod\u00eda ver lo que \u00e9l quisiera.<\/div>\n<div><\/div>\n<div>Bella es una joven so\u00f1adora que vive en un pueblo con su padre Maurice, un inventor al que muchos consideran un anciano chiflado. Un d\u00eda Maurice marcha a una feria de inventores, pero se pierde en el camino y se resguarda en el castillo. All\u00ed la bestia lo hace prisionero. Bella, preocupada al ver que el caballo de su padre regresa sin \u00e9l, sale en su busca. Al llegar al castillo decide intercambiarse con su padre enfermo para salvarlo.<\/div>\n<div><\/div>\n<div>All\u00ed conoce a algunos de los sirvientes: un reloj, un candelabro, una tetera y una graciosa tacita. Condenada a permanecer eternamente prisionera en el castillo la joven se enamora de su captor. La bestia se enamora de ella y cuando esta se da cuenta de que su padre est\u00e1 enfermo y la necesita \u00e9l la deja ir libremente del castillo. Mientras tanto Gast\u00f3n, un apuesto cazador que quiere obsesivamente casarse con Bella, encierra al padre de ella; solo lo liberara si ella se casa con \u00e9l. Cuando se revela la existencia de la bestia y que es muy querido por Bella, Gaston re\u00fane a una cuadrilla de campesinos para destruir el castillo y matar a la bestia y encierra a la joven con su padre.<\/div>\n<div>Pero la peque\u00f1a tacita Chip libera a Bella y a su padre, quienes se van al castillo. All\u00ed se da un combate entre los sirvientes del castillo y los asaltantes, quienes huyen. Contempor\u00e1neamente se libra una batalla entre Gast\u00f3n y la Bestia, en la que muere el primero y queda gravemente herido el segundo. En el momento en que la bestia est\u00e1 muriendo y cae el \u00faltimo petalo de la rosa m\u00e1gica Bella le dice al pr\u00edncipe que lo ama. Entonces se rompe el hechizo de la hechicera: la bestia vuelve a ser el joven de anta\u00f1o, los sirvientes vuelven a ser humanos y Bella se casa con el pr\u00edncipe.<\/div>\n","protected":false},"excerpt":{"rendered":"<p>Princesa de la Bella y la Bestia A\u00f1o: 1996 Dise\u00f1o de Mac Donalds Origen: Vietnam Musical con ruedita que hace bailar a la princesa al compas de la musica. La<\/p>\n","protected":false},"featured_media":4046,"comment_status":"open","ping_status":"closed","template":"","meta":[],"product_cat":[417,410],"product_tag":[171,152,173,169,150],"_links":{"self":[{"href":"https:\/\/www.wtfsales.com.ar\/productos\/index.php\/wp-json\/wp\/v2\/product\/1184"}],"collection":[{"href":"https:\/\/www.wtfsales.com.ar\/productos\/index.php\/wp-json\/wp\/v2\/product"}],"about":[{"href":"https:\/\/www.wtfsales.com.ar\/productos\/index.php\/wp-json\/wp\/v2\/types\/product"}],"replies":[{"embeddable":true,"href":"https:\/\/www.wtfsales.com.ar\/productos\/index.php\/wp-json\/wp\/v2\/comments?post=1184"}],"wp:featuredmedia":[{"embeddable":true,"href":"https:\/\/www.wtfsales.com.ar\/productos\/index.php\/wp-json\/wp\/v2\/media\/4046"}],"wp:attachment":[{"href":"https:\/\/www.wtfsales.com.ar\/productos\/index.php\/wp-json\/wp\/v2\/media?parent=1184"}],"wp:term":[{"taxonomy":"product_cat","embeddable":true,"href":"https:\/\/www.wtfsales.com.ar\/productos\/index.php\/wp-json\/wp\/v2\/product_cat?post=1184"},{"taxonomy":"product_tag","embeddable":true,"href":"https:\/\/www.wtfsales.com.ar\/productos\/index.php\/wp-json\/wp\/v2\/product_tag?post=1184"}],"curies":[{"name":"wp","href":"https:\/\/api.w.org\/{rel}","templated":true}]}}