{"id":1079,"date":"2016-08-17T14:25:33","date_gmt":"2016-08-17T14:25:33","guid":{"rendered":"http:\/\/new.wtfsales.com.ar\/productos\/?post_type=product&#038;p=1079"},"modified":"2022-02-21T23:34:38","modified_gmt":"2022-02-21T23:34:38","slug":"diario-jornal-mickey-minie","status":"publish","type":"product","link":"https:\/\/www.wtfsales.com.ar\/productos\/index.php\/producto\/diario-jornal-mickey-minie\/","title":{"rendered":"Diario Jornal Mickey &#038; Minie"},"content":{"rendered":"<p>17 cm x 12 cm<\/p>\n<p>Producto Oficial<\/p>\n<div>Mickey Mouse (tambi\u00e9n Rat\u00f3n Mickey y\/o Rat\u00f3n Miguelito) es un personaje ficticio de la serie del mismo nombre, emblema de la compa\u00f1\u00eda Disney. Creado en 1928, este antropom\u00f3rfico rat\u00f3n tiene un origen disputado. La leyenda oficial explica que fue creado por Walt Disney durante un viaje en tren, y que su nombre inicial fue Mortimer, pero que cambi\u00f3 a Mickey a petici\u00f3n de su esposa, Lillian. Seg\u00fan Bob Thomas, la leyenda del nombre es ficticia, y cita el caso de un personaje llamado Mortimer Mouse, que naci\u00f3 en 1936, t\u00edo de Minnie Mouse.1 La versi\u00f3n m\u00e1s veros\u00edmil es que el personaje fue creado por el dibujante Ub Iwerks, a petici\u00f3n de Disney, para compensar la p\u00e9rdida de los derechos de Oswald, el conejo afortunado, a manos de la Universal. Lo cierto es que Mickey no es m\u00e1s que una variaci\u00f3n del personaje de Oswald.2 A Walt Disney hay que atribuirle tanto la voz del personaje (le dio voz durante 17 a\u00f1os) como la personalidad y el car\u00e1cter del rat\u00f3n:<\/div>\n<div><\/div>\n<div>Su cabeza era un c\u00edrculo con otro c\u00edrculo a modo de hocico. Su cuerpo era como una pera y ten\u00eda una cola larga; sus patas eran tubos y se las metimos en zapatos grandes para darle el aspecto de un chiquillo con el calzado de su padre.<\/div>\n<div><\/div>\n<div>The Walt Disney Company celebra el nacimiento de Mickey el 18 de noviembre de 1928, a ra\u00edz del estreno de Steamboat Willie, primer cortometraje sonoro de dibujos animados, y tercera aparici\u00f3n del rat\u00f3n.3 Walt Disney prest\u00f3 su voz al personaje desde 1929 hasta 1946, cuando fue sustituido por el t\u00e9cnico de sonido Jimmy MacDonald. Desde 1983 la voz es de Wayne Allwine. A lo largo de los a\u00f1os Mickey ha aparecido en dibujos animados, tiras c\u00f3micas, videojuegos, y se ha convertido en el icono de la compa\u00f1\u00eda Walt Disney.<\/div>\n","protected":false},"excerpt":{"rendered":"<p>17 cm x 12 cm Producto Oficial Mickey Mouse (tambi\u00e9n Rat\u00f3n Mickey y\/o Rat\u00f3n Miguelito) es un personaje ficticio de la serie del mismo nombre, emblema de la compa\u00f1\u00eda Disney.<\/p>\n","protected":false},"featured_media":3899,"comment_status":"open","ping_status":"closed","template":"","meta":[],"product_cat":[411],"product_tag":[180,189,173],"_links":{"self":[{"href":"https:\/\/www.wtfsales.com.ar\/productos\/index.php\/wp-json\/wp\/v2\/product\/1079"}],"collection":[{"href":"https:\/\/www.wtfsales.com.ar\/productos\/index.php\/wp-json\/wp\/v2\/product"}],"about":[{"href":"https:\/\/www.wtfsales.com.ar\/productos\/index.php\/wp-json\/wp\/v2\/types\/product"}],"replies":[{"embeddable":true,"href":"https:\/\/www.wtfsales.com.ar\/productos\/index.php\/wp-json\/wp\/v2\/comments?post=1079"}],"wp:featuredmedia":[{"embeddable":true,"href":"https:\/\/www.wtfsales.com.ar\/productos\/index.php\/wp-json\/wp\/v2\/media\/3899"}],"wp:attachment":[{"href":"https:\/\/www.wtfsales.com.ar\/productos\/index.php\/wp-json\/wp\/v2\/media?parent=1079"}],"wp:term":[{"taxonomy":"product_cat","embeddable":true,"href":"https:\/\/www.wtfsales.com.ar\/productos\/index.php\/wp-json\/wp\/v2\/product_cat?post=1079"},{"taxonomy":"product_tag","embeddable":true,"href":"https:\/\/www.wtfsales.com.ar\/productos\/index.php\/wp-json\/wp\/v2\/product_tag?post=1079"}],"curies":[{"name":"wp","href":"https:\/\/api.w.org\/{rel}","templated":true}]}}