{"id":1075,"date":"2016-08-17T14:23:21","date_gmt":"2016-08-17T14:23:21","guid":{"rendered":"http:\/\/new.wtfsales.com.ar\/productos\/?post_type=product&#038;p=1075"},"modified":"2025-01-15T22:29:59","modified_gmt":"2025-01-15T22:29:59","slug":"lote-gorra-fabricantes-motherboards-x-5-unidades","status":"publish","type":"product","link":"https:\/\/www.wtfsales.com.ar\/productos\/index.php\/producto\/lote-gorra-fabricantes-motherboards-x-5-unidades\/","title":{"rendered":"Lote Gorra Fabricantes Motherboards x 5 unidades"},"content":{"rendered":"<p>2 x &#8211;\u00a057 cm Regulable. Gamuza y Lona.<\/p>\n<p>1 x\u00a0Excelente dise\u00f1o de la marca PC CHIPS. Unica en Argentina.<\/p>\n<p>2 x 57 cm Regulable. \u00a0Lona.<\/p>\n<p><img loading=\"lazy\" class=\"alignnone size-full wp-image-1078\" src=\"http:\/\/new.wtfsales.com.ar\/productos\/wp-content\/uploads\/2016\/08\/DSC_0640-500x500.jpg\" alt=\"DSC_0640-500x500\" width=\"500\" height=\"500\" srcset=\"https:\/\/www.wtfsales.com.ar\/productos\/wp-content\/uploads\/2016\/08\/DSC_0640-500x500.jpg 500w, https:\/\/www.wtfsales.com.ar\/productos\/wp-content\/uploads\/2016\/08\/DSC_0640-500x500-300x300.jpg 300w, https:\/\/www.wtfsales.com.ar\/productos\/wp-content\/uploads\/2016\/08\/DSC_0640-500x500-100x100.jpg 100w, https:\/\/www.wtfsales.com.ar\/productos\/wp-content\/uploads\/2016\/08\/DSC_0640-500x500-150x150.jpg 150w\" sizes=\"(max-width: 500px) 100vw, 500px\" \/> <img loading=\"lazy\" class=\"alignnone size-full wp-image-1077\" src=\"http:\/\/new.wtfsales.com.ar\/productos\/wp-content\/uploads\/2016\/08\/DSC_0638-500x500.jpg\" alt=\"DSC_0638-500x500\" width=\"500\" height=\"500\" srcset=\"https:\/\/www.wtfsales.com.ar\/productos\/wp-content\/uploads\/2016\/08\/DSC_0638-500x500.jpg 500w, https:\/\/www.wtfsales.com.ar\/productos\/wp-content\/uploads\/2016\/08\/DSC_0638-500x500-300x300.jpg 300w, https:\/\/www.wtfsales.com.ar\/productos\/wp-content\/uploads\/2016\/08\/DSC_0638-500x500-100x100.jpg 100w, https:\/\/www.wtfsales.com.ar\/productos\/wp-content\/uploads\/2016\/08\/DSC_0638-500x500-150x150.jpg 150w\" sizes=\"(max-width: 500px) 100vw, 500px\" \/> <img loading=\"lazy\" class=\"alignnone size-full wp-image-1076\" src=\"http:\/\/new.wtfsales.com.ar\/productos\/wp-content\/uploads\/2016\/08\/DSC_0637-500x500.jpg\" alt=\"DSC_0637-500x500\" width=\"500\" height=\"500\" srcset=\"https:\/\/www.wtfsales.com.ar\/productos\/wp-content\/uploads\/2016\/08\/DSC_0637-500x500.jpg 500w, https:\/\/www.wtfsales.com.ar\/productos\/wp-content\/uploads\/2016\/08\/DSC_0637-500x500-300x300.jpg 300w, https:\/\/www.wtfsales.com.ar\/productos\/wp-content\/uploads\/2016\/08\/DSC_0637-500x500-100x100.jpg 100w, https:\/\/www.wtfsales.com.ar\/productos\/wp-content\/uploads\/2016\/08\/DSC_0637-500x500-150x150.jpg 150w\" sizes=\"(max-width: 500px) 100vw, 500px\" \/><\/p>\n<p>Pc Chips\u00a0Al margen de ser una de las fabricas mas grandes del mundo, en Argentina es recordada por sus motherboards fallidos que alli por la decada del 90 &#8211; 00 volvio locos tanto a usuarios como vendedores.<\/p>\n<div>ECS, the Elitegroup Computer Systems , es pionera en el dise\u00f1o y la fabricaci\u00f3n de placas base desde 1987. Fue el primer fabricante de placas taiwan\u00e9s en cotizar en el mercado de valores de Taiw\u00e1n en 1994. En la actualidad, tambi\u00e9n dise\u00f1a y fabrica PC de sobremesa y servidores para distribuidores de todo el mundo.<\/div>\n<div><\/div>\n<div>La compa\u00f1\u00eda tiene su sede en Taiw\u00e1n y cuenta con operadores y distribuidores en m\u00e1s de 60 pa\u00edses. Posee plantas de producci\u00f3n en China con certificaciones ISO 9001:2000 y ISO 14001:2004 que son capaces de producir m\u00e1s de 2,5 millones de placas base y 200.000 PC port\u00e1tiles cada mes. En el presente, cuenta con oficinas en Am\u00e9rica, Europa y la costa del Pac\u00edfico. A fin de ampliar el alcance de sus productos y servicios, ECS tiene previsto abrir nuevas oficinas en mercados emergentes como Brasil, India y Rusia.<\/div>\n<div><\/div>\n<div>Tras 18 a\u00f1os de experiencia en el dise\u00f1o y producci\u00f3n de placas base, el componente b\u00e1sico de muchos de los ordenadores personales de hoy, todo apunta a que ECS se mantendr\u00e1 como una de las piezas clave de la industria tecnol\u00f3gica. Para conseguirlo, trabaja en estrecha colaboraci\u00f3n con los principales dise\u00f1adores de chips del mercado del PC en el dise\u00f1o, el desarrollo y la fabricaci\u00f3n de productos donde se incorporen los \u00faltimos avances tecnol\u00f3gicos. Con el apoyo de sus canales de distribuci\u00f3n y profesionales distribuidos por todo el mundo, ECS est\u00e1 preparada seguir suministrando a sus clientes todo tipo de productos y servicios innovadores en los pr\u00f3ximos a\u00f1os.<\/div>\n<p>&nbsp;<\/p>\n","protected":false},"excerpt":{"rendered":"<p>2 x &#8211;\u00a057 cm Regulable. Gamuza y Lona. 1 x\u00a0Excelente dise\u00f1o de la marca PC CHIPS. Unica en Argentina. 2 x 57 cm Regulable. \u00a0Lona. Pc Chips\u00a0Al margen de ser<\/p>\n","protected":false},"featured_media":1077,"comment_status":"open","ping_status":"closed","template":"","meta":[],"product_cat":[411],"product_tag":[181,163,188,150],"_links":{"self":[{"href":"https:\/\/www.wtfsales.com.ar\/productos\/index.php\/wp-json\/wp\/v2\/product\/1075"}],"collection":[{"href":"https:\/\/www.wtfsales.com.ar\/productos\/index.php\/wp-json\/wp\/v2\/product"}],"about":[{"href":"https:\/\/www.wtfsales.com.ar\/productos\/index.php\/wp-json\/wp\/v2\/types\/product"}],"replies":[{"embeddable":true,"href":"https:\/\/www.wtfsales.com.ar\/productos\/index.php\/wp-json\/wp\/v2\/comments?post=1075"}],"wp:featuredmedia":[{"embeddable":true,"href":"https:\/\/www.wtfsales.com.ar\/productos\/index.php\/wp-json\/wp\/v2\/media\/1077"}],"wp:attachment":[{"href":"https:\/\/www.wtfsales.com.ar\/productos\/index.php\/wp-json\/wp\/v2\/media?parent=1075"}],"wp:term":[{"taxonomy":"product_cat","embeddable":true,"href":"https:\/\/www.wtfsales.com.ar\/productos\/index.php\/wp-json\/wp\/v2\/product_cat?post=1075"},{"taxonomy":"product_tag","embeddable":true,"href":"https:\/\/www.wtfsales.com.ar\/productos\/index.php\/wp-json\/wp\/v2\/product_tag?post=1075"}],"curies":[{"name":"wp","href":"https:\/\/api.w.org\/{rel}","templated":true}]}}