{"id":1069,"date":"2016-08-17T14:14:21","date_gmt":"2016-08-17T14:14:21","guid":{"rendered":"http:\/\/new.wtfsales.com.ar\/productos\/?post_type=product&#038;p=1069"},"modified":"2022-02-21T19:22:35","modified_gmt":"2022-02-21T19:22:35","slug":"coleccion-de-lapices-de-mina-liga-de-baseball-americana","status":"publish","type":"product","link":"https:\/\/www.wtfsales.com.ar\/productos\/index.php\/producto\/coleccion-de-lapices-de-mina-liga-de-baseball-americana\/","title":{"rendered":"Colecci\u00f3n de lapices de mina \u00abLiga de Baseball Americana\u00bb"},"content":{"rendered":"<p>4 Modelos de 15 cm cada uno con su correspondiente goma y mina interna en el tambor.<\/p>\n<div>La Liga Americana (American League) o, m\u00e1s formalmente Liga Americana de Clubes de B\u00e9isbol Profesional (American League of Professional Baseball Clubs) es una de las dos ligas que conforman las Grandes Ligas de B\u00e9isbol. Fue desarrollada a partir de una liga menor la Liga Oeste (Western League), que aspiraba al estatus de Liga Mayor. La Liga Oeste se rellam\u00f3 la Liga Americana el 11 de octubre de 1899, se declar\u00f3 una Liga Mayor el 29 de enero de 1900, y se expandi\u00f3 en 1900-1901 a varias ciudades importantes y cambi\u00f3 su nombre.<\/div>\n<div>La Liga Nacional (de anterior fecha de creaci\u00f3n) se rehusaba a reconocer a la nueva liga y fue s\u00f3lo despu\u00e9s de mucho litigio que un acuerdo fue firmado que produjo la aceptaci\u00f3n de cada liga como socio en iguales condiciones.<\/div>\n","protected":false},"excerpt":{"rendered":"<p>4 Modelos de 15 cm cada uno con su correspondiente goma y mina interna en el tambor. La Liga Americana (American League) o, m\u00e1s formalmente Liga Americana de Clubes de<\/p>\n","protected":false},"featured_media":3600,"comment_status":"open","ping_status":"closed","template":"","meta":[],"product_cat":[410,419],"product_tag":[180,181,163,186,150],"_links":{"self":[{"href":"https:\/\/www.wtfsales.com.ar\/productos\/index.php\/wp-json\/wp\/v2\/product\/1069"}],"collection":[{"href":"https:\/\/www.wtfsales.com.ar\/productos\/index.php\/wp-json\/wp\/v2\/product"}],"about":[{"href":"https:\/\/www.wtfsales.com.ar\/productos\/index.php\/wp-json\/wp\/v2\/types\/product"}],"replies":[{"embeddable":true,"href":"https:\/\/www.wtfsales.com.ar\/productos\/index.php\/wp-json\/wp\/v2\/comments?post=1069"}],"wp:featuredmedia":[{"embeddable":true,"href":"https:\/\/www.wtfsales.com.ar\/productos\/index.php\/wp-json\/wp\/v2\/media\/3600"}],"wp:attachment":[{"href":"https:\/\/www.wtfsales.com.ar\/productos\/index.php\/wp-json\/wp\/v2\/media?parent=1069"}],"wp:term":[{"taxonomy":"product_cat","embeddable":true,"href":"https:\/\/www.wtfsales.com.ar\/productos\/index.php\/wp-json\/wp\/v2\/product_cat?post=1069"},{"taxonomy":"product_tag","embeddable":true,"href":"https:\/\/www.wtfsales.com.ar\/productos\/index.php\/wp-json\/wp\/v2\/product_tag?post=1069"}],"curies":[{"name":"wp","href":"https:\/\/api.w.org\/{rel}","templated":true}]}}